{"id":107,"date":"2022-03-19T16:06:29","date_gmt":"2022-03-19T20:06:29","guid":{"rendered":"https:\/\/excelservices.local.loud\/privacy-policy\/"},"modified":"2022-04-09T03:48:45","modified_gmt":"2022-04-09T07:48:45","slug":"privacy-policy","status":"publish","type":"page","link":"https:\/\/excelservices.biz\/es\/privacy-policy\/","title":{"rendered":"Pol\u00edtica de privacidad"},"content":{"rendered":"<h1>\n\t\t\tPrivacidad\n\t\t\t\t\t\t\t\t\t\t\tPol\u00edtica\n\t\t<\/h1>\n\t<p>A lo largo de esta Pol\u00edtica de Privacidad en L\u00ednea, \"nosotros\", \"nos\" o \"nuestro\" se refiere a los servicios de Excel, y Sitio se refiere a este sitio web.<\/p>\n<p>Nos dedicamos a proteger su privacidad mientras utiliza o accede a este Sitio. Esta pol\u00edtica de privacidad en l\u00ednea se aplica \u00fanicamente al Sitio. Una vez que usted entra en otro sitio web, a trav\u00e9s de un enlace proporcionado en el Sitio o por otros m\u00e9todos, ya no somos responsables de las pr\u00e1cticas de privacidad del sitio enlazado. Deber\u00e1 consultar las declaraciones de privacidad de esos sitios web tal y como se publican en ellos. Nos reservamos el derecho a recopilar estad\u00edsticas de uso y de usuarios del Sitio. Las estad\u00edsticas de uso y de los usuarios se utilizar\u00e1n para rastrear informaci\u00f3n como los intereses de los visitantes, que puede utilizarse para mejorar el sitio en el futuro; sin embargo, dichas estad\u00edsticas de uso y de los usuarios no incluyen informaci\u00f3n personal identificable. Por lo general, no se rastrea ni se recopila informaci\u00f3n de identificaci\u00f3n personal en las partes de acceso general del Sitio, a menos que usted nos proporcione voluntariamente dicha informaci\u00f3n a trav\u00e9s de formularios web o encuestas en el Sitio. Sin embargo, si usted accede a ciertas partes del Sitio utilizando una cuenta particular autorizada por nosotros y\/o un nombre de usuario y una contrase\u00f1a, cierta informaci\u00f3n, incluyendo su nombre de usuario y su contrase\u00f1a, ser\u00e1 recopilada e identificada con la informaci\u00f3n que tenemos archivada para ese nombre de usuario, y la informaci\u00f3n y los materiales a los que usted accede y las acciones que realiza mientras est\u00e1 conectado con ese nombre de usuario, ser\u00e1n rastreados por nosotros.<\/p>\n<p>No vendemos ni distribuimos los nombres u otra informaci\u00f3n de identificaci\u00f3n personal a terceros para marketing directo, ventas o cualquier otro prop\u00f3sito. Salvo lo indicado en este documento, toda la informaci\u00f3n personal identificable que recibimos se utiliza exclusivamente para fines internos y no se comparte con ninguna organizaci\u00f3n no afiliada, a menos que lo exija la ley, a petici\u00f3n del gobierno o en respuesta a una orden judicial.<\/p>\n<p>El Sitio no est\u00e1 dise\u00f1ado ni pretende atraer a ni\u00f1os menores de 13 a\u00f1os. No recopilamos ninguna informaci\u00f3n de identificaci\u00f3n personal, independientemente de que dicha informaci\u00f3n se proporcione voluntariamente, de ninguna persona que sepamos que es menor de 13 a\u00f1os. Si un padre o tutor accede al Sitio en nombre de una persona menor de 13 a\u00f1os, dicho padre o tutor es responsable de proteger la informaci\u00f3n de identificaci\u00f3n personal de ese ni\u00f1o.<\/p>\n<p>Para preguntas, comentarios o asistencia, por favor <a href=\"https:\/\/excelservices.biz\/es\/contact-us\/\">contacto con nosotros<\/a>.<\/p>","protected":false},"excerpt":{"rendered":"<p>Pol\u00edtica de privacidad A lo largo de esta pol\u00edtica de privacidad en l\u00ednea, \"nosotros\", \"nos\" o \"nuestro\" se refiere a los servicios de Excel, y Sitio se refiere a este sitio web. Nos dedicamos a proteger su privacidad mientras utiliza o accede a este Sitio. Esta pol\u00edtica de privacidad en l\u00ednea se aplica \u00fanicamente al Sitio. Una vez que entre en otro sitio web, a trav\u00e9s de un enlace proporcionado...<\/p>","protected":false},"author":7,"featured_media":0,"parent":0,"menu_order":2,"comment_status":"closed","ping_status":"closed","template":"","meta":{"_acf_changed":false,"_monsterinsights_skip_tracking":false,"_monsterinsights_sitenote_active":false,"_monsterinsights_sitenote_note":"","_monsterinsights_sitenote_category":0,"footnotes":""},"class_list":["post-107","page","type-page","status-publish","hentry"],"acf":[],"yoast_head":"<!-- This site is optimized with the Yoast SEO plugin v27.4 - https:\/\/yoast.com\/product\/yoast-seo-wordpress\/ -->\n<title>Privacy Policy - Excel Services<\/title>\n<meta name=\"robots\" content=\"index, follow, max-snippet:-1, max-image-preview:large, max-video-preview:-1\" \/>\n<link rel=\"canonical\" href=\"https:\/\/excelservices.biz\/es\/privacy-policy\/\" \/>\n<meta property=\"og:locale\" content=\"es_MX\" \/>\n<meta property=\"og:type\" content=\"article\" \/>\n<meta property=\"og:title\" content=\"Privacy Policy - Excel Services\" \/>\n<meta property=\"og:description\" content=\"Privacy Policy Throughout this Online Privacy Policy, &#8220;we&#8221;, &#8220;us&#8221;, or &#8220;our&#8221; refers to Excel services, and Site refers to this website. We are dedicated to protecting your privacy while you are using or accessing this Site. This Online Privacy Policy applies solely to the Site. Once you enter another web site, via a link provided&hellip;\" \/>\n<meta property=\"og:url\" content=\"https:\/\/excelservices.biz\/es\/privacy-policy\/\" \/>\n<meta property=\"og:site_name\" content=\"Excel Services\" \/>\n<meta property=\"article:publisher\" content=\"https:\/\/www.facebook.com\/excelservices.biz\/\" \/>\n<meta property=\"article:modified_time\" content=\"2022-04-09T07:48:45+00:00\" \/>\n<meta property=\"og:image\" content=\"https:\/\/excelservices.biz\/wp-content\/uploads\/2022\/05\/social-share.jpg\" \/>\n\t<meta property=\"og:image:width\" content=\"1440\" \/>\n\t<meta property=\"og:image:height\" content=\"800\" \/>\n\t<meta property=\"og:image:type\" content=\"image\/jpeg\" \/>\n<meta name=\"twitter:card\" content=\"summary_large_image\" \/>\n<meta name=\"twitter:label1\" content=\"Tiempo de lectura\" \/>\n\t<meta name=\"twitter:data1\" content=\"2 minutos\" \/>\n<script type=\"application\/ld+json\" class=\"yoast-schema-graph\">{\"@context\":\"https:\\\/\\\/schema.org\",\"@graph\":[{\"@type\":\"WebPage\",\"@id\":\"https:\\\/\\\/excelservices.biz\\\/privacy-policy\\\/\",\"url\":\"https:\\\/\\\/excelservices.biz\\\/privacy-policy\\\/\",\"name\":\"Privacy Policy - Excel Services\",\"isPartOf\":{\"@id\":\"https:\\\/\\\/excelservices.biz\\\/#website\"},\"datePublished\":\"2022-03-19T20:06:29+00:00\",\"dateModified\":\"2022-04-09T07:48:45+00:00\",\"breadcrumb\":{\"@id\":\"https:\\\/\\\/excelservices.biz\\\/privacy-policy\\\/#breadcrumb\"},\"inLanguage\":\"es\",\"potentialAction\":[{\"@type\":\"ReadAction\",\"target\":[\"https:\\\/\\\/excelservices.biz\\\/privacy-policy\\\/\"]}]},{\"@type\":\"BreadcrumbList\",\"@id\":\"https:\\\/\\\/excelservices.biz\\\/privacy-policy\\\/#breadcrumb\",\"itemListElement\":[{\"@type\":\"ListItem\",\"position\":1,\"name\":\"Home\",\"item\":\"https:\\\/\\\/excelservices.biz\\\/\"},{\"@type\":\"ListItem\",\"position\":2,\"name\":\"Privacy Policy\"}]},{\"@type\":\"WebSite\",\"@id\":\"https:\\\/\\\/excelservices.biz\\\/#website\",\"url\":\"https:\\\/\\\/excelservices.biz\\\/\",\"name\":\"Excel Services\",\"description\":\"\",\"publisher\":{\"@id\":\"https:\\\/\\\/excelservices.biz\\\/#organization\"},\"potentialAction\":[{\"@type\":\"SearchAction\",\"target\":{\"@type\":\"EntryPoint\",\"urlTemplate\":\"https:\\\/\\\/excelservices.biz\\\/?s={search_term_string}\"},\"query-input\":{\"@type\":\"PropertyValueSpecification\",\"valueRequired\":true,\"valueName\":\"search_term_string\"}}],\"inLanguage\":\"es\"},{\"@type\":\"Organization\",\"@id\":\"https:\\\/\\\/excelservices.biz\\\/#organization\",\"name\":\"Excel Services\",\"url\":\"https:\\\/\\\/excelservices.biz\\\/\",\"logo\":{\"@type\":\"ImageObject\",\"inLanguage\":\"es\",\"@id\":\"https:\\\/\\\/excelservices.biz\\\/#\\\/schema\\\/logo\\\/image\\\/\",\"url\":\"https:\\\/\\\/excelservices.biz\\\/wp-content\\\/uploads\\\/2022\\\/05\\\/cover.png\",\"contentUrl\":\"https:\\\/\\\/excelservices.biz\\\/wp-content\\\/uploads\\\/2022\\\/05\\\/cover.png\",\"width\":1920,\"height\":1080,\"caption\":\"Excel Services\"},\"image\":{\"@id\":\"https:\\\/\\\/excelservices.biz\\\/#\\\/schema\\\/logo\\\/image\\\/\"},\"sameAs\":[\"https:\\\/\\\/www.facebook.com\\\/excelservices.biz\\\/\",\"https:\\\/\\\/www.linkedin.com\\\/company\\\/excel-services-inc-\\\/\"]}]}<\/script>\n<!-- \/ Yoast SEO plugin. -->","yoast_head_json":{"title":"Privacy Policy - Excel Services","robots":{"index":"index","follow":"follow","max-snippet":"max-snippet:-1","max-image-preview":"max-image-preview:large","max-video-preview":"max-video-preview:-1"},"canonical":"https:\/\/excelservices.biz\/es\/privacy-policy\/","og_locale":"es_MX","og_type":"article","og_title":"Privacy Policy - Excel Services","og_description":"Privacy Policy Throughout this Online Privacy Policy, &#8220;we&#8221;, &#8220;us&#8221;, or &#8220;our&#8221; refers to Excel services, and Site refers to this website. We are dedicated to protecting your privacy while you are using or accessing this Site. This Online Privacy Policy applies solely to the Site. Once you enter another web site, via a link provided&hellip;","og_url":"https:\/\/excelservices.biz\/es\/privacy-policy\/","og_site_name":"Excel Services","article_publisher":"https:\/\/www.facebook.com\/excelservices.biz\/","article_modified_time":"2022-04-09T07:48:45+00:00","og_image":[{"width":1440,"height":800,"url":"https:\/\/excelservices.biz\/wp-content\/uploads\/2022\/05\/social-share.jpg","type":"image\/jpeg"}],"twitter_card":"summary_large_image","twitter_misc":{"Tiempo de lectura":"2 minutos"},"schema":{"@context":"https:\/\/schema.org","@graph":[{"@type":"WebPage","@id":"https:\/\/excelservices.biz\/privacy-policy\/","url":"https:\/\/excelservices.biz\/privacy-policy\/","name":"Privacy Policy - Excel Services","isPartOf":{"@id":"https:\/\/excelservices.biz\/#website"},"datePublished":"2022-03-19T20:06:29+00:00","dateModified":"2022-04-09T07:48:45+00:00","breadcrumb":{"@id":"https:\/\/excelservices.biz\/privacy-policy\/#breadcrumb"},"inLanguage":"es","potentialAction":[{"@type":"ReadAction","target":["https:\/\/excelservices.biz\/privacy-policy\/"]}]},{"@type":"BreadcrumbList","@id":"https:\/\/excelservices.biz\/privacy-policy\/#breadcrumb","itemListElement":[{"@type":"ListItem","position":1,"name":"Home","item":"https:\/\/excelservices.biz\/"},{"@type":"ListItem","position":2,"name":"Privacy Policy"}]},{"@type":"WebSite","@id":"https:\/\/excelservices.biz\/#website","url":"https:\/\/excelservices.biz\/","name":"Servicios de Excel","description":"","publisher":{"@id":"https:\/\/excelservices.biz\/#organization"},"potentialAction":[{"@type":"SearchAction","target":{"@type":"EntryPoint","urlTemplate":"https:\/\/excelservices.biz\/?s={search_term_string}"},"query-input":{"@type":"PropertyValueSpecification","valueRequired":true,"valueName":"search_term_string"}}],"inLanguage":"es"},{"@type":"Organization","@id":"https:\/\/excelservices.biz\/#organization","name":"Servicios de Excel","url":"https:\/\/excelservices.biz\/","logo":{"@type":"ImageObject","inLanguage":"es","@id":"https:\/\/excelservices.biz\/#\/schema\/logo\/image\/","url":"https:\/\/excelservices.biz\/wp-content\/uploads\/2022\/05\/cover.png","contentUrl":"https:\/\/excelservices.biz\/wp-content\/uploads\/2022\/05\/cover.png","width":1920,"height":1080,"caption":"Excel Services"},"image":{"@id":"https:\/\/excelservices.biz\/#\/schema\/logo\/image\/"},"sameAs":["https:\/\/www.facebook.com\/excelservices.biz\/","https:\/\/www.linkedin.com\/company\/excel-services-inc-\/"]}]}},"_links":{"self":[{"href":"https:\/\/excelservices.biz\/es\/wp-json\/wp\/v2\/pages\/107","targetHints":{"allow":["GET"]}}],"collection":[{"href":"https:\/\/excelservices.biz\/es\/wp-json\/wp\/v2\/pages"}],"about":[{"href":"https:\/\/excelservices.biz\/es\/wp-json\/wp\/v2\/types\/page"}],"author":[{"embeddable":true,"href":"https:\/\/excelservices.biz\/es\/wp-json\/wp\/v2\/users\/7"}],"replies":[{"embeddable":true,"href":"https:\/\/excelservices.biz\/es\/wp-json\/wp\/v2\/comments?post=107"}],"version-history":[{"count":2,"href":"https:\/\/excelservices.biz\/es\/wp-json\/wp\/v2\/pages\/107\/revisions"}],"predecessor-version":[{"id":423,"href":"https:\/\/excelservices.biz\/es\/wp-json\/wp\/v2\/pages\/107\/revisions\/423"}],"wp:attachment":[{"href":"https:\/\/excelservices.biz\/es\/wp-json\/wp\/v2\/media?parent=107"}],"curies":[{"name":"wp","href":"https:\/\/api.w.org\/{rel}","templated":true}]}}