{"id":124,"date":"2022-03-19T18:12:55","date_gmt":"2022-03-19T22:12:55","guid":{"rendered":"https:\/\/excelservices.local.loud\/about-us\/"},"modified":"2024-12-09T15:11:52","modified_gmt":"2024-12-09T20:11:52","slug":"about-us","status":"publish","type":"page","link":"https:\/\/excelservices.biz\/es\/about-us\/","title":{"rendered":"Sobre nosotros"},"content":{"rendered":"<p>Excel Services es una empresa de servicios completos de dise\u00f1o\/construcci\u00f3n, contrataci\u00f3n y mantenimiento el\u00e9ctrico, mec\u00e1nico, de fontaner\u00eda y tecnol\u00f3gico con sede en Louisville, Kentucky.<\/p>\n\t<p>Founded in 2006 as a merit electrical shop, Excel has grown to become Kentuckiana&#8217;s leading MEP contractor and a leader in commercial construction. With a robust team we continue to uphold our reputation for excellence. Recognized by Inc. Magazine as one of America&#8217;s Fastest Growing Businesses on multiple occasions, we continue to set industry standards and deliver exceptional service.<\/p>\n<h3>\n\t\tExcel's\n\t<\/h3>\n<h2>\n\t\tMisi\u00f3n\n\t<\/h2>\n\t<p>Ayudamos a las personas a sobresalir<\/p>\n<h3>\n\t\tExcel's\n\t<\/h3>\n<h2>\n\t\tVALORES PRINCIPALES\n\t<\/h2>\n\t<p>Para cumplir nuestra misi\u00f3n, nos esforzamos en incorporar seis valores fundamentales en todo lo que hacemos.<\/p>\n\t\t<h4>Trabajo en equipo<\/h4>\n\t<p>Colaboramos para alcanzar el \u00e9xito compartido<\/p>\n\t\t<h4>Integridad<\/h4>\n\t<p>Mantenemos la honestidad y el respeto de manera constante<\/p>\n\t\t<h4>Innovaci\u00f3n<\/h4>\n\t<p>Nos adaptamos para satisfacer las demandas en evoluci\u00f3n<\/p>\n\t\t<h4>Calidad<\/h4>\n\t<p>Ofrecemos trabajo superior y duradero<\/p>\n\t\t<h4>Responsabi-lidad<\/h4>\n\t<p>Nos responsabilizamos de nuestras acciones y resultados<\/p>\n\t\t<h4>Lealtad<\/h4>\n\t<p>Estamos comprometidos con nuestra misi\u00f3n, empleados y comunidad<\/p>\n<h3>\n\t\tNuestras acreditaciones\n\t<\/h3>\n\t<p>Con licencia en Kentucky y el sur de Indiana<\/p>\n\t\t\t\t\t\t<img decoding=\"async\" src=\"https:\/\/excelservices.biz\/wp-content\/uploads\/2022\/03\/logo-iec.png\" alt=\"IEC\" data-no-lazy=\"1\" \/>\t\t\t\t\t\n                            <p>IEC<\/p>\n\t\t\t\t\t\t<img decoding=\"async\" src=\"https:\/\/excelservices.biz\/wp-content\/uploads\/2022\/03\/logo-builders-exchange.png\" alt=\"Builders Exchange\" data-no-lazy=\"1\" \/>\t\t\t\t\t\n                            <p>Bolsa de constructores<\/p>\n\t\t\t\t\t\t<img decoding=\"async\" src=\"https:\/\/excelservices.biz\/wp-content\/uploads\/2022\/03\/logo-echl.png\" alt=\"ECHL\" data-no-lazy=\"1\" \/>\t\t\t\t\t\n                            <p>ECHL<\/p>\n\t\t\t\t\t\t<img decoding=\"async\" src=\"https:\/\/excelservices.biz\/wp-content\/uploads\/2022\/03\/logo-abc.png\" alt=\"ABC\" data-no-lazy=\"1\" \/>\t\t\t\t\t\n                            <p>ABC<\/p>\n\t\t\t\t\t\t<img decoding=\"async\" src=\"https:\/\/excelservices.biz\/wp-content\/uploads\/2022\/03\/logo-bbb.png\" alt=\"BBB\" data-no-lazy=\"1\" \/>\t\t\t\t\t\n                            <p>BBB<\/p>\n\t\t\t\t\t\t<img decoding=\"async\" src=\"https:\/\/excelservices.biz\/wp-content\/uploads\/2022\/03\/logo-gli.png\" alt=\"GLI\" data-no-lazy=\"1\" \/>\t\t\t\t\t\n                            <p>GLI<\/p>\n<h3>\n\t\thablemos de su\n\t<\/h3>\n<h2>\n\t\tProyecto\n\t<\/h2>\n\t<p>No importa cu\u00e1l sea su proyecto, o en qu\u00e9 punto del proceso se encuentre, el equipo de Excel est\u00e1 aqu\u00ed para ayudarle a hacerlo bien.<\/p>\n\t\t\t<a href=\"https:\/\/excelservices.biz\/es\/contact-us\/\" target=\"_self\">\n\t\t\t\t\t\t\tContacto\n\t\t\t\t\t<\/a>","protected":false},"excerpt":{"rendered":"<p>Excel Services is a full-service Electrical, Mechanical, Plumbing, and Technology Design\/Build, Contracting and Maintenance firm based in Louisville, Kentucky. Founded in 2006 as a merit electrical shop, Excel has grown to become Kentuckiana&#8217;s leading MEP contractor and a leader in commercial construction. With a robust team we continue to uphold our reputation for excellence. Recognized&hellip;<\/p>","protected":false},"author":7,"featured_media":0,"parent":0,"menu_order":5,"comment_status":"closed","ping_status":"closed","template":"","meta":{"_acf_changed":false,"_monsterinsights_skip_tracking":false,"_monsterinsights_sitenote_active":false,"_monsterinsights_sitenote_note":"","_monsterinsights_sitenote_category":0,"footnotes":""},"class_list":["post-124","page","type-page","status-publish","hentry"],"acf":[],"yoast_head":"<!-- This site is optimized with the Yoast SEO plugin v27.4 - https:\/\/yoast.com\/product\/yoast-seo-wordpress\/ -->\n<title>About Us - Excel Services<\/title>\n<meta name=\"robots\" content=\"index, follow, max-snippet:-1, max-image-preview:large, max-video-preview:-1\" \/>\n<link rel=\"canonical\" href=\"https:\/\/excelservices.biz\/es\/about-us\/\" \/>\n<meta property=\"og:locale\" content=\"es_MX\" \/>\n<meta property=\"og:type\" content=\"article\" \/>\n<meta property=\"og:title\" content=\"About Us - Excel Services\" \/>\n<meta property=\"og:description\" content=\"Excel Services is a full-service Electrical, Mechanical, Plumbing, and Technology Design\/Build, Contracting and Maintenance firm based in Louisville, Kentucky. Founded in 2006 as a merit electrical shop, Excel has grown to become Kentuckiana&#8217;s leading MEP contractor and a leader in commercial construction. With a robust team we continue to uphold our reputation for excellence. Recognized&hellip;\" \/>\n<meta property=\"og:url\" content=\"https:\/\/excelservices.biz\/es\/about-us\/\" \/>\n<meta property=\"og:site_name\" content=\"Excel Services\" \/>\n<meta property=\"article:publisher\" content=\"https:\/\/www.facebook.com\/excelservices.biz\/\" \/>\n<meta property=\"article:modified_time\" content=\"2024-12-09T20:11:52+00:00\" \/>\n<meta property=\"og:image\" content=\"https:\/\/excelservices.biz\/wp-content\/uploads\/2022\/03\/logo-iec.png\" \/>\n<meta name=\"twitter:card\" content=\"summary_large_image\" \/>\n<meta name=\"twitter:label1\" content=\"Tiempo de lectura\" \/>\n\t<meta name=\"twitter:data1\" content=\"3 minutos\" \/>\n<script type=\"application\/ld+json\" class=\"yoast-schema-graph\">{\"@context\":\"https:\\\/\\\/schema.org\",\"@graph\":[{\"@type\":\"WebPage\",\"@id\":\"https:\\\/\\\/excelservices.biz\\\/about-us\\\/\",\"url\":\"https:\\\/\\\/excelservices.biz\\\/about-us\\\/\",\"name\":\"About Us - Excel Services\",\"isPartOf\":{\"@id\":\"https:\\\/\\\/excelservices.biz\\\/#website\"},\"primaryImageOfPage\":{\"@id\":\"https:\\\/\\\/excelservices.biz\\\/about-us\\\/#primaryimage\"},\"image\":{\"@id\":\"https:\\\/\\\/excelservices.biz\\\/about-us\\\/#primaryimage\"},\"thumbnailUrl\":\"https:\\\/\\\/excelservices.biz\\\/wp-content\\\/uploads\\\/2022\\\/03\\\/logo-iec.png\",\"datePublished\":\"2022-03-19T22:12:55+00:00\",\"dateModified\":\"2024-12-09T20:11:52+00:00\",\"breadcrumb\":{\"@id\":\"https:\\\/\\\/excelservices.biz\\\/about-us\\\/#breadcrumb\"},\"inLanguage\":\"es\",\"potentialAction\":[{\"@type\":\"ReadAction\",\"target\":[\"https:\\\/\\\/excelservices.biz\\\/about-us\\\/\"]}]},{\"@type\":\"ImageObject\",\"inLanguage\":\"es\",\"@id\":\"https:\\\/\\\/excelservices.biz\\\/about-us\\\/#primaryimage\",\"url\":\"https:\\\/\\\/excelservices.biz\\\/wp-content\\\/uploads\\\/2022\\\/03\\\/logo-iec.png\",\"contentUrl\":\"https:\\\/\\\/excelservices.biz\\\/wp-content\\\/uploads\\\/2022\\\/03\\\/logo-iec.png\"},{\"@type\":\"BreadcrumbList\",\"@id\":\"https:\\\/\\\/excelservices.biz\\\/about-us\\\/#breadcrumb\",\"itemListElement\":[{\"@type\":\"ListItem\",\"position\":1,\"name\":\"Home\",\"item\":\"https:\\\/\\\/excelservices.biz\\\/\"},{\"@type\":\"ListItem\",\"position\":2,\"name\":\"About Us\"}]},{\"@type\":\"WebSite\",\"@id\":\"https:\\\/\\\/excelservices.biz\\\/#website\",\"url\":\"https:\\\/\\\/excelservices.biz\\\/\",\"name\":\"Excel Services\",\"description\":\"\",\"publisher\":{\"@id\":\"https:\\\/\\\/excelservices.biz\\\/#organization\"},\"potentialAction\":[{\"@type\":\"SearchAction\",\"target\":{\"@type\":\"EntryPoint\",\"urlTemplate\":\"https:\\\/\\\/excelservices.biz\\\/?s={search_term_string}\"},\"query-input\":{\"@type\":\"PropertyValueSpecification\",\"valueRequired\":true,\"valueName\":\"search_term_string\"}}],\"inLanguage\":\"es\"},{\"@type\":\"Organization\",\"@id\":\"https:\\\/\\\/excelservices.biz\\\/#organization\",\"name\":\"Excel Services\",\"url\":\"https:\\\/\\\/excelservices.biz\\\/\",\"logo\":{\"@type\":\"ImageObject\",\"inLanguage\":\"es\",\"@id\":\"https:\\\/\\\/excelservices.biz\\\/#\\\/schema\\\/logo\\\/image\\\/\",\"url\":\"https:\\\/\\\/excelservices.biz\\\/wp-content\\\/uploads\\\/2022\\\/05\\\/cover.png\",\"contentUrl\":\"https:\\\/\\\/excelservices.biz\\\/wp-content\\\/uploads\\\/2022\\\/05\\\/cover.png\",\"width\":1920,\"height\":1080,\"caption\":\"Excel Services\"},\"image\":{\"@id\":\"https:\\\/\\\/excelservices.biz\\\/#\\\/schema\\\/logo\\\/image\\\/\"},\"sameAs\":[\"https:\\\/\\\/www.facebook.com\\\/excelservices.biz\\\/\",\"https:\\\/\\\/www.linkedin.com\\\/company\\\/excel-services-inc-\\\/\"]}]}<\/script>\n<!-- \/ Yoast SEO plugin. -->","yoast_head_json":{"title":"About Us - Excel Services","robots":{"index":"index","follow":"follow","max-snippet":"max-snippet:-1","max-image-preview":"max-image-preview:large","max-video-preview":"max-video-preview:-1"},"canonical":"https:\/\/excelservices.biz\/es\/about-us\/","og_locale":"es_MX","og_type":"article","og_title":"About Us - Excel Services","og_description":"Excel Services is a full-service Electrical, Mechanical, Plumbing, and Technology Design\/Build, Contracting and Maintenance firm based in Louisville, Kentucky. Founded in 2006 as a merit electrical shop, Excel has grown to become Kentuckiana&#8217;s leading MEP contractor and a leader in commercial construction. With a robust team we continue to uphold our reputation for excellence. Recognized&hellip;","og_url":"https:\/\/excelservices.biz\/es\/about-us\/","og_site_name":"Excel Services","article_publisher":"https:\/\/www.facebook.com\/excelservices.biz\/","article_modified_time":"2024-12-09T20:11:52+00:00","og_image":[{"url":"https:\/\/excelservices.biz\/wp-content\/uploads\/2022\/03\/logo-iec.png","type":"","width":"","height":""}],"twitter_card":"summary_large_image","twitter_misc":{"Tiempo de lectura":"3 minutos"},"schema":{"@context":"https:\/\/schema.org","@graph":[{"@type":"WebPage","@id":"https:\/\/excelservices.biz\/about-us\/","url":"https:\/\/excelservices.biz\/about-us\/","name":"About Us - Excel Services","isPartOf":{"@id":"https:\/\/excelservices.biz\/#website"},"primaryImageOfPage":{"@id":"https:\/\/excelservices.biz\/about-us\/#primaryimage"},"image":{"@id":"https:\/\/excelservices.biz\/about-us\/#primaryimage"},"thumbnailUrl":"https:\/\/excelservices.biz\/wp-content\/uploads\/2022\/03\/logo-iec.png","datePublished":"2022-03-19T22:12:55+00:00","dateModified":"2024-12-09T20:11:52+00:00","breadcrumb":{"@id":"https:\/\/excelservices.biz\/about-us\/#breadcrumb"},"inLanguage":"es","potentialAction":[{"@type":"ReadAction","target":["https:\/\/excelservices.biz\/about-us\/"]}]},{"@type":"ImageObject","inLanguage":"es","@id":"https:\/\/excelservices.biz\/about-us\/#primaryimage","url":"https:\/\/excelservices.biz\/wp-content\/uploads\/2022\/03\/logo-iec.png","contentUrl":"https:\/\/excelservices.biz\/wp-content\/uploads\/2022\/03\/logo-iec.png"},{"@type":"BreadcrumbList","@id":"https:\/\/excelservices.biz\/about-us\/#breadcrumb","itemListElement":[{"@type":"ListItem","position":1,"name":"Home","item":"https:\/\/excelservices.biz\/"},{"@type":"ListItem","position":2,"name":"About Us"}]},{"@type":"WebSite","@id":"https:\/\/excelservices.biz\/#website","url":"https:\/\/excelservices.biz\/","name":"Servicios de Excel","description":"","publisher":{"@id":"https:\/\/excelservices.biz\/#organization"},"potentialAction":[{"@type":"SearchAction","target":{"@type":"EntryPoint","urlTemplate":"https:\/\/excelservices.biz\/?s={search_term_string}"},"query-input":{"@type":"PropertyValueSpecification","valueRequired":true,"valueName":"search_term_string"}}],"inLanguage":"es"},{"@type":"Organization","@id":"https:\/\/excelservices.biz\/#organization","name":"Servicios de Excel","url":"https:\/\/excelservices.biz\/","logo":{"@type":"ImageObject","inLanguage":"es","@id":"https:\/\/excelservices.biz\/#\/schema\/logo\/image\/","url":"https:\/\/excelservices.biz\/wp-content\/uploads\/2022\/05\/cover.png","contentUrl":"https:\/\/excelservices.biz\/wp-content\/uploads\/2022\/05\/cover.png","width":1920,"height":1080,"caption":"Excel Services"},"image":{"@id":"https:\/\/excelservices.biz\/#\/schema\/logo\/image\/"},"sameAs":["https:\/\/www.facebook.com\/excelservices.biz\/","https:\/\/www.linkedin.com\/company\/excel-services-inc-\/"]}]}},"_links":{"self":[{"href":"https:\/\/excelservices.biz\/es\/wp-json\/wp\/v2\/pages\/124","targetHints":{"allow":["GET"]}}],"collection":[{"href":"https:\/\/excelservices.biz\/es\/wp-json\/wp\/v2\/pages"}],"about":[{"href":"https:\/\/excelservices.biz\/es\/wp-json\/wp\/v2\/types\/page"}],"author":[{"embeddable":true,"href":"https:\/\/excelservices.biz\/es\/wp-json\/wp\/v2\/users\/7"}],"replies":[{"embeddable":true,"href":"https:\/\/excelservices.biz\/es\/wp-json\/wp\/v2\/comments?post=124"}],"version-history":[{"count":22,"href":"https:\/\/excelservices.biz\/es\/wp-json\/wp\/v2\/pages\/124\/revisions"}],"predecessor-version":[{"id":1282,"href":"https:\/\/excelservices.biz\/es\/wp-json\/wp\/v2\/pages\/124\/revisions\/1282"}],"wp:attachment":[{"href":"https:\/\/excelservices.biz\/es\/wp-json\/wp\/v2\/media?parent=124"}],"curies":[{"name":"wp","href":"https:\/\/api.w.org\/{rel}","templated":true}]}}