{"id":125,"date":"2022-03-19T18:12:55","date_gmt":"2022-03-19T22:12:55","guid":{"rendered":"https:\/\/excelservices.local.loud\/capabilities\/"},"modified":"2024-08-29T14:11:26","modified_gmt":"2024-08-29T18:11:26","slug":"capabilities","status":"publish","type":"page","link":"https:\/\/excelservices.biz\/es\/capabilities\/","title":{"rendered":"Capacidades"},"content":{"rendered":"<h1>\n\t\t\tServicios de Excel\n\t\t\t\t\t\t\t\t\t\t\tCapacidades\n\t\t<\/h1>\n<h3>\n\t\tEdificios que ayudan a las personas\n\t<\/h3>\n<h2>\n\t\ta desempe\u00f1arse mejor\n\t<\/h2>\n\t<p>Servicios profesionales completamente acreditados y conformes a los c\u00f3digos, con experiencia demostrada en:<\/p>\n\t\t\t <h5><a href=\"https:\/\/excelservices.biz\/es\/capabilities\/mechanical-construction\/\">Construcci\u00f3n mec\u00e1nica<\/a><\/h5><ul><li>Calefacci\u00f3n y aire acondicionado (sistemas empacados y divididos)<\/li><li>Ventilaci\u00f3n<\/li><li>Automatizaci\u00f3n de edificios<\/li><li>Montaje de tuber\u00edas<\/li><li>Soldadura<\/li><\/ul>\t\t\n\t\t\t <h5>Mantenimiento industrial<\/h5><ul><li><a href=\"https:\/\/excelservices.biz\/es\/electrical-service\/\">Servicio el\u00e9ctrico<\/a><\/li><li><a href=\"https:\/\/excelservices.biz\/es\/mechanical-service\/\">Servicio mec\u00e1nico<\/a><\/li><li><a href=\"https:\/\/excelservices.biz\/es\/plumbing-service\/\">Servicio de fontaner\u00eda<\/a><\/li><li><a href=\"https:\/\/excelservices.biz\/es\/technology-service\/\">Servicio de Tecnolog\u00eda<\/a><\/li><li><a href=\"https:\/\/excelservices.biz\/es\/dock-and-door\/\">Muelle y puerta<\/a><\/li><\/ul>\t\t\n\t\t\t <h5><a href=\"https:\/\/excelservices.biz\/es\/capabilities\/electrical-construction\/\">Construcci\u00f3n el\u00e9ctrica<\/a><\/h5><ul><li>Iluminaci\u00f3n interior\/exterior<\/li><li>Controles de iluminaci\u00f3n<\/li><li>Controles el\u00e9ctricos<\/li><li>Distribuci\u00f3n y gesti\u00f3n de la energ\u00eda<\/li><li>Gesti\u00f3n de la energ\u00eda<\/li><li>Acreditaci\u00f3n LEED<\/li><\/ul>\t\t\n\t\t\t <h5><a href=\"https:\/\/excelservices.biz\/es\/capabilities\/technology\/\">Dise\u00f1o, adaptaci\u00f3n e instalaci\u00f3n de tecnolog\u00eda<\/a><\/h5><ul><li>Sistemas de alarma contra incendios<\/li><li>Infraestructura del sistema de voz\/datos<\/li><li>Sistemas de alimentaci\u00f3n ininterrumpida<\/li><li>Sistemas de energ\u00eda de reserva<\/li><li>Sistemas de control de acceso y alarma antirrobo<\/li><li>Sistemas de circuito cerrado de c\u00e1maras (CCTV)<\/li><\/ul>\t\t\n\t\t\t <h5><a href=\"https:\/\/excelservices.biz\/es\/capabilities\/design-build\/\">Dise\u00f1o y construcci\u00f3n<\/a><\/h5>\t\t\n\t\t\t <h5><a href=\"https:\/\/excelservices.biz\/es\/capabilities\/plumbing\/\">Dise\u00f1o y construcci\u00f3n de fontaner\u00eda<\/a><\/h5>\n<ul>\n<li>Tuber\u00edas de acero inoxidable<\/li>\n<li>Sistemas de agua dom\u00e9stica<\/li>\n<li>Agua reciclada<\/li>\n<li>Tuber\u00edas sanitarias<\/li>\n<\/ul>\n\t<h3>\n\t\thablemos de su\n\t<\/h3>\n<h2>\n\t\tProyecto\n\t<\/h2>\n\t<p>No importa cu\u00e1l sea su proyecto, o en qu\u00e9 punto del proceso se encuentre, el equipo de Excel est\u00e1 aqu\u00ed para ayudarle a hacerlo bien.<\/p>\n\t\t\t<a href=\"https:\/\/excelservices.biz\/es\/contact-us\/\" target=\"_self\" role=\"button\" rel=\"noopener\">\n\t\t\t\t\t\t\tContacto\n\t\t\t\t\t<\/a>","protected":false},"excerpt":{"rendered":"<p>Servicios de Excel Capacidades Edificios que ayudan a las personas a rendir m\u00e1s. Servicios profesionales totalmente acreditados y que cumplen con los c\u00f3digos, con experiencia probada en: Construcci\u00f3n mec\u00e1nica Calefacci\u00f3n y aire acondicionado (sistemas empaquetados y divididos) Ventilaci\u00f3n Automatizaci\u00f3n de edificios Instalaci\u00f3n de tuber\u00edas Soldadura Mantenimiento industrial Servicio el\u00e9ctrico Servicio mec\u00e1nico Servicio de fontaner\u00eda Servicio tecnol\u00f3gico Construcci\u00f3n el\u00e9ctrica de muelles y puertas Iluminaci\u00f3n interior\/exterior Controles de iluminaci\u00f3n Controles el\u00e9ctricos...<\/p>","protected":false},"author":7,"featured_media":0,"parent":0,"menu_order":6,"comment_status":"closed","ping_status":"closed","template":"","meta":{"_acf_changed":false,"_monsterinsights_skip_tracking":false,"_monsterinsights_sitenote_active":false,"_monsterinsights_sitenote_note":"","_monsterinsights_sitenote_category":0,"footnotes":""},"class_list":["post-125","page","type-page","status-publish","hentry"],"acf":[],"yoast_head":"<!-- This site is optimized with the Yoast SEO plugin v27.4 - https:\/\/yoast.com\/product\/yoast-seo-wordpress\/ -->\n<title>Capabilities - Excel Services<\/title>\n<meta name=\"robots\" content=\"index, follow, max-snippet:-1, max-image-preview:large, max-video-preview:-1\" \/>\n<link rel=\"canonical\" href=\"https:\/\/excelservices.biz\/es\/capabilities\/\" \/>\n<meta property=\"og:locale\" content=\"es_MX\" \/>\n<meta property=\"og:type\" content=\"article\" \/>\n<meta property=\"og:title\" content=\"Capabilities - Excel Services\" \/>\n<meta property=\"og:description\" content=\"Excel Services Capabilities Buildings that help people perform better. Fully accredited and code-compliant professional services, with proven expertise in: Mechanical Construction Heating and Air Conditioning (packaged and split systems) Ventilation Building Automation Pipefitting Welding Industrial Maintenance Electrical Service Mechanical Service Plumbing Service Technology Service Dock and Door Electrical Construction Interior\/Exterior Lighting Lighting Controls Electrical Controls&hellip;\" \/>\n<meta property=\"og:url\" content=\"https:\/\/excelservices.biz\/es\/capabilities\/\" \/>\n<meta property=\"og:site_name\" content=\"Excel Services\" \/>\n<meta property=\"article:publisher\" content=\"https:\/\/www.facebook.com\/excelservices.biz\/\" \/>\n<meta property=\"article:modified_time\" content=\"2024-08-29T18:11:26+00:00\" \/>\n<meta property=\"og:image\" content=\"https:\/\/excelservices.biz\/wp-content\/uploads\/2022\/05\/social-share.jpg\" \/>\n\t<meta property=\"og:image:width\" content=\"1440\" \/>\n\t<meta property=\"og:image:height\" content=\"800\" \/>\n\t<meta property=\"og:image:type\" content=\"image\/jpeg\" \/>\n<meta name=\"twitter:card\" content=\"summary_large_image\" \/>\n<meta name=\"twitter:label1\" content=\"Tiempo de lectura\" \/>\n\t<meta name=\"twitter:data1\" content=\"1 minuto\" \/>\n<script type=\"application\/ld+json\" class=\"yoast-schema-graph\">{\"@context\":\"https:\\\/\\\/schema.org\",\"@graph\":[{\"@type\":\"WebPage\",\"@id\":\"https:\\\/\\\/excelservices.biz\\\/capabilities\\\/\",\"url\":\"https:\\\/\\\/excelservices.biz\\\/capabilities\\\/\",\"name\":\"Capabilities - Excel Services\",\"isPartOf\":{\"@id\":\"https:\\\/\\\/excelservices.biz\\\/#website\"},\"datePublished\":\"2022-03-19T22:12:55+00:00\",\"dateModified\":\"2024-08-29T18:11:26+00:00\",\"breadcrumb\":{\"@id\":\"https:\\\/\\\/excelservices.biz\\\/capabilities\\\/#breadcrumb\"},\"inLanguage\":\"es\",\"potentialAction\":[{\"@type\":\"ReadAction\",\"target\":[\"https:\\\/\\\/excelservices.biz\\\/capabilities\\\/\"]}]},{\"@type\":\"BreadcrumbList\",\"@id\":\"https:\\\/\\\/excelservices.biz\\\/capabilities\\\/#breadcrumb\",\"itemListElement\":[{\"@type\":\"ListItem\",\"position\":1,\"name\":\"Home\",\"item\":\"https:\\\/\\\/excelservices.biz\\\/\"},{\"@type\":\"ListItem\",\"position\":2,\"name\":\"Capabilities\"}]},{\"@type\":\"WebSite\",\"@id\":\"https:\\\/\\\/excelservices.biz\\\/#website\",\"url\":\"https:\\\/\\\/excelservices.biz\\\/\",\"name\":\"Excel Services\",\"description\":\"\",\"publisher\":{\"@id\":\"https:\\\/\\\/excelservices.biz\\\/#organization\"},\"potentialAction\":[{\"@type\":\"SearchAction\",\"target\":{\"@type\":\"EntryPoint\",\"urlTemplate\":\"https:\\\/\\\/excelservices.biz\\\/?s={search_term_string}\"},\"query-input\":{\"@type\":\"PropertyValueSpecification\",\"valueRequired\":true,\"valueName\":\"search_term_string\"}}],\"inLanguage\":\"es\"},{\"@type\":\"Organization\",\"@id\":\"https:\\\/\\\/excelservices.biz\\\/#organization\",\"name\":\"Excel Services\",\"url\":\"https:\\\/\\\/excelservices.biz\\\/\",\"logo\":{\"@type\":\"ImageObject\",\"inLanguage\":\"es\",\"@id\":\"https:\\\/\\\/excelservices.biz\\\/#\\\/schema\\\/logo\\\/image\\\/\",\"url\":\"https:\\\/\\\/excelservices.biz\\\/wp-content\\\/uploads\\\/2022\\\/05\\\/cover.png\",\"contentUrl\":\"https:\\\/\\\/excelservices.biz\\\/wp-content\\\/uploads\\\/2022\\\/05\\\/cover.png\",\"width\":1920,\"height\":1080,\"caption\":\"Excel Services\"},\"image\":{\"@id\":\"https:\\\/\\\/excelservices.biz\\\/#\\\/schema\\\/logo\\\/image\\\/\"},\"sameAs\":[\"https:\\\/\\\/www.facebook.com\\\/excelservices.biz\\\/\",\"https:\\\/\\\/www.linkedin.com\\\/company\\\/excel-services-inc-\\\/\"]}]}<\/script>\n<!-- \/ Yoast SEO plugin. -->","yoast_head_json":{"title":"Capabilities - Excel Services","robots":{"index":"index","follow":"follow","max-snippet":"max-snippet:-1","max-image-preview":"max-image-preview:large","max-video-preview":"max-video-preview:-1"},"canonical":"https:\/\/excelservices.biz\/es\/capabilities\/","og_locale":"es_MX","og_type":"article","og_title":"Capabilities - Excel Services","og_description":"Excel Services Capabilities Buildings that help people perform better. Fully accredited and code-compliant professional services, with proven expertise in: Mechanical Construction Heating and Air Conditioning (packaged and split systems) Ventilation Building Automation Pipefitting Welding Industrial Maintenance Electrical Service Mechanical Service Plumbing Service Technology Service Dock and Door Electrical Construction Interior\/Exterior Lighting Lighting Controls Electrical Controls&hellip;","og_url":"https:\/\/excelservices.biz\/es\/capabilities\/","og_site_name":"Excel Services","article_publisher":"https:\/\/www.facebook.com\/excelservices.biz\/","article_modified_time":"2024-08-29T18:11:26+00:00","og_image":[{"width":1440,"height":800,"url":"https:\/\/excelservices.biz\/wp-content\/uploads\/2022\/05\/social-share.jpg","type":"image\/jpeg"}],"twitter_card":"summary_large_image","twitter_misc":{"Tiempo de lectura":"1 minuto"},"schema":{"@context":"https:\/\/schema.org","@graph":[{"@type":"WebPage","@id":"https:\/\/excelservices.biz\/capabilities\/","url":"https:\/\/excelservices.biz\/capabilities\/","name":"Capabilities - Excel Services","isPartOf":{"@id":"https:\/\/excelservices.biz\/#website"},"datePublished":"2022-03-19T22:12:55+00:00","dateModified":"2024-08-29T18:11:26+00:00","breadcrumb":{"@id":"https:\/\/excelservices.biz\/capabilities\/#breadcrumb"},"inLanguage":"es","potentialAction":[{"@type":"ReadAction","target":["https:\/\/excelservices.biz\/capabilities\/"]}]},{"@type":"BreadcrumbList","@id":"https:\/\/excelservices.biz\/capabilities\/#breadcrumb","itemListElement":[{"@type":"ListItem","position":1,"name":"Home","item":"https:\/\/excelservices.biz\/"},{"@type":"ListItem","position":2,"name":"Capabilities"}]},{"@type":"WebSite","@id":"https:\/\/excelservices.biz\/#website","url":"https:\/\/excelservices.biz\/","name":"Servicios de Excel","description":"","publisher":{"@id":"https:\/\/excelservices.biz\/#organization"},"potentialAction":[{"@type":"SearchAction","target":{"@type":"EntryPoint","urlTemplate":"https:\/\/excelservices.biz\/?s={search_term_string}"},"query-input":{"@type":"PropertyValueSpecification","valueRequired":true,"valueName":"search_term_string"}}],"inLanguage":"es"},{"@type":"Organization","@id":"https:\/\/excelservices.biz\/#organization","name":"Servicios de Excel","url":"https:\/\/excelservices.biz\/","logo":{"@type":"ImageObject","inLanguage":"es","@id":"https:\/\/excelservices.biz\/#\/schema\/logo\/image\/","url":"https:\/\/excelservices.biz\/wp-content\/uploads\/2022\/05\/cover.png","contentUrl":"https:\/\/excelservices.biz\/wp-content\/uploads\/2022\/05\/cover.png","width":1920,"height":1080,"caption":"Excel Services"},"image":{"@id":"https:\/\/excelservices.biz\/#\/schema\/logo\/image\/"},"sameAs":["https:\/\/www.facebook.com\/excelservices.biz\/","https:\/\/www.linkedin.com\/company\/excel-services-inc-\/"]}]}},"_links":{"self":[{"href":"https:\/\/excelservices.biz\/es\/wp-json\/wp\/v2\/pages\/125","targetHints":{"allow":["GET"]}}],"collection":[{"href":"https:\/\/excelservices.biz\/es\/wp-json\/wp\/v2\/pages"}],"about":[{"href":"https:\/\/excelservices.biz\/es\/wp-json\/wp\/v2\/types\/page"}],"author":[{"embeddable":true,"href":"https:\/\/excelservices.biz\/es\/wp-json\/wp\/v2\/users\/7"}],"replies":[{"embeddable":true,"href":"https:\/\/excelservices.biz\/es\/wp-json\/wp\/v2\/comments?post=125"}],"version-history":[{"count":10,"href":"https:\/\/excelservices.biz\/es\/wp-json\/wp\/v2\/pages\/125\/revisions"}],"predecessor-version":[{"id":851,"href":"https:\/\/excelservices.biz\/es\/wp-json\/wp\/v2\/pages\/125\/revisions\/851"}],"wp:attachment":[{"href":"https:\/\/excelservices.biz\/es\/wp-json\/wp\/v2\/media?parent=125"}],"curies":[{"name":"wp","href":"https:\/\/api.w.org\/{rel}","templated":true}]}}