{"id":126,"date":"2022-03-19T18:12:55","date_gmt":"2022-03-19T22:12:55","guid":{"rendered":"https:\/\/excelservices.local.loud\/projects\/"},"modified":"2025-02-04T16:21:54","modified_gmt":"2025-02-04T21:21:54","slug":"projects","status":"publish","type":"page","link":"https:\/\/excelservices.biz\/es\/projects\/","title":{"rendered":"Proyectos"},"content":{"rendered":"<h1>\n\t\t\tPrueba en el rendimiento:\n\t\t\t\t\t\t\t\t\t\t\tExplore nuestros proyectos\n\t\t<\/h1>\n\t<div class=\"facetwp-facet facetwp-facet-es_industries facetwp-type-dropdown\" data-name=\"es_industries\" data-type=\"dropdown\"><\/div>\n\t<div class=\"facetwp-facet facetwp-facet-es_services facetwp-type-dropdown\" data-name=\"es_services\" data-type=\"dropdown\"><\/div>\n\t<div class=\"facetwp-facet facetwp-facet-es_search facetwp-type-search\" data-name=\"es_search\" data-type=\"search\"><\/div>\n\t<meta itemscope itemprop=\"mainEntityOfPage\" itemtype=\"https:\/\/schema.org\/WebPage\" itemid=\"http:\/\/181\" content=\"niagara Bottling, LLC\" \/><meta itemprop=\"datePublished\" content=\"2022-03-19\" \/><meta itemprop=\"dateModified\" content=\"2022-05-12\" \/><meta itemprop=\"name\" content=\"Excel Services\"\/><meta itemprop=\"url\" content=\"https:\/\/excelservices.biz\/author\/louderadmin\/\" \/><meta itemprop=\"name\" content=\"Louder Agency\" \/><meta itemprop=\"url\" content=\"https:\/\/excelservices.biz\/wp-content\/uploads\/2022\/03\/niagara-bottling-scaled.jpeg\" \/><meta itemprop=\"width\" content=\"2560\" \/><meta itemprop=\"height\" content=\"1707\" \/><meta itemprop=\"interactionType\" content=\"https:\/\/schema.org\/CommentAction\" \/><meta itemprop=\"userInteractionCount\" content=\"0\" \/>\n    <a href=\"https:\/\/excelservices.biz\/es\/projects\/project-title\/\">\n        <img decoding=\"async\" src=\"https:\/\/excelservices.biz\/wp-content\/uploads\/2022\/03\/niagara-bottling-scaled.jpeg\"\/>\n    <\/a>\n<h3><a href=\"https:\/\/excelservices.biz\/es\/projects\/project-title\/\">niagara Bottling, LLC<\/a><\/h3>\n    Diamond Bar, CA\n\t<meta itemscope itemprop=\"mainEntityOfPage\" itemtype=\"https:\/\/schema.org\/WebPage\" itemid=\"http:\/\/674\" content=\"Rabbit Hole Distillery\" \/><meta itemprop=\"datePublished\" content=\"2022-05-12\" \/><meta itemprop=\"dateModified\" content=\"2022-05-13\" \/><meta itemprop=\"name\" content=\"Excel Services\"\/><meta itemprop=\"url\" content=\"https:\/\/excelservices.biz\/author\/louderadmin\/\" \/><meta itemprop=\"name\" content=\"Louder Agency\" \/><meta itemprop=\"url\" content=\"https:\/\/excelservices.biz\/wp-content\/uploads\/2022\/05\/All-Bottles-blk-front-1.jpeg\" \/><meta itemprop=\"width\" content=\"2400\" \/><meta itemprop=\"height\" content=\"1600\" \/><meta itemprop=\"interactionType\" content=\"https:\/\/schema.org\/CommentAction\" \/><meta itemprop=\"userInteractionCount\" content=\"0\" \/>\n    <a href=\"https:\/\/excelservices.biz\/es\/projects\/rabbit-hole-distillery\/\">\n        <img decoding=\"async\" src=\"https:\/\/excelservices.biz\/wp-content\/uploads\/2022\/05\/All-Bottles-blk-front-1.jpeg\"\/>\n    <\/a>\n<h3><a href=\"https:\/\/excelservices.biz\/es\/projects\/rabbit-hole-distillery\/\">Destiler\u00eda Rabbit Hole<\/a><\/h3>\n    Louisville, KY\n\t<meta itemscope itemprop=\"mainEntityOfPage\" itemtype=\"https:\/\/schema.org\/WebPage\" itemid=\"http:\/\/184\" content=\"Republic Bank Foundation YMCA\" \/><meta itemprop=\"datePublished\" content=\"2022-03-19\" \/><meta itemprop=\"dateModified\" content=\"2022-05-12\" \/><meta itemprop=\"name\" content=\"Excel Services\"\/><meta itemprop=\"url\" content=\"https:\/\/excelservices.biz\/author\/louderadmin\/\" \/><meta itemprop=\"name\" content=\"Louder Agency\" \/><meta itemprop=\"url\" content=\"https:\/\/excelservices.biz\/wp-content\/uploads\/2022\/03\/YMCA-West-Louisville-18th-and-Broadway-Twilight_1-1.jpeg\" \/><meta itemprop=\"width\" content=\"2000\" \/><meta itemprop=\"height\" content=\"1000\" \/><meta itemprop=\"interactionType\" content=\"https:\/\/schema.org\/CommentAction\" \/><meta itemprop=\"userInteractionCount\" content=\"0\" \/>\n    <a href=\"https:\/\/excelservices.biz\/es\/projects\/republic-bank-foundation-ymca\/\">\n        <img decoding=\"async\" src=\"https:\/\/excelservices.biz\/wp-content\/uploads\/2022\/03\/YMCA-West-Louisville-18th-and-Broadway-Twilight_1-1.jpeg\"\/>\n    <\/a>\n<h3><a href=\"https:\/\/excelservices.biz\/es\/projects\/republic-bank-foundation-ymca\/\">Fundaci\u00f3n Republic Bank YMCA<\/a><\/h3>\n    Louisville, KY\n\t<meta itemscope itemprop=\"mainEntityOfPage\" itemtype=\"https:\/\/schema.org\/WebPage\" itemid=\"http:\/\/186\" content=\"Clark County Auto Auction\" \/><meta itemprop=\"datePublished\" content=\"2022-03-19\" \/><meta itemprop=\"dateModified\" content=\"2022-05-12\" \/><meta itemprop=\"name\" content=\"Excel Services\"\/><meta itemprop=\"url\" content=\"https:\/\/excelservices.biz\/author\/louderadmin\/\" \/><meta itemprop=\"name\" content=\"Louder Agency\" \/><meta itemprop=\"url\" content=\"https:\/\/excelservices.biz\/wp-content\/uploads\/2022\/03\/clarkcountyauto-6.jpeg\" \/><meta itemprop=\"width\" content=\"1100\" \/><meta itemprop=\"height\" content=\"734\" \/><meta itemprop=\"interactionType\" content=\"https:\/\/schema.org\/CommentAction\" \/><meta itemprop=\"userInteractionCount\" content=\"0\" \/>\n    <a href=\"https:\/\/excelservices.biz\/es\/projects\/clark-county-auto-auction\/\">\n        <img decoding=\"async\" src=\"https:\/\/excelservices.biz\/wp-content\/uploads\/2022\/03\/clarkcountyauto-6.jpeg\"\/>\n    <\/a>\n<h3><a href=\"https:\/\/excelservices.biz\/es\/projects\/clark-county-auto-auction\/\">Subasta de autom\u00f3viles del condado de Clark<\/a><\/h3>\n    Jeffersonville, IN\n\t<meta itemscope itemprop=\"mainEntityOfPage\" itemtype=\"https:\/\/schema.org\/WebPage\" itemid=\"http:\/\/185\" content=\"America Place\" \/><meta itemprop=\"datePublished\" content=\"2022-03-19\" \/><meta itemprop=\"dateModified\" content=\"2022-05-12\" \/><meta itemprop=\"name\" content=\"Excel Services\"\/><meta itemprop=\"url\" content=\"https:\/\/excelservices.biz\/author\/louderadmin\/\" \/><meta itemprop=\"name\" content=\"Louder Agency\" \/><meta itemprop=\"url\" content=\"https:\/\/excelservices.biz\/wp-content\/uploads\/2022\/03\/USA-square.jpg\" \/><meta itemprop=\"width\" content=\"284\" \/><meta itemprop=\"height\" content=\"284\" \/><meta itemprop=\"interactionType\" content=\"https:\/\/schema.org\/CommentAction\" \/><meta itemprop=\"userInteractionCount\" content=\"0\" \/>\n    <a href=\"https:\/\/excelservices.biz\/es\/projects\/america-place\/\">\n        <img decoding=\"async\" src=\"https:\/\/excelservices.biz\/wp-content\/uploads\/2022\/03\/USA-square.jpg\"\/>\n    <\/a>\n<h3><a href=\"https:\/\/excelservices.biz\/es\/projects\/america-place\/\">Am\u00e9rica Place<\/a><\/h3>\n    Jeffersonville, IN\n\t<meta itemscope itemprop=\"mainEntityOfPage\" itemtype=\"https:\/\/schema.org\/WebPage\" itemid=\"http:\/\/188\" content=\"O.S.P.\" \/><meta itemprop=\"datePublished\" content=\"2022-03-19\" \/><meta itemprop=\"dateModified\" content=\"2022-05-12\" \/><meta itemprop=\"name\" content=\"Excel Services\"\/><meta itemprop=\"url\" content=\"https:\/\/excelservices.biz\/author\/louderadmin\/\" \/><meta itemprop=\"name\" content=\"Louder Agency\" \/><meta itemprop=\"url\" content=\"https:\/\/excelservices.biz\/wp-content\/uploads\/2022\/03\/OSP-1.jpg\" \/><meta itemprop=\"width\" content=\"1105\" \/><meta itemprop=\"height\" content=\"705\" \/><meta itemprop=\"interactionType\" content=\"https:\/\/schema.org\/CommentAction\" \/><meta itemprop=\"userInteractionCount\" content=\"0\" \/>\n    <a href=\"https:\/\/excelservices.biz\/es\/projects\/osp\/\">\n        <img decoding=\"async\" src=\"https:\/\/excelservices.biz\/wp-content\/uploads\/2022\/03\/OSP-1.jpg\"\/>\n    <\/a>\n<h3><a href=\"https:\/\/excelservices.biz\/es\/projects\/osp\/\">O.S.P.<\/a><\/h3>\n    Louisville, KY\n\t<meta itemscope itemprop=\"mainEntityOfPage\" itemtype=\"https:\/\/schema.org\/WebPage\" itemid=\"http:\/\/187\" content=\"Northside Christian Church Expansion\" \/><meta itemprop=\"datePublished\" content=\"2022-03-19\" \/><meta itemprop=\"dateModified\" content=\"2022-05-12\" \/><meta itemprop=\"name\" content=\"Excel Services\"\/><meta itemprop=\"url\" content=\"https:\/\/excelservices.biz\/author\/louderadmin\/\" \/><meta itemprop=\"name\" content=\"Louder Agency\" \/><meta itemprop=\"url\" content=\"https:\/\/excelservices.biz\/wp-content\/uploads\/2022\/03\/Northside-Christian-Church-Expansion-1.jpg\" \/><meta itemprop=\"width\" content=\"1105\" \/><meta itemprop=\"height\" content=\"705\" \/><meta itemprop=\"interactionType\" content=\"https:\/\/schema.org\/CommentAction\" \/><meta itemprop=\"userInteractionCount\" content=\"0\" \/>\n    <a href=\"https:\/\/excelservices.biz\/es\/projects\/northside-christian-church-expansion\/\">\n        <img decoding=\"async\" src=\"https:\/\/excelservices.biz\/wp-content\/uploads\/2022\/03\/Northside-Christian-Church-Expansion-1.jpg\"\/>\n    <\/a>\n<h3><a href=\"https:\/\/excelservices.biz\/es\/projects\/northside-christian-church-expansion\/\">Ampliaci\u00f3n de la Iglesia Cristiana Northside<\/a><\/h3>\n    New Albany, Indiana\n\t\t<!-- .pp-content-posts -->\n\t<div class=\"facetwp-facet facetwp-facet-pager_ facetwp-type-pager\" data-name=\"pager_\" data-type=\"pager\"><\/div>\n<h3>\n\t\thablemos de su\n\t<\/h3>\n<h2>\n\t\tProyecto\n\t<\/h2>\n\t<p>No importa cu\u00e1l sea su proyecto, o en qu\u00e9 punto del proceso se encuentre, el equipo de Excel est\u00e1 aqu\u00ed para ayudarle a hacerlo bien.<\/p>\n\t\t\t<a href=\"https:\/\/excelservices.biz\/es\/contact-us\/\" target=\"_self\">\n\t\t\t\t\t\t\tContacto\n\t\t\t\t\t<\/a>","protected":false},"excerpt":{"rendered":"<p>Prueba en el rendimiento: Explore nuestros proyectos niagara Bottling, LLC Diamond Bar, CA Rabbit Hole Distillery Louisville, KY Republic Bank Foundation YMCA Louisville, KY Clark County Auto Auction Jeffersonville, IN America Place Jeffersonville, IN O.S.P. Louisville, KY Northside Christian Church Expansion New Albany, Indiana hablemos de su proyecto No importa cu\u00e1l sea su proyecto, o d\u00f3nde...<\/p>","protected":false},"author":7,"featured_media":0,"parent":0,"menu_order":7,"comment_status":"closed","ping_status":"closed","template":"","meta":{"_acf_changed":false,"_monsterinsights_skip_tracking":false,"_monsterinsights_sitenote_active":false,"_monsterinsights_sitenote_note":"","_monsterinsights_sitenote_category":0,"footnotes":""},"class_list":["post-126","page","type-page","status-publish","hentry"],"acf":[],"yoast_head":"<!-- This site is optimized with the Yoast SEO plugin v27.4 - https:\/\/yoast.com\/product\/yoast-seo-wordpress\/ -->\n<title>Projects - Excel Services<\/title>\n<meta name=\"robots\" content=\"index, follow, max-snippet:-1, max-image-preview:large, max-video-preview:-1\" \/>\n<link rel=\"canonical\" href=\"https:\/\/excelservices.biz\/es\/projects\/\" \/>\n<meta property=\"og:locale\" content=\"es_MX\" \/>\n<meta property=\"og:type\" content=\"article\" \/>\n<meta property=\"og:title\" content=\"Projects - Excel Services\" \/>\n<meta property=\"og:description\" content=\"Proof in Performance: Explore our projects niagara Bottling, LLC Diamond Bar, CA Rabbit Hole Distillery Louisville, KY Republic Bank Foundation YMCA Louisville, KY Clark County Auto Auction Jeffersonville, IN America Place Jeffersonville, IN O.S.P. Louisville, KY Northside Christian Church Expansion New Albany, Indiana let&#8217;s discuss your Project No matter what your project is, or where&hellip;\" \/>\n<meta property=\"og:url\" content=\"https:\/\/excelservices.biz\/es\/projects\/\" \/>\n<meta property=\"og:site_name\" content=\"Excel Services\" \/>\n<meta property=\"article:publisher\" content=\"https:\/\/www.facebook.com\/excelservices.biz\/\" \/>\n<meta property=\"article:modified_time\" content=\"2025-02-04T21:21:54+00:00\" \/>\n<meta property=\"og:image\" content=\"https:\/\/excelservices.biz\/wp-content\/uploads\/2022\/03\/niagara-bottling-scaled.jpeg\" \/>\n<meta name=\"twitter:card\" content=\"summary_large_image\" \/>\n<meta name=\"twitter:label1\" content=\"Tiempo de lectura\" \/>\n\t<meta name=\"twitter:data1\" content=\"2 minutos\" \/>\n<script type=\"application\/ld+json\" class=\"yoast-schema-graph\">{\"@context\":\"https:\\\/\\\/schema.org\",\"@graph\":[{\"@type\":\"WebPage\",\"@id\":\"https:\\\/\\\/excelservices.biz\\\/projects\\\/\",\"url\":\"https:\\\/\\\/excelservices.biz\\\/projects\\\/\",\"name\":\"Projects - Excel Services\",\"isPartOf\":{\"@id\":\"https:\\\/\\\/excelservices.biz\\\/#website\"},\"primaryImageOfPage\":{\"@id\":\"https:\\\/\\\/excelservices.biz\\\/projects\\\/#primaryimage\"},\"image\":{\"@id\":\"https:\\\/\\\/excelservices.biz\\\/projects\\\/#primaryimage\"},\"thumbnailUrl\":\"https:\\\/\\\/excelservices.biz\\\/wp-content\\\/uploads\\\/2022\\\/03\\\/niagara-bottling-scaled.jpeg\",\"datePublished\":\"2022-03-19T22:12:55+00:00\",\"dateModified\":\"2025-02-04T21:21:54+00:00\",\"breadcrumb\":{\"@id\":\"https:\\\/\\\/excelservices.biz\\\/projects\\\/#breadcrumb\"},\"inLanguage\":\"es\",\"potentialAction\":[{\"@type\":\"ReadAction\",\"target\":[\"https:\\\/\\\/excelservices.biz\\\/projects\\\/\"]}]},{\"@type\":\"ImageObject\",\"inLanguage\":\"es\",\"@id\":\"https:\\\/\\\/excelservices.biz\\\/projects\\\/#primaryimage\",\"url\":\"https:\\\/\\\/excelservices.biz\\\/wp-content\\\/uploads\\\/2022\\\/03\\\/niagara-bottling-scaled.jpeg\",\"contentUrl\":\"https:\\\/\\\/excelservices.biz\\\/wp-content\\\/uploads\\\/2022\\\/03\\\/niagara-bottling-scaled.jpeg\"},{\"@type\":\"BreadcrumbList\",\"@id\":\"https:\\\/\\\/excelservices.biz\\\/projects\\\/#breadcrumb\",\"itemListElement\":[{\"@type\":\"ListItem\",\"position\":1,\"name\":\"Home\",\"item\":\"https:\\\/\\\/excelservices.biz\\\/\"},{\"@type\":\"ListItem\",\"position\":2,\"name\":\"Projects\"}]},{\"@type\":\"WebSite\",\"@id\":\"https:\\\/\\\/excelservices.biz\\\/#website\",\"url\":\"https:\\\/\\\/excelservices.biz\\\/\",\"name\":\"Excel Services\",\"description\":\"\",\"publisher\":{\"@id\":\"https:\\\/\\\/excelservices.biz\\\/#organization\"},\"potentialAction\":[{\"@type\":\"SearchAction\",\"target\":{\"@type\":\"EntryPoint\",\"urlTemplate\":\"https:\\\/\\\/excelservices.biz\\\/?s={search_term_string}\"},\"query-input\":{\"@type\":\"PropertyValueSpecification\",\"valueRequired\":true,\"valueName\":\"search_term_string\"}}],\"inLanguage\":\"es\"},{\"@type\":\"Organization\",\"@id\":\"https:\\\/\\\/excelservices.biz\\\/#organization\",\"name\":\"Excel Services\",\"url\":\"https:\\\/\\\/excelservices.biz\\\/\",\"logo\":{\"@type\":\"ImageObject\",\"inLanguage\":\"es\",\"@id\":\"https:\\\/\\\/excelservices.biz\\\/#\\\/schema\\\/logo\\\/image\\\/\",\"url\":\"https:\\\/\\\/excelservices.biz\\\/wp-content\\\/uploads\\\/2022\\\/05\\\/cover.png\",\"contentUrl\":\"https:\\\/\\\/excelservices.biz\\\/wp-content\\\/uploads\\\/2022\\\/05\\\/cover.png\",\"width\":1920,\"height\":1080,\"caption\":\"Excel Services\"},\"image\":{\"@id\":\"https:\\\/\\\/excelservices.biz\\\/#\\\/schema\\\/logo\\\/image\\\/\"},\"sameAs\":[\"https:\\\/\\\/www.facebook.com\\\/excelservices.biz\\\/\",\"https:\\\/\\\/www.linkedin.com\\\/company\\\/excel-services-inc-\\\/\"]}]}<\/script>\n<!-- \/ Yoast SEO plugin. -->","yoast_head_json":{"title":"Projects - Excel Services","robots":{"index":"index","follow":"follow","max-snippet":"max-snippet:-1","max-image-preview":"max-image-preview:large","max-video-preview":"max-video-preview:-1"},"canonical":"https:\/\/excelservices.biz\/es\/projects\/","og_locale":"es_MX","og_type":"article","og_title":"Projects - Excel Services","og_description":"Proof in Performance: Explore our projects niagara Bottling, LLC Diamond Bar, CA Rabbit Hole Distillery Louisville, KY Republic Bank Foundation YMCA Louisville, KY Clark County Auto Auction Jeffersonville, IN America Place Jeffersonville, IN O.S.P. Louisville, KY Northside Christian Church Expansion New Albany, Indiana let&#8217;s discuss your Project No matter what your project is, or where&hellip;","og_url":"https:\/\/excelservices.biz\/es\/projects\/","og_site_name":"Excel Services","article_publisher":"https:\/\/www.facebook.com\/excelservices.biz\/","article_modified_time":"2025-02-04T21:21:54+00:00","og_image":[{"url":"https:\/\/excelservices.biz\/wp-content\/uploads\/2022\/03\/niagara-bottling-scaled.jpeg","type":"","width":"","height":""}],"twitter_card":"summary_large_image","twitter_misc":{"Tiempo de lectura":"2 minutos"},"schema":{"@context":"https:\/\/schema.org","@graph":[{"@type":"WebPage","@id":"https:\/\/excelservices.biz\/projects\/","url":"https:\/\/excelservices.biz\/projects\/","name":"Projects - Excel Services","isPartOf":{"@id":"https:\/\/excelservices.biz\/#website"},"primaryImageOfPage":{"@id":"https:\/\/excelservices.biz\/projects\/#primaryimage"},"image":{"@id":"https:\/\/excelservices.biz\/projects\/#primaryimage"},"thumbnailUrl":"https:\/\/excelservices.biz\/wp-content\/uploads\/2022\/03\/niagara-bottling-scaled.jpeg","datePublished":"2022-03-19T22:12:55+00:00","dateModified":"2025-02-04T21:21:54+00:00","breadcrumb":{"@id":"https:\/\/excelservices.biz\/projects\/#breadcrumb"},"inLanguage":"es","potentialAction":[{"@type":"ReadAction","target":["https:\/\/excelservices.biz\/projects\/"]}]},{"@type":"ImageObject","inLanguage":"es","@id":"https:\/\/excelservices.biz\/projects\/#primaryimage","url":"https:\/\/excelservices.biz\/wp-content\/uploads\/2022\/03\/niagara-bottling-scaled.jpeg","contentUrl":"https:\/\/excelservices.biz\/wp-content\/uploads\/2022\/03\/niagara-bottling-scaled.jpeg"},{"@type":"BreadcrumbList","@id":"https:\/\/excelservices.biz\/projects\/#breadcrumb","itemListElement":[{"@type":"ListItem","position":1,"name":"Home","item":"https:\/\/excelservices.biz\/"},{"@type":"ListItem","position":2,"name":"Projects"}]},{"@type":"WebSite","@id":"https:\/\/excelservices.biz\/#website","url":"https:\/\/excelservices.biz\/","name":"Servicios de Excel","description":"","publisher":{"@id":"https:\/\/excelservices.biz\/#organization"},"potentialAction":[{"@type":"SearchAction","target":{"@type":"EntryPoint","urlTemplate":"https:\/\/excelservices.biz\/?s={search_term_string}"},"query-input":{"@type":"PropertyValueSpecification","valueRequired":true,"valueName":"search_term_string"}}],"inLanguage":"es"},{"@type":"Organization","@id":"https:\/\/excelservices.biz\/#organization","name":"Servicios de Excel","url":"https:\/\/excelservices.biz\/","logo":{"@type":"ImageObject","inLanguage":"es","@id":"https:\/\/excelservices.biz\/#\/schema\/logo\/image\/","url":"https:\/\/excelservices.biz\/wp-content\/uploads\/2022\/05\/cover.png","contentUrl":"https:\/\/excelservices.biz\/wp-content\/uploads\/2022\/05\/cover.png","width":1920,"height":1080,"caption":"Excel Services"},"image":{"@id":"https:\/\/excelservices.biz\/#\/schema\/logo\/image\/"},"sameAs":["https:\/\/www.facebook.com\/excelservices.biz\/","https:\/\/www.linkedin.com\/company\/excel-services-inc-\/"]}]}},"_links":{"self":[{"href":"https:\/\/excelservices.biz\/es\/wp-json\/wp\/v2\/pages\/126","targetHints":{"allow":["GET"]}}],"collection":[{"href":"https:\/\/excelservices.biz\/es\/wp-json\/wp\/v2\/pages"}],"about":[{"href":"https:\/\/excelservices.biz\/es\/wp-json\/wp\/v2\/types\/page"}],"author":[{"embeddable":true,"href":"https:\/\/excelservices.biz\/es\/wp-json\/wp\/v2\/users\/7"}],"replies":[{"embeddable":true,"href":"https:\/\/excelservices.biz\/es\/wp-json\/wp\/v2\/comments?post=126"}],"version-history":[{"count":12,"href":"https:\/\/excelservices.biz\/es\/wp-json\/wp\/v2\/pages\/126\/revisions"}],"predecessor-version":[{"id":1394,"href":"https:\/\/excelservices.biz\/es\/wp-json\/wp\/v2\/pages\/126\/revisions\/1394"}],"wp:attachment":[{"href":"https:\/\/excelservices.biz\/es\/wp-json\/wp\/v2\/media?parent=126"}],"curies":[{"name":"wp","href":"https:\/\/api.w.org\/{rel}","templated":true}]}}