{"id":127,"date":"2022-03-19T18:12:55","date_gmt":"2022-03-19T22:12:55","guid":{"rendered":"https:\/\/excelservices.local.loud\/safety\/"},"modified":"2025-02-04T16:28:13","modified_gmt":"2025-02-04T21:28:13","slug":"safety","status":"publish","type":"page","link":"https:\/\/excelservices.biz\/es\/safety\/","title":{"rendered":"Seguridad"},"content":{"rendered":"<h1>\n\t\t\tExcel\n\t\t\t\t\t\t\t\t\t\t\tSeguridad\n\t\t<\/h1>\n<h2>\n\t\tUna promesa de integridad, fiabilidad y seguridad\n\t<\/h2>\n\t<p>Nuestro principal objetivo en Excel Services, Inc. es asegurar que nuestros clientes obtengan precisamente lo acordado, de manera r\u00e1pida y efectiva.<\/p>\n\t<p>El equipo de Excel est\u00e1 dedicado a la integridad y la fiabilidad. Cumplimos nuestros compromisos. Asumimos la responsabilidad. Somos responsables de nuestras acciones. Salvaguardamos la confidencialidad de los proyectos de nuestros clientes. Y prometemos hacer todo esto de forma segura tanto para nuestro equipo como para nuestros clientes.<!--more--><\/p>\n<h3>\n\t\tServicios de Excel \n\t<\/h3>\n<h2>\n\t\tcompromiso con la seguridad\n\t<\/h2>\n\t<p>La seguridad es siempre la primera prioridad para todos los empleados de Excel. Adoptamos un enfoque proactivo en la formaci\u00f3n y educaci\u00f3n de los empleados para mantener un entorno de trabajo seguro. Esta formaci\u00f3n, combinada con un programa de concienciaci\u00f3n sobre la seguridad de los empleados, ayuda a garantizar la seguridad de nuestros empleados y clientes, tanto dentro como fuera del trabajo.<\/p>\n<p>Mantenemos nuestro compromiso con la seguridad con inspecciones mensuales en el lugar de trabajo por parte de nuestro director de seguridad y reuniones semanales de seguridad en el lugar de trabajo. Adem\u00e1s, todos los miembros del equipo de Excel reciben formaci\u00f3n y certificaci\u00f3n en las siguientes \u00e1reas:<\/p>\n\t<ul>\n\t\t\t<li>\n\t\t\t\tPrimeros auxilios\n\t\t\t<\/li>\n\t\t\t<li>\n\t\t\t\tPat\u00f3genos transmitidos por la sangre\n\t\t\t<\/li>\n\t\t\t<li>\n\t\t\t\tComunicaci\u00f3n de riesgos\n\t\t\t<\/li>\n\t\t\t<li>\n\t\t\t\tBloqueo\/etiquetado\n\t\t\t<\/li>\n\t\t\t<li>\n\t\t\t\tProtecci\u00f3n contra ca\u00eddas\n\t\t\t<\/li>\n\t\t\t<li>\n\t\t\t\tEquipo de protecci\u00f3n personal (EPP)\n\t\t\t<\/li>\n\t\t\t<li>\n\t\t\t\tProtecci\u00f3n contra el arco el\u00e9ctrico (NFPA 70E)\n\t\t\t<\/li>\n\t\t<\/ul>\n\t<ul>\n\t\t\t<li>\n\t\t\t\tAscensores a\u00e9reos\n\t\t\t<\/li>\n\t\t\t<li>\n\t\t\t\tExcavaci\u00f3n y zanja\n\t\t\t<\/li>\n\t\t\t<li>\n\t\t\t\tSeguridad de las herramientas el\u00e9ctricas\n\t\t\t<\/li>\n\t\t\t<li>\n\t\t\t\tAparejos de gr\u00faa y se\u00f1alizaci\u00f3n\n\t\t\t<\/li>\n\t\t\t<li>\n\t\t\t\tCertificado de RCP\n\t\t\t<\/li>\n\t\t\t<li>\n\t\t\t\tCertificaci\u00f3n OSHA de 10 horas\n\t\t\t<\/li>\n\t\t<\/ul>\n<h3>\n\t\thablemos de su\n\t<\/h3>\n<h2>\n\t\tProyecto\n\t<\/h2>\n\t<p>No importa cu\u00e1l sea su proyecto, o en qu\u00e9 punto del proceso se encuentre, el equipo de Excel est\u00e1 aqu\u00ed para ayudarle a hacerlo bien.<\/p>\n\t\t\t<a href=\"https:\/\/excelservices.biz\/es\/contact-us\/\" target=\"_self\" role=\"button\" rel=\"noopener\">\n\t\t\t\t\t\t\tContacto\n\t\t\t\t\t<\/a>","protected":false},"excerpt":{"rendered":"<p>Seguridad Excel Una promesa de integridad, fiabilidad y seguridad Nuestro principal objetivo en Excel Services, Inc. es asegurar que nuestros clientes obtengan precisamente lo acordado, de manera r\u00e1pida y eficaz. El equipo de Excel est\u00e1 dedicado a la integridad y la fiabilidad. Cumplimos nuestros compromisos. Asumimos la responsabilidad. Somos responsables de nuestras acciones....<\/p>","protected":false},"author":7,"featured_media":0,"parent":0,"menu_order":8,"comment_status":"closed","ping_status":"closed","template":"","meta":{"_acf_changed":false,"_monsterinsights_skip_tracking":false,"_monsterinsights_sitenote_active":false,"_monsterinsights_sitenote_note":"","_monsterinsights_sitenote_category":0,"footnotes":""},"class_list":["post-127","page","type-page","status-publish","hentry"],"acf":[],"yoast_head":"<!-- This site is optimized with the Yoast SEO plugin v27.4 - https:\/\/yoast.com\/product\/yoast-seo-wordpress\/ -->\n<title>Safety - Excel Services<\/title>\n<meta name=\"robots\" content=\"index, follow, max-snippet:-1, max-image-preview:large, max-video-preview:-1\" \/>\n<link rel=\"canonical\" href=\"https:\/\/excelservices.biz\/es\/safety\/\" \/>\n<meta property=\"og:locale\" content=\"es_MX\" \/>\n<meta property=\"og:type\" content=\"article\" \/>\n<meta property=\"og:title\" content=\"Safety - Excel Services\" \/>\n<meta property=\"og:description\" content=\"Excel Safety A promise of integrity, reliability, and safety Our main objective at Excel Services, Inc. is to assure our customers obtain precisely what is agreed upon, in a fast and effective manner. The Excel team is dedicated to integrity and reliability. We honor our commitments. We take responsibility. We are accountable for our actions.&hellip;\" \/>\n<meta property=\"og:url\" content=\"https:\/\/excelservices.biz\/es\/safety\/\" \/>\n<meta property=\"og:site_name\" content=\"Excel Services\" \/>\n<meta property=\"article:publisher\" content=\"https:\/\/www.facebook.com\/excelservices.biz\/\" \/>\n<meta property=\"article:modified_time\" content=\"2025-02-04T21:28:13+00:00\" \/>\n<meta property=\"og:image\" content=\"https:\/\/excelservices.biz\/wp-content\/uploads\/2022\/05\/social-share.jpg\" \/>\n\t<meta property=\"og:image:width\" content=\"1440\" \/>\n\t<meta property=\"og:image:height\" content=\"800\" \/>\n\t<meta property=\"og:image:type\" content=\"image\/jpeg\" \/>\n<meta name=\"twitter:card\" content=\"summary_large_image\" \/>\n<meta name=\"twitter:label1\" content=\"Tiempo de lectura\" \/>\n\t<meta name=\"twitter:data1\" content=\"2 minutos\" \/>\n<script type=\"application\/ld+json\" class=\"yoast-schema-graph\">{\"@context\":\"https:\\\/\\\/schema.org\",\"@graph\":[{\"@type\":\"WebPage\",\"@id\":\"https:\\\/\\\/excelservices.biz\\\/safety\\\/\",\"url\":\"https:\\\/\\\/excelservices.biz\\\/safety\\\/\",\"name\":\"Safety - Excel Services\",\"isPartOf\":{\"@id\":\"https:\\\/\\\/excelservices.biz\\\/#website\"},\"datePublished\":\"2022-03-19T22:12:55+00:00\",\"dateModified\":\"2025-02-04T21:28:13+00:00\",\"breadcrumb\":{\"@id\":\"https:\\\/\\\/excelservices.biz\\\/safety\\\/#breadcrumb\"},\"inLanguage\":\"es\",\"potentialAction\":[{\"@type\":\"ReadAction\",\"target\":[\"https:\\\/\\\/excelservices.biz\\\/safety\\\/\"]}]},{\"@type\":\"BreadcrumbList\",\"@id\":\"https:\\\/\\\/excelservices.biz\\\/safety\\\/#breadcrumb\",\"itemListElement\":[{\"@type\":\"ListItem\",\"position\":1,\"name\":\"Home\",\"item\":\"https:\\\/\\\/excelservices.biz\\\/\"},{\"@type\":\"ListItem\",\"position\":2,\"name\":\"Safety\"}]},{\"@type\":\"WebSite\",\"@id\":\"https:\\\/\\\/excelservices.biz\\\/#website\",\"url\":\"https:\\\/\\\/excelservices.biz\\\/\",\"name\":\"Excel Services\",\"description\":\"\",\"publisher\":{\"@id\":\"https:\\\/\\\/excelservices.biz\\\/#organization\"},\"potentialAction\":[{\"@type\":\"SearchAction\",\"target\":{\"@type\":\"EntryPoint\",\"urlTemplate\":\"https:\\\/\\\/excelservices.biz\\\/?s={search_term_string}\"},\"query-input\":{\"@type\":\"PropertyValueSpecification\",\"valueRequired\":true,\"valueName\":\"search_term_string\"}}],\"inLanguage\":\"es\"},{\"@type\":\"Organization\",\"@id\":\"https:\\\/\\\/excelservices.biz\\\/#organization\",\"name\":\"Excel Services\",\"url\":\"https:\\\/\\\/excelservices.biz\\\/\",\"logo\":{\"@type\":\"ImageObject\",\"inLanguage\":\"es\",\"@id\":\"https:\\\/\\\/excelservices.biz\\\/#\\\/schema\\\/logo\\\/image\\\/\",\"url\":\"https:\\\/\\\/excelservices.biz\\\/wp-content\\\/uploads\\\/2022\\\/05\\\/cover.png\",\"contentUrl\":\"https:\\\/\\\/excelservices.biz\\\/wp-content\\\/uploads\\\/2022\\\/05\\\/cover.png\",\"width\":1920,\"height\":1080,\"caption\":\"Excel Services\"},\"image\":{\"@id\":\"https:\\\/\\\/excelservices.biz\\\/#\\\/schema\\\/logo\\\/image\\\/\"},\"sameAs\":[\"https:\\\/\\\/www.facebook.com\\\/excelservices.biz\\\/\",\"https:\\\/\\\/www.linkedin.com\\\/company\\\/excel-services-inc-\\\/\"]}]}<\/script>\n<!-- \/ Yoast SEO plugin. -->","yoast_head_json":{"title":"Safety - Excel Services","robots":{"index":"index","follow":"follow","max-snippet":"max-snippet:-1","max-image-preview":"max-image-preview:large","max-video-preview":"max-video-preview:-1"},"canonical":"https:\/\/excelservices.biz\/es\/safety\/","og_locale":"es_MX","og_type":"article","og_title":"Safety - Excel Services","og_description":"Excel Safety A promise of integrity, reliability, and safety Our main objective at Excel Services, Inc. is to assure our customers obtain precisely what is agreed upon, in a fast and effective manner. The Excel team is dedicated to integrity and reliability. We honor our commitments. We take responsibility. We are accountable for our actions.&hellip;","og_url":"https:\/\/excelservices.biz\/es\/safety\/","og_site_name":"Excel Services","article_publisher":"https:\/\/www.facebook.com\/excelservices.biz\/","article_modified_time":"2025-02-04T21:28:13+00:00","og_image":[{"width":1440,"height":800,"url":"https:\/\/excelservices.biz\/wp-content\/uploads\/2022\/05\/social-share.jpg","type":"image\/jpeg"}],"twitter_card":"summary_large_image","twitter_misc":{"Tiempo de lectura":"2 minutos"},"schema":{"@context":"https:\/\/schema.org","@graph":[{"@type":"WebPage","@id":"https:\/\/excelservices.biz\/safety\/","url":"https:\/\/excelservices.biz\/safety\/","name":"Safety - Excel Services","isPartOf":{"@id":"https:\/\/excelservices.biz\/#website"},"datePublished":"2022-03-19T22:12:55+00:00","dateModified":"2025-02-04T21:28:13+00:00","breadcrumb":{"@id":"https:\/\/excelservices.biz\/safety\/#breadcrumb"},"inLanguage":"es","potentialAction":[{"@type":"ReadAction","target":["https:\/\/excelservices.biz\/safety\/"]}]},{"@type":"BreadcrumbList","@id":"https:\/\/excelservices.biz\/safety\/#breadcrumb","itemListElement":[{"@type":"ListItem","position":1,"name":"Home","item":"https:\/\/excelservices.biz\/"},{"@type":"ListItem","position":2,"name":"Safety"}]},{"@type":"WebSite","@id":"https:\/\/excelservices.biz\/#website","url":"https:\/\/excelservices.biz\/","name":"Servicios de Excel","description":"","publisher":{"@id":"https:\/\/excelservices.biz\/#organization"},"potentialAction":[{"@type":"SearchAction","target":{"@type":"EntryPoint","urlTemplate":"https:\/\/excelservices.biz\/?s={search_term_string}"},"query-input":{"@type":"PropertyValueSpecification","valueRequired":true,"valueName":"search_term_string"}}],"inLanguage":"es"},{"@type":"Organization","@id":"https:\/\/excelservices.biz\/#organization","name":"Servicios de Excel","url":"https:\/\/excelservices.biz\/","logo":{"@type":"ImageObject","inLanguage":"es","@id":"https:\/\/excelservices.biz\/#\/schema\/logo\/image\/","url":"https:\/\/excelservices.biz\/wp-content\/uploads\/2022\/05\/cover.png","contentUrl":"https:\/\/excelservices.biz\/wp-content\/uploads\/2022\/05\/cover.png","width":1920,"height":1080,"caption":"Excel Services"},"image":{"@id":"https:\/\/excelservices.biz\/#\/schema\/logo\/image\/"},"sameAs":["https:\/\/www.facebook.com\/excelservices.biz\/","https:\/\/www.linkedin.com\/company\/excel-services-inc-\/"]}]}},"_links":{"self":[{"href":"https:\/\/excelservices.biz\/es\/wp-json\/wp\/v2\/pages\/127","targetHints":{"allow":["GET"]}}],"collection":[{"href":"https:\/\/excelservices.biz\/es\/wp-json\/wp\/v2\/pages"}],"about":[{"href":"https:\/\/excelservices.biz\/es\/wp-json\/wp\/v2\/types\/page"}],"author":[{"embeddable":true,"href":"https:\/\/excelservices.biz\/es\/wp-json\/wp\/v2\/users\/7"}],"replies":[{"embeddable":true,"href":"https:\/\/excelservices.biz\/es\/wp-json\/wp\/v2\/comments?post=127"}],"version-history":[{"count":9,"href":"https:\/\/excelservices.biz\/es\/wp-json\/wp\/v2\/pages\/127\/revisions"}],"predecessor-version":[{"id":868,"href":"https:\/\/excelservices.biz\/es\/wp-json\/wp\/v2\/pages\/127\/revisions\/868"}],"wp:attachment":[{"href":"https:\/\/excelservices.biz\/es\/wp-json\/wp\/v2\/media?parent=127"}],"curies":[{"name":"wp","href":"https:\/\/api.w.org\/{rel}","templated":true}]}}