{"id":128,"date":"2022-03-19T18:12:55","date_gmt":"2022-03-19T22:12:55","guid":{"rendered":"https:\/\/excelservices.local.loud\/careers\/"},"modified":"2026-03-25T10:19:27","modified_gmt":"2026-03-25T14:19:27","slug":"careers","status":"publish","type":"page","link":"https:\/\/excelservices.biz\/es\/careers\/","title":{"rendered":"Empleo"},"content":{"rendered":"<h1>\n\t\t\t\u00danase a una de las empresas\n\t\t\t\t\t\t\t\t\t\t\tempresas de m\u00e1s r\u00e1pido crecimiento\n\t\t<\/h1>\n<h3>\n\t\t\tConvertirse en un\t<\/h3>\n<h2>\n\t\t\tl\u00edder del sector.\t<\/h2>\n\t<p>Named one of America&#8217;s Fastest-Growing Companies by INC. Magazine, Excel is rapidly expanding into an industry leader. We&#8217;re also working to be a job-satisfaction leader. We believe in making our company the best place to work, and we offer competitive compensation, a comprehensive range of benefits, and a professional team culture that rewards innovation and hard work.<\/p>\n\t\t\t<a href=\"https:\/\/excelservices.biz\/es\/careers\/#openings\"  target=\"_self\">\n\t\t\t\t\t\t\tExplorar ofertas de empleo\n\t\t\t\t\t<\/a>\n<h3>\n\t\t\tUna cultura basada en\t<\/h3>\n<h2>\n\t\t\tVALORES PRINCIPALES\t<\/h2>\n\t\t\t\t\t\t<h4>Trabajo en equipo<\/h4>\t\t\t\t\t\n\t<p>Colaboramos para alcanzar el \u00e9xito compartido<\/p>\n\t\t\t\t\t\t<h4>Integridad<\/h4>\t\t\t\t\t\n<p>Mantenemos la honestidad y el respeto de manera constante<\/p>\n\t\t\t\t\t\t<h4>Innovaci\u00f3n<\/h4>\t\t\t\t\t\n\t<p>Nos adaptamos para satisfacer las demandas en evoluci\u00f3n<\/p>\n\t\t\t\t\t\t<h4>Calidad<\/h4>\t\t\t\t\t\n\t<p>Ofrecemos trabajo superior y duradero<\/p>\n\t\t\t\t\t\t<h4>Responsabi-lidad<\/h4>\t\t\t\t\t\n\t<p>Nos responsabilizamos de nuestras acciones y resultados<\/p>\n\t\t\t\t\t\t<h4>Lealtad<\/h4>\t\t\t\t\t\n\t<p>Estamos comprometidos con nuestra misi\u00f3n, empleados y comunidad<\/p>\n<h3>\n\t\t\tUna carrera con el l\u00edder, adem\u00e1s\t<\/h3>\n<h2>\n\t\t\tgenerosos beneficios:\t<\/h2>\n<figure itemscope itemtype=\"https:\/\/schema.org\/ImageObject\">\n\t\t\t\t<img decoding=\"async\" src=\"https:\/\/excelservices.biz\/wp-content\/uploads\/2022\/05\/Health-Benefits.png\" alt=\"Health-Benefits\" height=\"275\" width=\"275\" title=\"Prestaciones sanitarias\" onerror=\"this.style.display='none'\" loading=\"lazy\" \/>\n\t<\/figure>\n<h3>\n\t\t\tBeneficios para la salud\t<\/h3>\n\t<p>Seguro m\u00e9dico, dental, oftalmol\u00f3gico, de discapacidad a corto y largo plazo, y de vida (a partir de la fecha de contrataci\u00f3n)<\/p>\n<figure itemscope itemtype=\"https:\/\/schema.org\/ImageObject\">\n\t\t\t\t<img decoding=\"async\" src=\"https:\/\/excelservices.biz\/wp-content\/uploads\/2022\/05\/Paid-Time-Off.png\" alt=\"Paid-Time-Off\" height=\"275\" width=\"275\" title=\"Tiempo libre remunerado\" onerror=\"this.style.display='none'\" loading=\"lazy\" \/>\n\t<\/figure>\n<h3>\n\t\t\tTiempo libre remunerado\t<\/h3>\n\t<p>Vacaciones y tiempo libre pagados<\/p>\n<figure itemscope itemtype=\"https:\/\/schema.org\/ImageObject\">\n\t\t\t\t<img decoding=\"async\" src=\"https:\/\/excelservices.biz\/wp-content\/uploads\/2022\/05\/Bonuses.png\" alt=\"Bonuses\" height=\"275\" width=\"275\" title=\"Bonificaciones\" onerror=\"this.style.display='none'\" loading=\"lazy\" \/>\n\t<\/figure>\n<h3>\n\t\t\tBonificaciones\t<\/h3>\n\t<p>Bonificaciones por asistencia, seguridad, por encima de las normas y por rendimiento ofrecidas a nuestros empleados<\/p>\n<figure itemscope itemtype=\"https:\/\/schema.org\/ImageObject\">\n\t\t\t\t<img decoding=\"async\" src=\"https:\/\/excelservices.biz\/wp-content\/uploads\/2022\/05\/Retirement-Benefits.png\" alt=\"Retirement-Benefits\" height=\"275\" width=\"275\" title=\"Jubilaci\u00f3n-prestaciones\" onerror=\"this.style.display='none'\" loading=\"lazy\" \/>\n\t<\/figure>\n<h3>\n\t\t\tPrestaciones de jubilaci\u00f3n\t<\/h3>\n\t<p>Plan de pensiones 401k de la empresa<\/p>\n<figure itemscope itemtype=\"https:\/\/schema.org\/ImageObject\">\n\t\t\t\t<img decoding=\"async\" src=\"https:\/\/excelservices.biz\/wp-content\/uploads\/2022\/05\/Growth-and-Development-Programs.png\" alt=\"Growth-and-Development-Programs\" height=\"275\" width=\"275\" title=\"Programas de crecimiento y desarrollo\" onerror=\"this.style.display='none'\" loading=\"lazy\" \/>\n\t<\/figure>\n<h3>\n\t\t\tProgramas de crecimiento y desarrollo\t<\/h3>\n<figure itemscope itemtype=\"https:\/\/schema.org\/ImageObject\">\n\t\t\t\t<img decoding=\"async\" src=\"https:\/\/excelservices.biz\/wp-content\/uploads\/2022\/05\/Wellness.png\" alt=\"Wellness\" height=\"275\" width=\"275\" title=\"Bienestar\" onerror=\"this.style.display='none'\" loading=\"lazy\" \/>\n\t<\/figure>\n<h3>\n\t\t\tBienestar\t<\/h3>\n\t<p>Gimnasio de la empresa<\/p>\n<h2  id=\"openings\">\n\t\t\tOfertas de empleo actuales\t<\/h2>\n<h3>\n\t\t\tEs el momento de\t<\/h3>\n<h2>\n\t\t\tConstruye tu carrera\t<\/h2>\n\t<p>\u00bfNo ve una oferta de trabajo actual que se ajuste a su formaci\u00f3n o inter\u00e9s? P\u00f3ngase en contacto con nosotros para que le tengamos en cuenta para futuras oportunidades.<\/p>\n\t\t\t<a href=\"https:\/\/excelservices.biz\/es\/contact-us\/\"  target=\"_self\">\n\t\t\t\t\t\t\tContacto\n\t\t\t\t\t<\/a>","protected":false},"excerpt":{"rendered":"<p>Join one of America&#8217;s fastest-growing companies Becoming an industry leader. Named one of America&#8217;s Fastest-Growing Companies by INC. Magazine, Excel is rapidly expanding into an industry leader. We&#8217;re also working to be a job-satisfaction leader. We believe in making our company the best place to work, and we offer competitive compensation, a comprehensive range of&hellip;<\/p>","protected":false},"author":7,"featured_media":0,"parent":0,"menu_order":9,"comment_status":"closed","ping_status":"closed","template":"","meta":{"_acf_changed":false,"_monsterinsights_skip_tracking":false,"_monsterinsights_sitenote_active":false,"_monsterinsights_sitenote_note":"","_monsterinsights_sitenote_category":0,"footnotes":""},"class_list":["post-128","page","type-page","status-publish","hentry"],"acf":[],"yoast_head":"<!-- This site is optimized with the Yoast SEO plugin v27.4 - https:\/\/yoast.com\/product\/yoast-seo-wordpress\/ -->\n<title>Careers - Excel Services<\/title>\n<meta name=\"robots\" content=\"index, follow, max-snippet:-1, max-image-preview:large, max-video-preview:-1\" \/>\n<link rel=\"canonical\" href=\"https:\/\/excelservices.biz\/es\/careers\/\" \/>\n<meta property=\"og:locale\" content=\"es_MX\" \/>\n<meta property=\"og:type\" content=\"article\" \/>\n<meta property=\"og:title\" content=\"Careers - Excel Services\" \/>\n<meta property=\"og:description\" content=\"Join one of America&#8217;s fastest-growing companies Becoming an industry leader. Named one of America&#8217;s Fastest-Growing Companies by INC. Magazine, Excel is rapidly expanding into an industry leader. We&#8217;re also working to be a job-satisfaction leader. We believe in making our company the best place to work, and we offer competitive compensation, a comprehensive range of&hellip;\" \/>\n<meta property=\"og:url\" content=\"https:\/\/excelservices.biz\/es\/careers\/\" \/>\n<meta property=\"og:site_name\" content=\"Excel Services\" \/>\n<meta property=\"article:publisher\" content=\"https:\/\/www.facebook.com\/excelservices.biz\/\" \/>\n<meta property=\"article:modified_time\" content=\"2026-03-25T14:19:27+00:00\" \/>\n<meta property=\"og:image\" content=\"https:\/\/excelservices.biz\/wp-content\/uploads\/2022\/05\/Health-Benefits.png\" \/>\n<meta name=\"twitter:card\" content=\"summary_large_image\" \/>\n<meta name=\"twitter:label1\" content=\"Tiempo de lectura\" \/>\n\t<meta name=\"twitter:data1\" content=\"3 minutos\" \/>\n<script type=\"application\/ld+json\" class=\"yoast-schema-graph\">{\"@context\":\"https:\\\/\\\/schema.org\",\"@graph\":[{\"@type\":\"WebPage\",\"@id\":\"https:\\\/\\\/excelservices.biz\\\/careers\\\/\",\"url\":\"https:\\\/\\\/excelservices.biz\\\/careers\\\/\",\"name\":\"Careers - Excel Services\",\"isPartOf\":{\"@id\":\"https:\\\/\\\/excelservices.biz\\\/#website\"},\"primaryImageOfPage\":{\"@id\":\"https:\\\/\\\/excelservices.biz\\\/careers\\\/#primaryimage\"},\"image\":{\"@id\":\"https:\\\/\\\/excelservices.biz\\\/careers\\\/#primaryimage\"},\"thumbnailUrl\":\"https:\\\/\\\/excelservices.biz\\\/wp-content\\\/uploads\\\/2022\\\/05\\\/Health-Benefits.png\",\"datePublished\":\"2022-03-19T22:12:55+00:00\",\"dateModified\":\"2026-03-25T14:19:27+00:00\",\"breadcrumb\":{\"@id\":\"https:\\\/\\\/excelservices.biz\\\/careers\\\/#breadcrumb\"},\"inLanguage\":\"es\",\"potentialAction\":[{\"@type\":\"ReadAction\",\"target\":[\"https:\\\/\\\/excelservices.biz\\\/careers\\\/\"]}]},{\"@type\":\"ImageObject\",\"inLanguage\":\"es\",\"@id\":\"https:\\\/\\\/excelservices.biz\\\/careers\\\/#primaryimage\",\"url\":\"https:\\\/\\\/excelservices.biz\\\/wp-content\\\/uploads\\\/2022\\\/05\\\/Health-Benefits.png\",\"contentUrl\":\"https:\\\/\\\/excelservices.biz\\\/wp-content\\\/uploads\\\/2022\\\/05\\\/Health-Benefits.png\"},{\"@type\":\"BreadcrumbList\",\"@id\":\"https:\\\/\\\/excelservices.biz\\\/careers\\\/#breadcrumb\",\"itemListElement\":[{\"@type\":\"ListItem\",\"position\":1,\"name\":\"Home\",\"item\":\"https:\\\/\\\/excelservices.biz\\\/\"},{\"@type\":\"ListItem\",\"position\":2,\"name\":\"Careers\"}]},{\"@type\":\"WebSite\",\"@id\":\"https:\\\/\\\/excelservices.biz\\\/#website\",\"url\":\"https:\\\/\\\/excelservices.biz\\\/\",\"name\":\"Excel Services\",\"description\":\"\",\"publisher\":{\"@id\":\"https:\\\/\\\/excelservices.biz\\\/#organization\"},\"potentialAction\":[{\"@type\":\"SearchAction\",\"target\":{\"@type\":\"EntryPoint\",\"urlTemplate\":\"https:\\\/\\\/excelservices.biz\\\/?s={search_term_string}\"},\"query-input\":{\"@type\":\"PropertyValueSpecification\",\"valueRequired\":true,\"valueName\":\"search_term_string\"}}],\"inLanguage\":\"es\"},{\"@type\":\"Organization\",\"@id\":\"https:\\\/\\\/excelservices.biz\\\/#organization\",\"name\":\"Excel Services\",\"url\":\"https:\\\/\\\/excelservices.biz\\\/\",\"logo\":{\"@type\":\"ImageObject\",\"inLanguage\":\"es\",\"@id\":\"https:\\\/\\\/excelservices.biz\\\/#\\\/schema\\\/logo\\\/image\\\/\",\"url\":\"https:\\\/\\\/excelservices.biz\\\/wp-content\\\/uploads\\\/2022\\\/05\\\/cover.png\",\"contentUrl\":\"https:\\\/\\\/excelservices.biz\\\/wp-content\\\/uploads\\\/2022\\\/05\\\/cover.png\",\"width\":1920,\"height\":1080,\"caption\":\"Excel Services\"},\"image\":{\"@id\":\"https:\\\/\\\/excelservices.biz\\\/#\\\/schema\\\/logo\\\/image\\\/\"},\"sameAs\":[\"https:\\\/\\\/www.facebook.com\\\/excelservices.biz\\\/\",\"https:\\\/\\\/www.linkedin.com\\\/company\\\/excel-services-inc-\\\/\"]}]}<\/script>\n<!-- \/ Yoast SEO plugin. -->","yoast_head_json":{"title":"Careers - Excel Services","robots":{"index":"index","follow":"follow","max-snippet":"max-snippet:-1","max-image-preview":"max-image-preview:large","max-video-preview":"max-video-preview:-1"},"canonical":"https:\/\/excelservices.biz\/es\/careers\/","og_locale":"es_MX","og_type":"article","og_title":"Careers - Excel Services","og_description":"Join one of America&#8217;s fastest-growing companies Becoming an industry leader. Named one of America&#8217;s Fastest-Growing Companies by INC. Magazine, Excel is rapidly expanding into an industry leader. We&#8217;re also working to be a job-satisfaction leader. We believe in making our company the best place to work, and we offer competitive compensation, a comprehensive range of&hellip;","og_url":"https:\/\/excelservices.biz\/es\/careers\/","og_site_name":"Excel Services","article_publisher":"https:\/\/www.facebook.com\/excelservices.biz\/","article_modified_time":"2026-03-25T14:19:27+00:00","og_image":[{"url":"https:\/\/excelservices.biz\/wp-content\/uploads\/2022\/05\/Health-Benefits.png","type":"","width":"","height":""}],"twitter_card":"summary_large_image","twitter_misc":{"Tiempo de lectura":"3 minutos"},"schema":{"@context":"https:\/\/schema.org","@graph":[{"@type":"WebPage","@id":"https:\/\/excelservices.biz\/careers\/","url":"https:\/\/excelservices.biz\/careers\/","name":"Careers - Excel Services","isPartOf":{"@id":"https:\/\/excelservices.biz\/#website"},"primaryImageOfPage":{"@id":"https:\/\/excelservices.biz\/careers\/#primaryimage"},"image":{"@id":"https:\/\/excelservices.biz\/careers\/#primaryimage"},"thumbnailUrl":"https:\/\/excelservices.biz\/wp-content\/uploads\/2022\/05\/Health-Benefits.png","datePublished":"2022-03-19T22:12:55+00:00","dateModified":"2026-03-25T14:19:27+00:00","breadcrumb":{"@id":"https:\/\/excelservices.biz\/careers\/#breadcrumb"},"inLanguage":"es","potentialAction":[{"@type":"ReadAction","target":["https:\/\/excelservices.biz\/careers\/"]}]},{"@type":"ImageObject","inLanguage":"es","@id":"https:\/\/excelservices.biz\/careers\/#primaryimage","url":"https:\/\/excelservices.biz\/wp-content\/uploads\/2022\/05\/Health-Benefits.png","contentUrl":"https:\/\/excelservices.biz\/wp-content\/uploads\/2022\/05\/Health-Benefits.png"},{"@type":"BreadcrumbList","@id":"https:\/\/excelservices.biz\/careers\/#breadcrumb","itemListElement":[{"@type":"ListItem","position":1,"name":"Home","item":"https:\/\/excelservices.biz\/"},{"@type":"ListItem","position":2,"name":"Careers"}]},{"@type":"WebSite","@id":"https:\/\/excelservices.biz\/#website","url":"https:\/\/excelservices.biz\/","name":"Servicios de Excel","description":"","publisher":{"@id":"https:\/\/excelservices.biz\/#organization"},"potentialAction":[{"@type":"SearchAction","target":{"@type":"EntryPoint","urlTemplate":"https:\/\/excelservices.biz\/?s={search_term_string}"},"query-input":{"@type":"PropertyValueSpecification","valueRequired":true,"valueName":"search_term_string"}}],"inLanguage":"es"},{"@type":"Organization","@id":"https:\/\/excelservices.biz\/#organization","name":"Servicios de Excel","url":"https:\/\/excelservices.biz\/","logo":{"@type":"ImageObject","inLanguage":"es","@id":"https:\/\/excelservices.biz\/#\/schema\/logo\/image\/","url":"https:\/\/excelservices.biz\/wp-content\/uploads\/2022\/05\/cover.png","contentUrl":"https:\/\/excelservices.biz\/wp-content\/uploads\/2022\/05\/cover.png","width":1920,"height":1080,"caption":"Excel Services"},"image":{"@id":"https:\/\/excelservices.biz\/#\/schema\/logo\/image\/"},"sameAs":["https:\/\/www.facebook.com\/excelservices.biz\/","https:\/\/www.linkedin.com\/company\/excel-services-inc-\/"]}]}},"_links":{"self":[{"href":"https:\/\/excelservices.biz\/es\/wp-json\/wp\/v2\/pages\/128","targetHints":{"allow":["GET"]}}],"collection":[{"href":"https:\/\/excelservices.biz\/es\/wp-json\/wp\/v2\/pages"}],"about":[{"href":"https:\/\/excelservices.biz\/es\/wp-json\/wp\/v2\/types\/page"}],"author":[{"embeddable":true,"href":"https:\/\/excelservices.biz\/es\/wp-json\/wp\/v2\/users\/7"}],"replies":[{"embeddable":true,"href":"https:\/\/excelservices.biz\/es\/wp-json\/wp\/v2\/comments?post=128"}],"version-history":[{"count":15,"href":"https:\/\/excelservices.biz\/es\/wp-json\/wp\/v2\/pages\/128\/revisions"}],"predecessor-version":[{"id":1519,"href":"https:\/\/excelservices.biz\/es\/wp-json\/wp\/v2\/pages\/128\/revisions\/1519"}],"wp:attachment":[{"href":"https:\/\/excelservices.biz\/es\/wp-json\/wp\/v2\/media?parent=128"}],"curies":[{"name":"wp","href":"https:\/\/api.w.org\/{rel}","templated":true}]}}