{"id":287,"date":"2022-03-22T14:34:37","date_gmt":"2022-03-22T18:34:37","guid":{"rendered":"https:\/\/excelservices.local.loud\/?page_id=287"},"modified":"2022-03-24T15:34:54","modified_gmt":"2022-03-24T19:34:54","slug":"register","status":"publish","type":"page","link":"https:\/\/excelservices.biz\/es\/register\/","title":{"rendered":"Registro"},"content":{"rendered":"\n\n\t\t<h1>\n\t\t\temployee\n\t\t\t\t\t\t\t\t\t\t\tportal\n\t\t<\/h1>\n<h2>\n\t\tCreate an Account\n\t<\/h2>\n                <form method='post' enctype='multipart\/form-data' target='gform_ajax_frame_3' id='gform_3'  action='\/?page_id=287&#038;fl_builder#gf_3'>\n                        <fieldset id=\"field_3_1\"><legend class='gfield_label gfield_label_before_complex'>Name*<\/legend>\n                                                    <input type='text' name='input_1.3' id='input_3_1_3' value='' tabindex='101'  aria-required='true'     \/>\n                                                    <label for='input_3_1_3'>First<\/label>\n                                                    <input type='text' name='input_1.6' id='input_3_1_6' value='' tabindex='103'  aria-required='true'     \/>\n                                                    <label for='input_3_1_6'>Last<\/label>\n                        <\/fieldset><label class='gfield_label' for='input_3_2'>Email*<\/label>\n                            <input name='input_2' id='input_3_2' type='text' value='' class='large' tabindex='105'   aria-required=\"true\" aria-invalid=\"false\"  \/>\n                        <fieldset id=\"field_3_3\"><legend class='gfield_label gfield_label_before_complex'>Password*<\/legend>\n\t\t\t\t\t\t\t<input type='password' name='input_3' id='input_3_3' onkeyup='gformShowPasswordStrength(\"input_3_3\");' onchange='gformShowPasswordStrength(\"input_3_3\");' value='' tabindex='106'  aria-required=\"true\" aria-invalid=\"false\"  \/>\n\t\t\t\t\t\t\t<label for='input_3_3'>Enter Password<\/label>\n\t\t\t\t\t\t\t<input type='password' name='input_3_2' id='input_3_3_2' onkeyup='gformShowPasswordStrength(\"input_3_3\");' onchange='gformShowPasswordStrength(\"input_3_3\");' value='' tabindex='107'  aria-required=\"true\" aria-invalid=\"false\" \/>\n\t\t\t\t\t\t\t<label for='input_3_3_2'>Confirm Password<\/label>\n\t\t\t\t\t\t\t\t\t\t\t\t\t\t\t\t\t\t\tStrength indicator\n\t\t\t\t\t\t\t\t\t\t\t\t\t\t\t\t\t\t<input type='hidden' class='gform_hidden' id='input_3_3_strength' name='input_3_strength' \/><\/fieldset><label class='gfield_label' for='input_3_4'>Comments<\/label><input name='input_4' id='input_3_4' type='text' value='' \/>This field is for validation purposes and should be left unchanged.\n         <input type='submit' id='gform_submit_button_3' class='gform_button button' value='Register' tabindex='108' onclick='if(window[\"gf_submitting_3\"]){return false;}  window[\"gf_submitting_3\"]=true;  ' onkeypress='if( event.keyCode == 13 ){ if(window[\"gf_submitting_3\"]){return false;} window[\"gf_submitting_3\"]=true;  jQuery(\"#gform_3\").trigger(\"submit\",[true]); }' \/> <input type='hidden' name='gform_ajax' value='form_id=3&amp;title=&amp;description=&amp;tabindex=100' \/>\n            <input type='hidden' class='gform_hidden' name='is_submit_3' value='1' \/>\n            <input type='hidden' class='gform_hidden' name='gform_submit' value='3' \/>\n            <input type='hidden' class='gform_hidden' name='gform_unique_id' value='' \/>\n            <input type='hidden' class='gform_hidden' name='state_3' value='WyJbXSIsImZlYmVmMGE1MTU4MjA2MmU3YmFkYTcwZDk1MmZkMDc0Il0=' \/>\n            <input type='hidden' class='gform_hidden' name='gform_target_page_number_3' id='gform_target_page_number_3' value='0' \/>\n            <input type='hidden' class='gform_hidden' name='gform_source_page_number_3' id='gform_source_page_number_3' value='1' \/>\n            <input type='hidden' name='gform_field_values' value='' \/>\n                        <p><label>&#916;<textarea name=\"ak_hp_textarea\" cols=\"45\" rows=\"8\" maxlength=\"100\"><\/textarea><\/label><input type=\"hidden\" id=\"ak_js_1\" name=\"ak_js\" value=\"89\"\/><\/p><\/form>\n                <iframe style='display:none;width:0px;height:0px;' src='about:blank' name='gform_ajax_frame_3' id='gform_ajax_frame_3' title='This iframe contains the logic required to handle Ajax powered Gravity Forms.'><\/iframe>\n\n","protected":false},"excerpt":{"rendered":"<p>portal del empleado Crear una cuenta Nombre* Nombre Apellido Correo electr\u00f3nico* Contrase\u00f1a* Introducir contrase\u00f1a Confirmar contrase\u00f1a Indicador de solidez ComentariosEste campo es de validaci\u00f3n y debe dejarse sin modificar. \u0394<\/p>","protected":false},"author":7,"featured_media":0,"parent":0,"menu_order":0,"comment_status":"closed","ping_status":"closed","template":"","meta":{"_acf_changed":false,"_monsterinsights_skip_tracking":false,"_monsterinsights_sitenote_active":false,"_monsterinsights_sitenote_note":"","_monsterinsights_sitenote_category":0,"footnotes":""},"class_list":["post-287","page","type-page","status-publish","hentry"],"acf":[],"yoast_head":"<!-- This site is optimized with the Yoast SEO plugin v27.4 - https:\/\/yoast.com\/product\/yoast-seo-wordpress\/ -->\n<title>Register - Excel Services<\/title>\n<meta name=\"robots\" content=\"index, follow, max-snippet:-1, max-image-preview:large, max-video-preview:-1\" \/>\n<link rel=\"canonical\" href=\"https:\/\/excelservices.biz\/es\/register\/\" \/>\n<meta property=\"og:locale\" content=\"es_MX\" \/>\n<meta property=\"og:type\" content=\"article\" \/>\n<meta property=\"og:title\" content=\"Register - Excel Services\" \/>\n<meta property=\"og:description\" content=\"employee portal Create an Account Name* First Last Email* Password* Enter Password Confirm Password Strength indicator CommentsThis field is for validation purposes and should be left unchanged. &#916;\" \/>\n<meta property=\"og:url\" content=\"https:\/\/excelservices.biz\/es\/register\/\" \/>\n<meta property=\"og:site_name\" content=\"Excel Services\" \/>\n<meta property=\"article:publisher\" content=\"https:\/\/www.facebook.com\/excelservices.biz\/\" \/>\n<meta property=\"article:modified_time\" content=\"2022-03-24T19:34:54+00:00\" \/>\n<meta property=\"og:image\" content=\"https:\/\/excelservices.biz\/wp-content\/uploads\/2022\/05\/social-share.jpg\" \/>\n\t<meta property=\"og:image:width\" content=\"1440\" \/>\n\t<meta property=\"og:image:height\" content=\"800\" \/>\n\t<meta property=\"og:image:type\" content=\"image\/jpeg\" \/>\n<meta name=\"twitter:card\" content=\"summary_large_image\" \/>\n<script type=\"application\/ld+json\" class=\"yoast-schema-graph\">{\"@context\":\"https:\\\/\\\/schema.org\",\"@graph\":[{\"@type\":\"WebPage\",\"@id\":\"https:\\\/\\\/excelservices.biz\\\/register\\\/\",\"url\":\"https:\\\/\\\/excelservices.biz\\\/register\\\/\",\"name\":\"Register - Excel Services\",\"isPartOf\":{\"@id\":\"https:\\\/\\\/excelservices.biz\\\/#website\"},\"datePublished\":\"2022-03-22T18:34:37+00:00\",\"dateModified\":\"2022-03-24T19:34:54+00:00\",\"breadcrumb\":{\"@id\":\"https:\\\/\\\/excelservices.biz\\\/register\\\/#breadcrumb\"},\"inLanguage\":\"es\",\"potentialAction\":[{\"@type\":\"ReadAction\",\"target\":[\"https:\\\/\\\/excelservices.biz\\\/register\\\/\"]}]},{\"@type\":\"BreadcrumbList\",\"@id\":\"https:\\\/\\\/excelservices.biz\\\/register\\\/#breadcrumb\",\"itemListElement\":[{\"@type\":\"ListItem\",\"position\":1,\"name\":\"Home\",\"item\":\"https:\\\/\\\/excelservices.biz\\\/\"},{\"@type\":\"ListItem\",\"position\":2,\"name\":\"Register\"}]},{\"@type\":\"WebSite\",\"@id\":\"https:\\\/\\\/excelservices.biz\\\/#website\",\"url\":\"https:\\\/\\\/excelservices.biz\\\/\",\"name\":\"Excel Services\",\"description\":\"\",\"publisher\":{\"@id\":\"https:\\\/\\\/excelservices.biz\\\/#organization\"},\"potentialAction\":[{\"@type\":\"SearchAction\",\"target\":{\"@type\":\"EntryPoint\",\"urlTemplate\":\"https:\\\/\\\/excelservices.biz\\\/?s={search_term_string}\"},\"query-input\":{\"@type\":\"PropertyValueSpecification\",\"valueRequired\":true,\"valueName\":\"search_term_string\"}}],\"inLanguage\":\"es\"},{\"@type\":\"Organization\",\"@id\":\"https:\\\/\\\/excelservices.biz\\\/#organization\",\"name\":\"Excel Services\",\"url\":\"https:\\\/\\\/excelservices.biz\\\/\",\"logo\":{\"@type\":\"ImageObject\",\"inLanguage\":\"es\",\"@id\":\"https:\\\/\\\/excelservices.biz\\\/#\\\/schema\\\/logo\\\/image\\\/\",\"url\":\"https:\\\/\\\/excelservices.biz\\\/wp-content\\\/uploads\\\/2022\\\/05\\\/cover.png\",\"contentUrl\":\"https:\\\/\\\/excelservices.biz\\\/wp-content\\\/uploads\\\/2022\\\/05\\\/cover.png\",\"width\":1920,\"height\":1080,\"caption\":\"Excel Services\"},\"image\":{\"@id\":\"https:\\\/\\\/excelservices.biz\\\/#\\\/schema\\\/logo\\\/image\\\/\"},\"sameAs\":[\"https:\\\/\\\/www.facebook.com\\\/excelservices.biz\\\/\",\"https:\\\/\\\/www.linkedin.com\\\/company\\\/excel-services-inc-\\\/\"]}]}<\/script>\n<!-- \/ Yoast SEO plugin. -->","yoast_head_json":{"title":"Register - Excel Services","robots":{"index":"index","follow":"follow","max-snippet":"max-snippet:-1","max-image-preview":"max-image-preview:large","max-video-preview":"max-video-preview:-1"},"canonical":"https:\/\/excelservices.biz\/es\/register\/","og_locale":"es_MX","og_type":"article","og_title":"Register - Excel Services","og_description":"employee portal Create an Account Name* First Last Email* Password* Enter Password Confirm Password Strength indicator CommentsThis field is for validation purposes and should be left unchanged. &#916;","og_url":"https:\/\/excelservices.biz\/es\/register\/","og_site_name":"Excel Services","article_publisher":"https:\/\/www.facebook.com\/excelservices.biz\/","article_modified_time":"2022-03-24T19:34:54+00:00","og_image":[{"width":1440,"height":800,"url":"https:\/\/excelservices.biz\/wp-content\/uploads\/2022\/05\/social-share.jpg","type":"image\/jpeg"}],"twitter_card":"summary_large_image","schema":{"@context":"https:\/\/schema.org","@graph":[{"@type":"WebPage","@id":"https:\/\/excelservices.biz\/register\/","url":"https:\/\/excelservices.biz\/register\/","name":"Register - Excel Services","isPartOf":{"@id":"https:\/\/excelservices.biz\/#website"},"datePublished":"2022-03-22T18:34:37+00:00","dateModified":"2022-03-24T19:34:54+00:00","breadcrumb":{"@id":"https:\/\/excelservices.biz\/register\/#breadcrumb"},"inLanguage":"es","potentialAction":[{"@type":"ReadAction","target":["https:\/\/excelservices.biz\/register\/"]}]},{"@type":"BreadcrumbList","@id":"https:\/\/excelservices.biz\/register\/#breadcrumb","itemListElement":[{"@type":"ListItem","position":1,"name":"Home","item":"https:\/\/excelservices.biz\/"},{"@type":"ListItem","position":2,"name":"Register"}]},{"@type":"WebSite","@id":"https:\/\/excelservices.biz\/#website","url":"https:\/\/excelservices.biz\/","name":"Servicios de Excel","description":"","publisher":{"@id":"https:\/\/excelservices.biz\/#organization"},"potentialAction":[{"@type":"SearchAction","target":{"@type":"EntryPoint","urlTemplate":"https:\/\/excelservices.biz\/?s={search_term_string}"},"query-input":{"@type":"PropertyValueSpecification","valueRequired":true,"valueName":"search_term_string"}}],"inLanguage":"es"},{"@type":"Organization","@id":"https:\/\/excelservices.biz\/#organization","name":"Servicios de Excel","url":"https:\/\/excelservices.biz\/","logo":{"@type":"ImageObject","inLanguage":"es","@id":"https:\/\/excelservices.biz\/#\/schema\/logo\/image\/","url":"https:\/\/excelservices.biz\/wp-content\/uploads\/2022\/05\/cover.png","contentUrl":"https:\/\/excelservices.biz\/wp-content\/uploads\/2022\/05\/cover.png","width":1920,"height":1080,"caption":"Excel Services"},"image":{"@id":"https:\/\/excelservices.biz\/#\/schema\/logo\/image\/"},"sameAs":["https:\/\/www.facebook.com\/excelservices.biz\/","https:\/\/www.linkedin.com\/company\/excel-services-inc-\/"]}]}},"_links":{"self":[{"href":"https:\/\/excelservices.biz\/es\/wp-json\/wp\/v2\/pages\/287","targetHints":{"allow":["GET"]}}],"collection":[{"href":"https:\/\/excelservices.biz\/es\/wp-json\/wp\/v2\/pages"}],"about":[{"href":"https:\/\/excelservices.biz\/es\/wp-json\/wp\/v2\/types\/page"}],"author":[{"embeddable":true,"href":"https:\/\/excelservices.biz\/es\/wp-json\/wp\/v2\/users\/7"}],"replies":[{"embeddable":true,"href":"https:\/\/excelservices.biz\/es\/wp-json\/wp\/v2\/comments?post=287"}],"version-history":[{"count":4,"href":"https:\/\/excelservices.biz\/es\/wp-json\/wp\/v2\/pages\/287\/revisions"}],"predecessor-version":[{"id":347,"href":"https:\/\/excelservices.biz\/es\/wp-json\/wp\/v2\/pages\/287\/revisions\/347"}],"wp:attachment":[{"href":"https:\/\/excelservices.biz\/es\/wp-json\/wp\/v2\/media?parent=287"}],"curies":[{"name":"wp","href":"https:\/\/api.w.org\/{rel}","templated":true}]}}