{"id":466,"date":"2022-04-28T11:14:24","date_gmt":"2022-04-28T15:14:24","guid":{"rendered":"https:\/\/excelservices.mysites.io\/capabilities\/electrical-construction\/"},"modified":"2024-09-07T10:00:25","modified_gmt":"2024-09-07T14:00:25","slug":"electrical-construction","status":"publish","type":"page","link":"https:\/\/excelservices.biz\/es\/capabilities\/electrical-construction\/","title":{"rendered":"Construcci\u00f3n el\u00e9ctrica"},"content":{"rendered":"<h1>\n\t\t\tELECTRICIDAD\n\t\t\t\t\t\t\t\t\t\t\tCONSTRUCCI\u00d3N\n\t\t<\/h1>\n<h3>\n\t\tLas conexiones adecuadas:\n\t<\/h3>\n<h2>\n\t\tun proveedor l\u00edder de servicios el\u00e9ctricos.\n\t<\/h2>\n\t<p>Fundado como un negocio de m\u00e9ritos hace casi 20 a\u00f1os, Excel Services se compromete a proporcionar sistemas el\u00e9ctricos confiables que satisfagan sus necesidades \u00fanicas.<\/p>\n\t<p>Ya sea que se trate de una nueva construcci\u00f3n, de actualizaciones tecnol\u00f3gicas o de reparaciones y mantenimiento, Excel Services es un contratista el\u00e9ctrico con licencia completa que cuenta con la experiencia, los recursos y las conexiones para satisfacer sus necesidades y garantizar que su proyecto se completar\u00e1 de acuerdo con los c\u00f3digos y normas industriales m\u00e1s exigentes.<\/p>\n<h2>\n\t\tEquipados para ganar\n\t<\/h2>\n\t<p>Nuestras s\u00f3lidas relaciones con l\u00edderes locales y la mano de obra aseguran la instalaci\u00f3n y entrega m\u00e1s eficientes y rentables, orientadas a soluciones para cada cliente, ubicaci\u00f3n y tipo de proyecto espec\u00edficos.<\/p>\n<p>Adem\u00e1s, los gestores de proyectos de Excel son maestros en su oficio: coordinan a la perfecci\u00f3n una amplia red de actividades para contratistas, propietarios de edificios e inquilinos con el fin de ofrecer resultados puntuales sin interrumpir las operaciones diarias.<\/p>\n\t\t\t\t<img loading=\"lazy\" decoding=\"async\" src=\"https:\/\/excelservices.biz\/wp-content\/uploads\/2022\/05\/ElectricalCapabilities-1.jpg\" alt=\"ElectricalCapabilities (1)\" itemprop=\"image\" height=\"934\" width=\"1140\" title=\"Capacidades el\u00e9ctricas (1)\" onerror=\"this.style.display='none'\"  \/>\n<h3>\n\t\tConocimientos y experiencia en\n\t<\/h3>\n<h2>\n\t\tDise\u00f1o, construcci\u00f3n y mantenimiento de sistemas el\u00e9ctricos\n\t<\/h2>\n\t<p>Las capacidades incluyen:<\/p>\n\t<ul>\n<li>Iluminaci\u00f3n interior\/exterior<\/li>\n<li>Controles de iluminaci\u00f3n<\/li>\n<li>Controles el\u00e9ctricos<\/li>\n<li>Distribuci\u00f3n y gesti\u00f3n de la energ\u00eda<\/li>\n<li>Soluciones de gesti\u00f3n y conservaci\u00f3n de la energ\u00eda<\/li>\n<li>Acreditaci\u00f3n LEED<\/li>\n<\/ul>\n<h3>\n\t\tEL SERVICIO DE EXCEL\n\t<\/h3>\n<h2>\n\t\tEXPERIENCIA\n\t<\/h2>\n\t\t\t\t<img loading=\"lazy\" decoding=\"async\" src=\"https:\/\/excelservices.biz\/wp-content\/uploads\/2022\/03\/icon-1.png\" alt=\"icon-1\" itemprop=\"image\" height=\"200\" width=\"200\" title=\"icono-1\" onerror=\"this.style.display='none'\"  \/>\n<h3>\n\t\tCapacidades personalizadas\n\t<\/h3>\n\t<p>Personas, equipos y servicios, alineados para crear los ambientes adecuados para sus operaciones.<\/p>\n\t\t\t\t<img loading=\"lazy\" decoding=\"async\" src=\"https:\/\/excelservices.biz\/wp-content\/uploads\/2022\/03\/icon-2.png\" alt=\"icon-2\" itemprop=\"image\" height=\"200\" width=\"200\" title=\"icono-2\" onerror=\"this.style.display='none'\"  \/>\n<h3>\n\t\tServicio ininterrumpido\n\t<\/h3>\n\t<p>Cuente con el servicio y apoyo continuo de nuestro equipo de profesionales capacitados para asegurar que su equipo se mantenga y funcione como debe. <\/p>\n\t\t\t\t<img loading=\"lazy\" decoding=\"async\" src=\"https:\/\/excelservices.biz\/wp-content\/uploads\/2022\/03\/icon-3.png\" alt=\"icon-3\" itemprop=\"image\" height=\"200\" width=\"200\" title=\"icono-3\" onerror=\"this.style.display='none'\"  \/>\n<h3>\n\t\tAsociaci\u00f3n \u00e1gil\n\t<\/h3>\n\t<p>Las cosas cambian. Como expertos en MEP y Mantenimiento de Instalaciones de Dise\u00f1o y Construcci\u00f3n, estaremos all\u00ed cuando ocurra.<\/p>\n<h3>\n\t\tProyecto Destacado\n\t<\/h3>\n<h3>\n\t\tREPUBLIC BANK\n\t<\/h3>\n<h2>\n\t\tFUNDACI\u00d3N YMCA\n\t<\/h2>\n\t<p>Excel Services, Inc. enthusiastically participated in this new multi-functional project that has brought new life to West Louisville.<\/p>\n\t\t\t<a href=\"https:\/\/excelservices.biz\/es\/projects\/republic-bank-foundation-ymca\/\" target=\"_self\" rel=\"noopener\">\n\t\t\t\t\t\t\tVer proyecto\n\t\t\t\t\t<\/a>\n\t\t\t<a href=\"https:\/\/excelservices.biz\/es\/projects\/\" target=\"_self\" rel=\"noopener\">\n\t\t\t\t\t\t\tVer todos los proyectos\n\t\t\t\t\t<\/a>\n\t\t\t\t<img loading=\"lazy\" decoding=\"async\" src=\"https:\/\/excelservices.biz\/wp-content\/uploads\/2022\/03\/YMCA-West-Louisville-18th-and-Broadway-Twilight_1-1-960x540.jpeg\" alt=\"YMCA-West-Louisville-18th-and-Broadway-Twilight_1 (1)\" itemprop=\"image\" height=\"540\" width=\"960\" title=\"YMCA-West-Louisville-18th-and-Broadway-Twilight_1 (1)\" onerror=\"this.style.display='none'\"  \/>\n<h3>\n\t\thablemos de su\n\t<\/h3>\n<h2>\n\t\tProyecto el\u00e9ctrico\n\t<\/h2>\n\t<p>Tanto si se trata de la gesti\u00f3n de la energ\u00eda en toda la instalaci\u00f3n como de la planificaci\u00f3n y el cableado de un nuevo rascacielos, nuestras d\u00e9cadas de experiencia y conocimientos el\u00e9ctricos pueden marcar la diferencia para usted.<\/p>\n\t\t\t<a href=\"https:\/\/excelservices.biz\/es\/contact-us\/\" target=\"_self\" rel=\"noopener\">\n\t\t\t\t\t\t\tContacto\n\t\t\t\t\t<\/a>","protected":false},"excerpt":{"rendered":"<p>CONSTRUCCI\u00d3N EL\u00c9CTRICA Las conexiones adecuadas: un proveedor l\u00edder de servicios el\u00e9ctricos. Fundada como una tienda de m\u00e9ritos hace casi 20 a\u00f1os, Excel Services est\u00e1 comprometida con sistemas el\u00e9ctricos confiables que satisfacen sus necesidades \u00fanicas. Ya sea que se trate de una nueva construcci\u00f3n, actualizaciones tecnol\u00f3gicas o reparaciones y mantenimiento, Excel Services es un contratista el\u00e9ctrico con licencia completa que cuenta con la experiencia, los recursos y...<\/p>","protected":false},"author":7,"featured_media":0,"parent":125,"menu_order":10,"comment_status":"closed","ping_status":"closed","template":"","meta":{"_acf_changed":false,"_monsterinsights_skip_tracking":false,"_monsterinsights_sitenote_active":false,"_monsterinsights_sitenote_note":"","_monsterinsights_sitenote_category":0,"footnotes":""},"class_list":["post-466","page","type-page","status-publish","hentry"],"acf":[],"yoast_head":"<!-- This site is optimized with the Yoast SEO plugin v27.4 - https:\/\/yoast.com\/product\/yoast-seo-wordpress\/ -->\n<title>Electrical Construction - Excel Services<\/title>\n<meta name=\"robots\" content=\"index, follow, max-snippet:-1, max-image-preview:large, max-video-preview:-1\" \/>\n<link rel=\"canonical\" href=\"https:\/\/excelservices.biz\/es\/capabilities\/electrical-construction\/\" \/>\n<meta property=\"og:locale\" content=\"es_MX\" \/>\n<meta property=\"og:type\" content=\"article\" \/>\n<meta property=\"og:title\" content=\"Electrical Construction - Excel Services\" \/>\n<meta property=\"og:description\" content=\"ELECTRICAL CONSTRUCTION The right connections: a leading electrical services provider. Founded as a merit shop almost 20 years ago, Excel Services is committed to reliable electrical systems that meet your unique needs. Whether it&#8217;s new construction, technology upgrades, or repairs and maintenance, Excel Services is a fully licensed electrical contractor with the experience, resources, and&hellip;\" \/>\n<meta property=\"og:url\" content=\"https:\/\/excelservices.biz\/es\/capabilities\/electrical-construction\/\" \/>\n<meta property=\"og:site_name\" content=\"Excel Services\" \/>\n<meta property=\"article:publisher\" content=\"https:\/\/www.facebook.com\/excelservices.biz\/\" \/>\n<meta property=\"article:modified_time\" content=\"2024-09-07T14:00:25+00:00\" \/>\n<meta property=\"og:image\" content=\"https:\/\/excelservices.biz\/wp-content\/uploads\/2022\/05\/ElectricalCapabilities-1.jpg\" \/>\n<meta name=\"twitter:card\" content=\"summary_large_image\" \/>\n<meta name=\"twitter:label1\" content=\"Tiempo de lectura\" \/>\n\t<meta name=\"twitter:data1\" content=\"3 minutos\" \/>\n<script type=\"application\/ld+json\" class=\"yoast-schema-graph\">{\"@context\":\"https:\\\/\\\/schema.org\",\"@graph\":[{\"@type\":\"WebPage\",\"@id\":\"https:\\\/\\\/excelservices.biz\\\/capabilities\\\/electrical-construction\\\/\",\"url\":\"https:\\\/\\\/excelservices.biz\\\/capabilities\\\/electrical-construction\\\/\",\"name\":\"Electrical Construction - Excel Services\",\"isPartOf\":{\"@id\":\"https:\\\/\\\/excelservices.biz\\\/#website\"},\"primaryImageOfPage\":{\"@id\":\"https:\\\/\\\/excelservices.biz\\\/capabilities\\\/electrical-construction\\\/#primaryimage\"},\"image\":{\"@id\":\"https:\\\/\\\/excelservices.biz\\\/capabilities\\\/electrical-construction\\\/#primaryimage\"},\"thumbnailUrl\":\"https:\\\/\\\/excelservices.biz\\\/wp-content\\\/uploads\\\/2022\\\/05\\\/ElectricalCapabilities-1.jpg\",\"datePublished\":\"2022-04-28T15:14:24+00:00\",\"dateModified\":\"2024-09-07T14:00:25+00:00\",\"breadcrumb\":{\"@id\":\"https:\\\/\\\/excelservices.biz\\\/capabilities\\\/electrical-construction\\\/#breadcrumb\"},\"inLanguage\":\"es\",\"potentialAction\":[{\"@type\":\"ReadAction\",\"target\":[\"https:\\\/\\\/excelservices.biz\\\/capabilities\\\/electrical-construction\\\/\"]}]},{\"@type\":\"ImageObject\",\"inLanguage\":\"es\",\"@id\":\"https:\\\/\\\/excelservices.biz\\\/capabilities\\\/electrical-construction\\\/#primaryimage\",\"url\":\"https:\\\/\\\/excelservices.biz\\\/wp-content\\\/uploads\\\/2022\\\/05\\\/ElectricalCapabilities-1.jpg\",\"contentUrl\":\"https:\\\/\\\/excelservices.biz\\\/wp-content\\\/uploads\\\/2022\\\/05\\\/ElectricalCapabilities-1.jpg\"},{\"@type\":\"BreadcrumbList\",\"@id\":\"https:\\\/\\\/excelservices.biz\\\/capabilities\\\/electrical-construction\\\/#breadcrumb\",\"itemListElement\":[{\"@type\":\"ListItem\",\"position\":1,\"name\":\"Home\",\"item\":\"https:\\\/\\\/excelservices.biz\\\/\"},{\"@type\":\"ListItem\",\"position\":2,\"name\":\"Capabilities\",\"item\":\"https:\\\/\\\/excelservices.biz\\\/capabilities\\\/\"},{\"@type\":\"ListItem\",\"position\":3,\"name\":\"Electrical Construction\"}]},{\"@type\":\"WebSite\",\"@id\":\"https:\\\/\\\/excelservices.biz\\\/#website\",\"url\":\"https:\\\/\\\/excelservices.biz\\\/\",\"name\":\"Excel Services\",\"description\":\"\",\"publisher\":{\"@id\":\"https:\\\/\\\/excelservices.biz\\\/#organization\"},\"potentialAction\":[{\"@type\":\"SearchAction\",\"target\":{\"@type\":\"EntryPoint\",\"urlTemplate\":\"https:\\\/\\\/excelservices.biz\\\/?s={search_term_string}\"},\"query-input\":{\"@type\":\"PropertyValueSpecification\",\"valueRequired\":true,\"valueName\":\"search_term_string\"}}],\"inLanguage\":\"es\"},{\"@type\":\"Organization\",\"@id\":\"https:\\\/\\\/excelservices.biz\\\/#organization\",\"name\":\"Excel Services\",\"url\":\"https:\\\/\\\/excelservices.biz\\\/\",\"logo\":{\"@type\":\"ImageObject\",\"inLanguage\":\"es\",\"@id\":\"https:\\\/\\\/excelservices.biz\\\/#\\\/schema\\\/logo\\\/image\\\/\",\"url\":\"https:\\\/\\\/excelservices.biz\\\/wp-content\\\/uploads\\\/2022\\\/05\\\/cover.png\",\"contentUrl\":\"https:\\\/\\\/excelservices.biz\\\/wp-content\\\/uploads\\\/2022\\\/05\\\/cover.png\",\"width\":1920,\"height\":1080,\"caption\":\"Excel Services\"},\"image\":{\"@id\":\"https:\\\/\\\/excelservices.biz\\\/#\\\/schema\\\/logo\\\/image\\\/\"},\"sameAs\":[\"https:\\\/\\\/www.facebook.com\\\/excelservices.biz\\\/\",\"https:\\\/\\\/www.linkedin.com\\\/company\\\/excel-services-inc-\\\/\"]}]}<\/script>\n<!-- \/ Yoast SEO plugin. -->","yoast_head_json":{"title":"Electrical Construction - Excel Services","robots":{"index":"index","follow":"follow","max-snippet":"max-snippet:-1","max-image-preview":"max-image-preview:large","max-video-preview":"max-video-preview:-1"},"canonical":"https:\/\/excelservices.biz\/es\/capabilities\/electrical-construction\/","og_locale":"es_MX","og_type":"article","og_title":"Electrical Construction - Excel Services","og_description":"ELECTRICAL CONSTRUCTION The right connections: a leading electrical services provider. Founded as a merit shop almost 20 years ago, Excel Services is committed to reliable electrical systems that meet your unique needs. Whether it&#8217;s new construction, technology upgrades, or repairs and maintenance, Excel Services is a fully licensed electrical contractor with the experience, resources, and&hellip;","og_url":"https:\/\/excelservices.biz\/es\/capabilities\/electrical-construction\/","og_site_name":"Excel Services","article_publisher":"https:\/\/www.facebook.com\/excelservices.biz\/","article_modified_time":"2024-09-07T14:00:25+00:00","og_image":[{"url":"https:\/\/excelservices.biz\/wp-content\/uploads\/2022\/05\/ElectricalCapabilities-1.jpg","type":"","width":"","height":""}],"twitter_card":"summary_large_image","twitter_misc":{"Tiempo de lectura":"3 minutos"},"schema":{"@context":"https:\/\/schema.org","@graph":[{"@type":"WebPage","@id":"https:\/\/excelservices.biz\/capabilities\/electrical-construction\/","url":"https:\/\/excelservices.biz\/capabilities\/electrical-construction\/","name":"Electrical Construction - Excel Services","isPartOf":{"@id":"https:\/\/excelservices.biz\/#website"},"primaryImageOfPage":{"@id":"https:\/\/excelservices.biz\/capabilities\/electrical-construction\/#primaryimage"},"image":{"@id":"https:\/\/excelservices.biz\/capabilities\/electrical-construction\/#primaryimage"},"thumbnailUrl":"https:\/\/excelservices.biz\/wp-content\/uploads\/2022\/05\/ElectricalCapabilities-1.jpg","datePublished":"2022-04-28T15:14:24+00:00","dateModified":"2024-09-07T14:00:25+00:00","breadcrumb":{"@id":"https:\/\/excelservices.biz\/capabilities\/electrical-construction\/#breadcrumb"},"inLanguage":"es","potentialAction":[{"@type":"ReadAction","target":["https:\/\/excelservices.biz\/capabilities\/electrical-construction\/"]}]},{"@type":"ImageObject","inLanguage":"es","@id":"https:\/\/excelservices.biz\/capabilities\/electrical-construction\/#primaryimage","url":"https:\/\/excelservices.biz\/wp-content\/uploads\/2022\/05\/ElectricalCapabilities-1.jpg","contentUrl":"https:\/\/excelservices.biz\/wp-content\/uploads\/2022\/05\/ElectricalCapabilities-1.jpg"},{"@type":"BreadcrumbList","@id":"https:\/\/excelservices.biz\/capabilities\/electrical-construction\/#breadcrumb","itemListElement":[{"@type":"ListItem","position":1,"name":"Home","item":"https:\/\/excelservices.biz\/"},{"@type":"ListItem","position":2,"name":"Capabilities","item":"https:\/\/excelservices.biz\/capabilities\/"},{"@type":"ListItem","position":3,"name":"Electrical Construction"}]},{"@type":"WebSite","@id":"https:\/\/excelservices.biz\/#website","url":"https:\/\/excelservices.biz\/","name":"Servicios de Excel","description":"","publisher":{"@id":"https:\/\/excelservices.biz\/#organization"},"potentialAction":[{"@type":"SearchAction","target":{"@type":"EntryPoint","urlTemplate":"https:\/\/excelservices.biz\/?s={search_term_string}"},"query-input":{"@type":"PropertyValueSpecification","valueRequired":true,"valueName":"search_term_string"}}],"inLanguage":"es"},{"@type":"Organization","@id":"https:\/\/excelservices.biz\/#organization","name":"Servicios de Excel","url":"https:\/\/excelservices.biz\/","logo":{"@type":"ImageObject","inLanguage":"es","@id":"https:\/\/excelservices.biz\/#\/schema\/logo\/image\/","url":"https:\/\/excelservices.biz\/wp-content\/uploads\/2022\/05\/cover.png","contentUrl":"https:\/\/excelservices.biz\/wp-content\/uploads\/2022\/05\/cover.png","width":1920,"height":1080,"caption":"Excel Services"},"image":{"@id":"https:\/\/excelservices.biz\/#\/schema\/logo\/image\/"},"sameAs":["https:\/\/www.facebook.com\/excelservices.biz\/","https:\/\/www.linkedin.com\/company\/excel-services-inc-\/"]}]}},"_links":{"self":[{"href":"https:\/\/excelservices.biz\/es\/wp-json\/wp\/v2\/pages\/466","targetHints":{"allow":["GET"]}}],"collection":[{"href":"https:\/\/excelservices.biz\/es\/wp-json\/wp\/v2\/pages"}],"about":[{"href":"https:\/\/excelservices.biz\/es\/wp-json\/wp\/v2\/types\/page"}],"author":[{"embeddable":true,"href":"https:\/\/excelservices.biz\/es\/wp-json\/wp\/v2\/users\/7"}],"replies":[{"embeddable":true,"href":"https:\/\/excelservices.biz\/es\/wp-json\/wp\/v2\/comments?post=466"}],"version-history":[{"count":14,"href":"https:\/\/excelservices.biz\/es\/wp-json\/wp\/v2\/pages\/466\/revisions"}],"predecessor-version":[{"id":1255,"href":"https:\/\/excelservices.biz\/es\/wp-json\/wp\/v2\/pages\/466\/revisions\/1255"}],"up":[{"embeddable":true,"href":"https:\/\/excelservices.biz\/es\/wp-json\/wp\/v2\/pages\/125"}],"wp:attachment":[{"href":"https:\/\/excelservices.biz\/es\/wp-json\/wp\/v2\/media?parent=466"}],"curies":[{"name":"wp","href":"https:\/\/api.w.org\/{rel}","templated":true}]}}