{"id":467,"date":"2022-04-28T11:14:24","date_gmt":"2022-04-28T15:14:24","guid":{"rendered":"https:\/\/excelservices.mysites.io\/capabilities\/mechanical-construction\/"},"modified":"2024-08-30T11:02:30","modified_gmt":"2024-08-30T15:02:30","slug":"mechanical-construction","status":"publish","type":"page","link":"https:\/\/excelservices.biz\/es\/capabilities\/mechanical-construction\/","title":{"rendered":"Construcci\u00f3n mec\u00e1nica"},"content":{"rendered":"<h1>\n\t\t\tMEC\u00c1NICA\n\t\t\t\t\t\t\t\t\t\t\tCONSTRUCCI\u00d3N\n\t\t<\/h1>\n<h3>\n\t\tDise\u00f1ar, construir y mantener el coraz\u00f3n\n\t<\/h3>\n<h2>\n\t\tde su operaci\u00f3n\n\t<\/h2>\n\t<p>Ya sea que administre un entorno de oficina o una l\u00ednea de producci\u00f3n, su empresa depende de los sistemas mec\u00e1nicos para mantener su funcionamiento sin problemas.<\/p>\n\t<p>Y si est\u00e1 planeando una nueva construcci\u00f3n, una actualizaci\u00f3n tecnol\u00f3gica o simplemente necesita una simple reparaci\u00f3n, Excel Services tiene los recursos para satisfacer sus expectativas.<\/p>\n<h3>\n\t\tEficiencia en ingenier\u00eda, rentabilidad, confiabilidad e\n\t<\/h3>\n<h2>\n\t\tinstalaci\u00f3n sin contratiempos.\n\t<\/h2>\n\t<p>El equipo de Excel puede construir o instalar cualquier tipo de sistema mec\u00e1nico necesario. Tenemos experiencia, licencia completa y nos comprometemos a ofrecerle el sistema m\u00e1s fiable posible: uno que tambi\u00e9n se instala de acuerdo con las normas exactas de la industria y los c\u00f3digos.<\/p>\n<p>Tenemos la misma habilidad para interactuar con contratistas, propietarios de edificios e inquilinos para entregar un proyecto a tiempo y sin interferir en las operaciones diarias. Nuestra variada combinaci\u00f3n de conocimientos y experiencia, respaldada por una s\u00f3lida gesti\u00f3n y mano de obra locales, garantiza las soluciones m\u00e1s eficientes, rentables y creativas para cada cliente, independientemente de la ubicaci\u00f3n o el tipo de proyecto. <\/p>\n\t\t\t\t<img loading=\"lazy\" decoding=\"async\" src=\"https:\/\/excelservices.biz\/wp-content\/uploads\/2022\/05\/shutterstock_667100452-1.jpg\" alt=\"shutterstock_667100452 (1)\" itemprop=\"image\" height=\"900\" width=\"1100\" title=\"shutterstock_667100452 (1)\" onerror=\"this.style.display='none'\"  \/>\n<h3>\n\t\tCONOCIMIENTOS Y EXPERIENCIA EN\n\t<\/h3>\n<h2>\n\t\tDise\u00f1o, construcci\u00f3n y mantenimiento de sistemas mec\u00e1nicos\n\t<\/h2>\n\t<p>Las capacidades incluyen:<\/p>\n\t<ul>\n<li>Calefacci\u00f3n y aire acondicionado (sistemas empacados y divididos)<\/li>\n<li>Ventilaci\u00f3n<\/li>\n<li>Automatizaci\u00f3n de edificios<\/li>\n<li>Montaje de tuber\u00edas<\/li>\n<li>Soldadura<\/li>\n<\/ul>\n<h3>\n\t\tEL SERVICIO DE EXCEL\n\t<\/h3>\n<h2>\n\t\tEXPERIENCIA\n\t<\/h2>\n\t\t\t\t<img loading=\"lazy\" decoding=\"async\" src=\"https:\/\/excelservices.biz\/wp-content\/uploads\/2022\/03\/icon-1.png\" alt=\"icon-1\" itemprop=\"image\" height=\"200\" width=\"200\" title=\"icono-1\" onerror=\"this.style.display='none'\"  \/>\n<h3>\n\t\tCapacidades personalizadas\n\t<\/h3>\n\t<p>Personas, equipos y servicios, alineados para crear los ambientes adecuados para sus operaciones.<\/p>\n\t\t\t\t<img loading=\"lazy\" decoding=\"async\" src=\"https:\/\/excelservices.biz\/wp-content\/uploads\/2022\/03\/icon-2.png\" alt=\"icon-2\" itemprop=\"image\" height=\"200\" width=\"200\" title=\"icono-2\" onerror=\"this.style.display='none'\"  \/>\n<h3>\n\t\tServicio ininterrumpido\n\t<\/h3>\n\t<p>Cuente con el servicio y apoyo continuo de nuestro equipo de profesionales capacitados para asegurar que su equipo se mantenga y funcione como debe. <\/p>\n\t\t\t\t<img loading=\"lazy\" decoding=\"async\" src=\"https:\/\/excelservices.biz\/wp-content\/uploads\/2022\/03\/icon-3.png\" alt=\"icon-3\" itemprop=\"image\" height=\"200\" width=\"200\" title=\"icono-3\" onerror=\"this.style.display='none'\"  \/>\n<h3>\n\t\tAsociaci\u00f3n \u00e1gil\n\t<\/h3>\n\t<p>Las cosas cambian. Como expertos en MEP y Mantenimiento de Instalaciones de Dise\u00f1o y Construcci\u00f3n, estaremos all\u00ed cuando ocurra.<\/p>\n<h3>\n\t\tProyecto Destacado\n\t<\/h3>\n<h3>\n\t\tMuebles para el hogar\n\t<\/h3>\n<h2>\n\t\tDirecto para usted\n\t<\/h2>\n\t<p>O.S.P. tiene una amplia presencia en l\u00ednea y entrega muebles para el hogar listos para ensamblar directamente a los clientes. Un proyecto de 8 meses con un alcance de trabajo que incluye, pero no se limita a:<\/p>\n<ul>\n<li>400.000 pies cuadrados de construcci\u00f3n y TI<\/li>\n<li>6.200 oficinas construidas<\/li>\n<li>Servicio de 3.000 amperios<\/li>\n<li>Y m\u00e1s...<\/li>\n<\/ul>\n\t\t\t<a href=\"https:\/\/excelservices.biz\/es\/projects\/osp\/\" target=\"_self\" role=\"button\" rel=\"noopener\">\n\t\t\t\t\t\t\tVer proyecto\n\t\t\t\t\t<\/a>\n\t\t\t<a href=\"https:\/\/excelservices.biz\/es\/projects\/\" target=\"_self\" role=\"button\" rel=\"noopener\">\n\t\t\t\t\t\t\tVer todos los proyectos\n\t\t\t\t\t<\/a>\n\t\t\t\t<img loading=\"lazy\" decoding=\"async\" src=\"https:\/\/excelservices.biz\/wp-content\/uploads\/2022\/03\/OSP-1.jpg\" alt=\"OSP 1\" itemprop=\"image\" height=\"705\" width=\"1105\" title=\"OSP 1\" onerror=\"this.style.display='none'\"  \/>\n<h3>\n\t\thablemos de su\n\t<\/h3>\n<h2>\n\t\tproyecto mec\u00e1nico\n\t<\/h2>\n\t<p>Nuestros expertos en sistemas mec\u00e1nicos combinan a\u00f1os de experiencia con conocimientos sobre los \u00faltimos avances y equipos. Podemos ayudarle.<\/p>\n\t\t\t<a href=\"https:\/\/excelservices.biz\/es\/contact-us\/\" target=\"_self\" role=\"button\" rel=\"noopener\">\n\t\t\t\t\t\t\tContacto\n\t\t\t\t\t<\/a>","protected":false},"excerpt":{"rendered":"<p>CONSTRUCCI\u00d3N MEC\u00c1NICA Dise\u00f1ando, construyendo y manteniendo el coraz\u00f3n de su operaci\u00f3n Ya sea que maneje un ambiente de oficina o una l\u00ednea de producci\u00f3n, su negocio depende de los sistemas mec\u00e1nicos para mantener su operaci\u00f3n funcionando sin problemas. Y si est\u00e1 planeando una nueva construcci\u00f3n, una actualizaci\u00f3n tecnol\u00f3gica o simplemente necesita una simple reparaci\u00f3n, Excel Services tiene los recursos para satisfacer...<\/p>","protected":false},"author":7,"featured_media":0,"parent":125,"menu_order":11,"comment_status":"closed","ping_status":"closed","template":"","meta":{"_acf_changed":false,"_monsterinsights_skip_tracking":false,"_monsterinsights_sitenote_active":false,"_monsterinsights_sitenote_note":"","_monsterinsights_sitenote_category":0,"footnotes":""},"class_list":["post-467","page","type-page","status-publish","hentry"],"acf":[],"yoast_head":"<!-- This site is optimized with the Yoast SEO plugin v27.4 - https:\/\/yoast.com\/product\/yoast-seo-wordpress\/ -->\n<title>Mechanical Construction - Excel Services<\/title>\n<meta name=\"robots\" content=\"index, follow, max-snippet:-1, max-image-preview:large, max-video-preview:-1\" \/>\n<link rel=\"canonical\" href=\"https:\/\/excelservices.biz\/es\/capabilities\/mechanical-construction\/\" \/>\n<meta property=\"og:locale\" content=\"es_MX\" \/>\n<meta property=\"og:type\" content=\"article\" \/>\n<meta property=\"og:title\" content=\"Mechanical Construction - Excel Services\" \/>\n<meta property=\"og:description\" content=\"MECHANICAL CONSTRUCTION Designing, building, and maintaining the heart of your operation Whether you manage an office environment or a production line, your business relies on mechanical systems to keep your operation running smoothly. And whether you&#8217;re planning new construction, a technology upgrade, or just need a simple repair, Excel Services has the resources to meet&hellip;\" \/>\n<meta property=\"og:url\" content=\"https:\/\/excelservices.biz\/es\/capabilities\/mechanical-construction\/\" \/>\n<meta property=\"og:site_name\" content=\"Excel Services\" \/>\n<meta property=\"article:publisher\" content=\"https:\/\/www.facebook.com\/excelservices.biz\/\" \/>\n<meta property=\"article:modified_time\" content=\"2024-08-30T15:02:30+00:00\" \/>\n<meta property=\"og:image\" content=\"https:\/\/excelservices.biz\/wp-content\/uploads\/2022\/05\/shutterstock_667100452-1.jpg\" \/>\n<meta name=\"twitter:card\" content=\"summary_large_image\" \/>\n<meta name=\"twitter:label1\" content=\"Tiempo de lectura\" \/>\n\t<meta name=\"twitter:data1\" content=\"3 minutos\" \/>\n<script type=\"application\/ld+json\" class=\"yoast-schema-graph\">{\"@context\":\"https:\\\/\\\/schema.org\",\"@graph\":[{\"@type\":\"WebPage\",\"@id\":\"https:\\\/\\\/excelservices.biz\\\/capabilities\\\/mechanical-construction\\\/\",\"url\":\"https:\\\/\\\/excelservices.biz\\\/capabilities\\\/mechanical-construction\\\/\",\"name\":\"Mechanical Construction - Excel Services\",\"isPartOf\":{\"@id\":\"https:\\\/\\\/excelservices.biz\\\/#website\"},\"primaryImageOfPage\":{\"@id\":\"https:\\\/\\\/excelservices.biz\\\/capabilities\\\/mechanical-construction\\\/#primaryimage\"},\"image\":{\"@id\":\"https:\\\/\\\/excelservices.biz\\\/capabilities\\\/mechanical-construction\\\/#primaryimage\"},\"thumbnailUrl\":\"https:\\\/\\\/excelservices.biz\\\/wp-content\\\/uploads\\\/2022\\\/05\\\/shutterstock_667100452-1.jpg\",\"datePublished\":\"2022-04-28T15:14:24+00:00\",\"dateModified\":\"2024-08-30T15:02:30+00:00\",\"breadcrumb\":{\"@id\":\"https:\\\/\\\/excelservices.biz\\\/capabilities\\\/mechanical-construction\\\/#breadcrumb\"},\"inLanguage\":\"es\",\"potentialAction\":[{\"@type\":\"ReadAction\",\"target\":[\"https:\\\/\\\/excelservices.biz\\\/capabilities\\\/mechanical-construction\\\/\"]}]},{\"@type\":\"ImageObject\",\"inLanguage\":\"es\",\"@id\":\"https:\\\/\\\/excelservices.biz\\\/capabilities\\\/mechanical-construction\\\/#primaryimage\",\"url\":\"https:\\\/\\\/excelservices.biz\\\/wp-content\\\/uploads\\\/2022\\\/05\\\/shutterstock_667100452-1.jpg\",\"contentUrl\":\"https:\\\/\\\/excelservices.biz\\\/wp-content\\\/uploads\\\/2022\\\/05\\\/shutterstock_667100452-1.jpg\"},{\"@type\":\"BreadcrumbList\",\"@id\":\"https:\\\/\\\/excelservices.biz\\\/capabilities\\\/mechanical-construction\\\/#breadcrumb\",\"itemListElement\":[{\"@type\":\"ListItem\",\"position\":1,\"name\":\"Home\",\"item\":\"https:\\\/\\\/excelservices.biz\\\/\"},{\"@type\":\"ListItem\",\"position\":2,\"name\":\"Capabilities\",\"item\":\"https:\\\/\\\/excelservices.biz\\\/capabilities\\\/\"},{\"@type\":\"ListItem\",\"position\":3,\"name\":\"Mechanical Construction\"}]},{\"@type\":\"WebSite\",\"@id\":\"https:\\\/\\\/excelservices.biz\\\/#website\",\"url\":\"https:\\\/\\\/excelservices.biz\\\/\",\"name\":\"Excel Services\",\"description\":\"\",\"publisher\":{\"@id\":\"https:\\\/\\\/excelservices.biz\\\/#organization\"},\"potentialAction\":[{\"@type\":\"SearchAction\",\"target\":{\"@type\":\"EntryPoint\",\"urlTemplate\":\"https:\\\/\\\/excelservices.biz\\\/?s={search_term_string}\"},\"query-input\":{\"@type\":\"PropertyValueSpecification\",\"valueRequired\":true,\"valueName\":\"search_term_string\"}}],\"inLanguage\":\"es\"},{\"@type\":\"Organization\",\"@id\":\"https:\\\/\\\/excelservices.biz\\\/#organization\",\"name\":\"Excel Services\",\"url\":\"https:\\\/\\\/excelservices.biz\\\/\",\"logo\":{\"@type\":\"ImageObject\",\"inLanguage\":\"es\",\"@id\":\"https:\\\/\\\/excelservices.biz\\\/#\\\/schema\\\/logo\\\/image\\\/\",\"url\":\"https:\\\/\\\/excelservices.biz\\\/wp-content\\\/uploads\\\/2022\\\/05\\\/cover.png\",\"contentUrl\":\"https:\\\/\\\/excelservices.biz\\\/wp-content\\\/uploads\\\/2022\\\/05\\\/cover.png\",\"width\":1920,\"height\":1080,\"caption\":\"Excel Services\"},\"image\":{\"@id\":\"https:\\\/\\\/excelservices.biz\\\/#\\\/schema\\\/logo\\\/image\\\/\"},\"sameAs\":[\"https:\\\/\\\/www.facebook.com\\\/excelservices.biz\\\/\",\"https:\\\/\\\/www.linkedin.com\\\/company\\\/excel-services-inc-\\\/\"]}]}<\/script>\n<!-- \/ Yoast SEO plugin. -->","yoast_head_json":{"title":"Mechanical Construction - Excel Services","robots":{"index":"index","follow":"follow","max-snippet":"max-snippet:-1","max-image-preview":"max-image-preview:large","max-video-preview":"max-video-preview:-1"},"canonical":"https:\/\/excelservices.biz\/es\/capabilities\/mechanical-construction\/","og_locale":"es_MX","og_type":"article","og_title":"Mechanical Construction - Excel Services","og_description":"MECHANICAL CONSTRUCTION Designing, building, and maintaining the heart of your operation Whether you manage an office environment or a production line, your business relies on mechanical systems to keep your operation running smoothly. And whether you&#8217;re planning new construction, a technology upgrade, or just need a simple repair, Excel Services has the resources to meet&hellip;","og_url":"https:\/\/excelservices.biz\/es\/capabilities\/mechanical-construction\/","og_site_name":"Excel Services","article_publisher":"https:\/\/www.facebook.com\/excelservices.biz\/","article_modified_time":"2024-08-30T15:02:30+00:00","og_image":[{"url":"https:\/\/excelservices.biz\/wp-content\/uploads\/2022\/05\/shutterstock_667100452-1.jpg","type":"","width":"","height":""}],"twitter_card":"summary_large_image","twitter_misc":{"Tiempo de lectura":"3 minutos"},"schema":{"@context":"https:\/\/schema.org","@graph":[{"@type":"WebPage","@id":"https:\/\/excelservices.biz\/capabilities\/mechanical-construction\/","url":"https:\/\/excelservices.biz\/capabilities\/mechanical-construction\/","name":"Mechanical Construction - Excel Services","isPartOf":{"@id":"https:\/\/excelservices.biz\/#website"},"primaryImageOfPage":{"@id":"https:\/\/excelservices.biz\/capabilities\/mechanical-construction\/#primaryimage"},"image":{"@id":"https:\/\/excelservices.biz\/capabilities\/mechanical-construction\/#primaryimage"},"thumbnailUrl":"https:\/\/excelservices.biz\/wp-content\/uploads\/2022\/05\/shutterstock_667100452-1.jpg","datePublished":"2022-04-28T15:14:24+00:00","dateModified":"2024-08-30T15:02:30+00:00","breadcrumb":{"@id":"https:\/\/excelservices.biz\/capabilities\/mechanical-construction\/#breadcrumb"},"inLanguage":"es","potentialAction":[{"@type":"ReadAction","target":["https:\/\/excelservices.biz\/capabilities\/mechanical-construction\/"]}]},{"@type":"ImageObject","inLanguage":"es","@id":"https:\/\/excelservices.biz\/capabilities\/mechanical-construction\/#primaryimage","url":"https:\/\/excelservices.biz\/wp-content\/uploads\/2022\/05\/shutterstock_667100452-1.jpg","contentUrl":"https:\/\/excelservices.biz\/wp-content\/uploads\/2022\/05\/shutterstock_667100452-1.jpg"},{"@type":"BreadcrumbList","@id":"https:\/\/excelservices.biz\/capabilities\/mechanical-construction\/#breadcrumb","itemListElement":[{"@type":"ListItem","position":1,"name":"Home","item":"https:\/\/excelservices.biz\/"},{"@type":"ListItem","position":2,"name":"Capabilities","item":"https:\/\/excelservices.biz\/capabilities\/"},{"@type":"ListItem","position":3,"name":"Mechanical Construction"}]},{"@type":"WebSite","@id":"https:\/\/excelservices.biz\/#website","url":"https:\/\/excelservices.biz\/","name":"Servicios de Excel","description":"","publisher":{"@id":"https:\/\/excelservices.biz\/#organization"},"potentialAction":[{"@type":"SearchAction","target":{"@type":"EntryPoint","urlTemplate":"https:\/\/excelservices.biz\/?s={search_term_string}"},"query-input":{"@type":"PropertyValueSpecification","valueRequired":true,"valueName":"search_term_string"}}],"inLanguage":"es"},{"@type":"Organization","@id":"https:\/\/excelservices.biz\/#organization","name":"Servicios de Excel","url":"https:\/\/excelservices.biz\/","logo":{"@type":"ImageObject","inLanguage":"es","@id":"https:\/\/excelservices.biz\/#\/schema\/logo\/image\/","url":"https:\/\/excelservices.biz\/wp-content\/uploads\/2022\/05\/cover.png","contentUrl":"https:\/\/excelservices.biz\/wp-content\/uploads\/2022\/05\/cover.png","width":1920,"height":1080,"caption":"Excel Services"},"image":{"@id":"https:\/\/excelservices.biz\/#\/schema\/logo\/image\/"},"sameAs":["https:\/\/www.facebook.com\/excelservices.biz\/","https:\/\/www.linkedin.com\/company\/excel-services-inc-\/"]}]}},"_links":{"self":[{"href":"https:\/\/excelservices.biz\/es\/wp-json\/wp\/v2\/pages\/467","targetHints":{"allow":["GET"]}}],"collection":[{"href":"https:\/\/excelservices.biz\/es\/wp-json\/wp\/v2\/pages"}],"about":[{"href":"https:\/\/excelservices.biz\/es\/wp-json\/wp\/v2\/types\/page"}],"author":[{"embeddable":true,"href":"https:\/\/excelservices.biz\/es\/wp-json\/wp\/v2\/users\/7"}],"replies":[{"embeddable":true,"href":"https:\/\/excelservices.biz\/es\/wp-json\/wp\/v2\/comments?post=467"}],"version-history":[{"count":9,"href":"https:\/\/excelservices.biz\/es\/wp-json\/wp\/v2\/pages\/467\/revisions"}],"predecessor-version":[{"id":828,"href":"https:\/\/excelservices.biz\/es\/wp-json\/wp\/v2\/pages\/467\/revisions\/828"}],"up":[{"embeddable":true,"href":"https:\/\/excelservices.biz\/es\/wp-json\/wp\/v2\/pages\/125"}],"wp:attachment":[{"href":"https:\/\/excelservices.biz\/es\/wp-json\/wp\/v2\/media?parent=467"}],"curies":[{"name":"wp","href":"https:\/\/api.w.org\/{rel}","templated":true}]}}