{"id":468,"date":"2022-04-28T11:14:24","date_gmt":"2022-04-28T15:14:24","guid":{"rendered":"https:\/\/excelservices.mysites.io\/capabilities\/plumbing\/"},"modified":"2024-08-30T16:08:24","modified_gmt":"2024-08-30T20:08:24","slug":"plumbing","status":"publish","type":"page","link":"https:\/\/excelservices.biz\/es\/capabilities\/plumbing\/","title":{"rendered":"Fontaner\u00eda"},"content":{"rendered":"<h1>\n\t\t\tFONTANER\u00cdA\n\t\t<\/h1>\n<h3>\n\t\tfontaneria\n\t<\/h3>\n<h2>\n\t\tel negocio m\u00e1s serio\n\t<\/h2>\n\t<p>No siempre pensamos en la fontaner\u00eda, especialmente cuando funciona como deber\u00eda, pero es una parte integral de la vida cotidiana. <\/p>\n\t<p>Y los errores de fontaner\u00eda pueden crear un efecto domin\u00f3 de problemas; en los peores casos, problemas que afectan otros sistemas y operaciones comerciales. De hecho, una plomer\u00eda inadecuada puede costarles la vida a los negocios, especialmente en situaciones como tuber\u00edas reventadas o desastres de drenaje.<\/p>\n<h3>\n\t\tUn recurso\n\t<\/h3>\n<h2>\n\t\tintegral\n\t<\/h2>\n\t<p>Excel Services es un contratista de plomer\u00eda certificado y aprobado con los recursos para instalar, reparar y mantener incluso los sistemas m\u00e1s grandes de manera fluida y eficiente, con una m\u00ednima interrupci\u00f3n de las operaciones diarias.<\/p>\n<p>Edificios industriales, edificios de oficinas o incluso mejoras para inquilinos: Excel puede ayudar a garantizar la seguridad, el cumplimiento de normativas y un proceso de proyecto preciso y eficiente que cumple o supera los est\u00e1ndares de la industria.<\/p>\n\t\t\t\t<img loading=\"lazy\" decoding=\"async\" src=\"https:\/\/excelservices.biz\/wp-content\/uploads\/2024\/08\/ExcelPhotos-2-1-scaled.jpg\" alt=\"ExcelPhotos-2\" itemprop=\"image\" height=\"2560\" width=\"1707\" title=\"ExcelPhotos-2\" onerror=\"this.style.display='none'\"  \/>\n<h3>\n\t\tCONOCIMIENTOS Y EXPERIENCIA EN\n\t<\/h3>\n<h2>\n\t\tDise\u00f1o, construcci\u00f3n y mantenimiento de sistemas de plomer\u00eda\n\t<\/h2>\n\t<p>Las capacidades incluyen:<\/p>\n\t<ul>\n<li>Tuber\u00edas de acero inoxidable<\/li>\n<li>Sistemas de agua dom\u00e9stica<\/li>\n<li>Agua reciclada<\/li>\n<li>Tuber\u00edas sanitarias<\/li>\n<\/ul>\n<h3>\n\t\tEL SERVICIO DE EXCEL\n\t<\/h3>\n<h2>\n\t\tEXPERIENCIA\n\t<\/h2>\n\t\t\t\t<img loading=\"lazy\" decoding=\"async\" src=\"https:\/\/excelservices.biz\/wp-content\/uploads\/2022\/03\/icon-1.png\" alt=\"icon-1\" itemprop=\"image\" height=\"200\" width=\"200\" title=\"icono-1\" onerror=\"this.style.display='none'\"  \/>\n<h3>\n\t\tCapacidades personalizadas\n\t<\/h3>\n\t<p>Personas, equipos y servicios, alineados para crear los ambientes adecuados para sus operaciones.<\/p>\n\t\t\t\t<img loading=\"lazy\" decoding=\"async\" src=\"https:\/\/excelservices.biz\/wp-content\/uploads\/2022\/03\/icon-2.png\" alt=\"icon-2\" itemprop=\"image\" height=\"200\" width=\"200\" title=\"icono-2\" onerror=\"this.style.display='none'\"  \/>\n<h3>\n\t\tServicio ininterrumpido\n\t<\/h3>\n\t<p>Cuente con el servicio y apoyo continuo de nuestro equipo de profesionales capacitados para asegurar que su equipo se mantenga y funcione como debe. <\/p>\n\t\t\t\t<img loading=\"lazy\" decoding=\"async\" src=\"https:\/\/excelservices.biz\/wp-content\/uploads\/2022\/03\/icon-3.png\" alt=\"icon-3\" itemprop=\"image\" height=\"200\" width=\"200\" title=\"icono-3\" onerror=\"this.style.display='none'\"  \/>\n<h3>\n\t\tAsociaci\u00f3n \u00e1gil\n\t<\/h3>\n\t<p>Las cosas cambian. Como expertos en MEP y Mantenimiento de Instalaciones de Dise\u00f1o y Construcci\u00f3n, estaremos all\u00ed cuando ocurra.<\/p>\n<h3>\n\t\thablemos de su\n\t<\/h3>\n<h2>\n\t\tProyecto de plomer\u00eda\n\t<\/h2>\n\t<p>Nuestras d\u00e9cadas de experiencia y conocimientos en fontaner\u00eda pueden marcar la diferencia para usted y sus operaciones. Estamos aqu\u00ed para ayudarle.<\/p>\n\t\t\t<a href=\"https:\/\/excelservices.biz\/es\/contact-us\/\" target=\"_self\" rel=\"noopener\">\n\t\t\t\t\t\t\tContacto\n\t\t\t\t\t<\/a>","protected":false},"excerpt":{"rendered":"<p>Fontaner\u00eda: el asunto m\u00e1s serio No siempre pensamos en la fontaner\u00eda, especialmente cuando funciona como deber\u00eda, pero es una parte integral de la vida cotidiana. Y los errores de fontaner\u00eda pueden crear un efecto domin\u00f3 de problemas; en el peor de los casos, problemas que afectan a los dem\u00e1s sistemas y al funcionamiento de su empresa. De hecho, una fontaner\u00eda inadecuada puede...<\/p>","protected":false},"author":7,"featured_media":0,"parent":125,"menu_order":12,"comment_status":"closed","ping_status":"closed","template":"","meta":{"_acf_changed":false,"_monsterinsights_skip_tracking":false,"_monsterinsights_sitenote_active":false,"_monsterinsights_sitenote_note":"","_monsterinsights_sitenote_category":0,"footnotes":""},"class_list":["post-468","page","type-page","status-publish","hentry"],"acf":[],"yoast_head":"<!-- This site is optimized with the Yoast SEO plugin v27.4 - https:\/\/yoast.com\/product\/yoast-seo-wordpress\/ -->\n<title>Plumbing - Excel Services<\/title>\n<meta name=\"robots\" content=\"index, follow, max-snippet:-1, max-image-preview:large, max-video-preview:-1\" \/>\n<link rel=\"canonical\" href=\"https:\/\/excelservices.biz\/es\/capabilities\/plumbing\/\" \/>\n<meta property=\"og:locale\" content=\"es_MX\" \/>\n<meta property=\"og:type\" content=\"article\" \/>\n<meta property=\"og:title\" content=\"Plumbing - Excel Services\" \/>\n<meta property=\"og:description\" content=\"PLUMBING plumbing: the most serious business We don&#8217;t always think about plumbing, especially when it&#8217;s working as it should, but it&#8217;s an integral part of everyday life. And plumbing errors can create a domino effect of issues; in the worst cases, issues that affect your other systems and business operations. In fact, improper plumbing can&hellip;\" \/>\n<meta property=\"og:url\" content=\"https:\/\/excelservices.biz\/es\/capabilities\/plumbing\/\" \/>\n<meta property=\"og:site_name\" content=\"Excel Services\" \/>\n<meta property=\"article:publisher\" content=\"https:\/\/www.facebook.com\/excelservices.biz\/\" \/>\n<meta property=\"article:modified_time\" content=\"2024-08-30T20:08:24+00:00\" \/>\n<meta property=\"og:image\" content=\"https:\/\/excelservices.biz\/wp-content\/uploads\/2024\/08\/ExcelPhotos-2-1-scaled.jpg\" \/>\n<meta name=\"twitter:card\" content=\"summary_large_image\" \/>\n<meta name=\"twitter:label1\" content=\"Tiempo de lectura\" \/>\n\t<meta name=\"twitter:data1\" content=\"3 minutos\" \/>\n<script type=\"application\/ld+json\" class=\"yoast-schema-graph\">{\"@context\":\"https:\\\/\\\/schema.org\",\"@graph\":[{\"@type\":\"WebPage\",\"@id\":\"https:\\\/\\\/excelservices.biz\\\/capabilities\\\/plumbing\\\/\",\"url\":\"https:\\\/\\\/excelservices.biz\\\/capabilities\\\/plumbing\\\/\",\"name\":\"Plumbing - Excel Services\",\"isPartOf\":{\"@id\":\"https:\\\/\\\/excelservices.biz\\\/#website\"},\"primaryImageOfPage\":{\"@id\":\"https:\\\/\\\/excelservices.biz\\\/capabilities\\\/plumbing\\\/#primaryimage\"},\"image\":{\"@id\":\"https:\\\/\\\/excelservices.biz\\\/capabilities\\\/plumbing\\\/#primaryimage\"},\"thumbnailUrl\":\"https:\\\/\\\/excelservices.biz\\\/wp-content\\\/uploads\\\/2024\\\/08\\\/ExcelPhotos-2-1-scaled.jpg\",\"datePublished\":\"2022-04-28T15:14:24+00:00\",\"dateModified\":\"2024-08-30T20:08:24+00:00\",\"breadcrumb\":{\"@id\":\"https:\\\/\\\/excelservices.biz\\\/capabilities\\\/plumbing\\\/#breadcrumb\"},\"inLanguage\":\"es\",\"potentialAction\":[{\"@type\":\"ReadAction\",\"target\":[\"https:\\\/\\\/excelservices.biz\\\/capabilities\\\/plumbing\\\/\"]}]},{\"@type\":\"ImageObject\",\"inLanguage\":\"es\",\"@id\":\"https:\\\/\\\/excelservices.biz\\\/capabilities\\\/plumbing\\\/#primaryimage\",\"url\":\"https:\\\/\\\/excelservices.biz\\\/wp-content\\\/uploads\\\/2024\\\/08\\\/ExcelPhotos-2-1-scaled.jpg\",\"contentUrl\":\"https:\\\/\\\/excelservices.biz\\\/wp-content\\\/uploads\\\/2024\\\/08\\\/ExcelPhotos-2-1-scaled.jpg\"},{\"@type\":\"BreadcrumbList\",\"@id\":\"https:\\\/\\\/excelservices.biz\\\/capabilities\\\/plumbing\\\/#breadcrumb\",\"itemListElement\":[{\"@type\":\"ListItem\",\"position\":1,\"name\":\"Home\",\"item\":\"https:\\\/\\\/excelservices.biz\\\/\"},{\"@type\":\"ListItem\",\"position\":2,\"name\":\"Capabilities\",\"item\":\"https:\\\/\\\/excelservices.biz\\\/capabilities\\\/\"},{\"@type\":\"ListItem\",\"position\":3,\"name\":\"Plumbing\"}]},{\"@type\":\"WebSite\",\"@id\":\"https:\\\/\\\/excelservices.biz\\\/#website\",\"url\":\"https:\\\/\\\/excelservices.biz\\\/\",\"name\":\"Excel Services\",\"description\":\"\",\"publisher\":{\"@id\":\"https:\\\/\\\/excelservices.biz\\\/#organization\"},\"potentialAction\":[{\"@type\":\"SearchAction\",\"target\":{\"@type\":\"EntryPoint\",\"urlTemplate\":\"https:\\\/\\\/excelservices.biz\\\/?s={search_term_string}\"},\"query-input\":{\"@type\":\"PropertyValueSpecification\",\"valueRequired\":true,\"valueName\":\"search_term_string\"}}],\"inLanguage\":\"es\"},{\"@type\":\"Organization\",\"@id\":\"https:\\\/\\\/excelservices.biz\\\/#organization\",\"name\":\"Excel Services\",\"url\":\"https:\\\/\\\/excelservices.biz\\\/\",\"logo\":{\"@type\":\"ImageObject\",\"inLanguage\":\"es\",\"@id\":\"https:\\\/\\\/excelservices.biz\\\/#\\\/schema\\\/logo\\\/image\\\/\",\"url\":\"https:\\\/\\\/excelservices.biz\\\/wp-content\\\/uploads\\\/2022\\\/05\\\/cover.png\",\"contentUrl\":\"https:\\\/\\\/excelservices.biz\\\/wp-content\\\/uploads\\\/2022\\\/05\\\/cover.png\",\"width\":1920,\"height\":1080,\"caption\":\"Excel Services\"},\"image\":{\"@id\":\"https:\\\/\\\/excelservices.biz\\\/#\\\/schema\\\/logo\\\/image\\\/\"},\"sameAs\":[\"https:\\\/\\\/www.facebook.com\\\/excelservices.biz\\\/\",\"https:\\\/\\\/www.linkedin.com\\\/company\\\/excel-services-inc-\\\/\"]}]}<\/script>\n<!-- \/ Yoast SEO plugin. -->","yoast_head_json":{"title":"Plumbing - Excel Services","robots":{"index":"index","follow":"follow","max-snippet":"max-snippet:-1","max-image-preview":"max-image-preview:large","max-video-preview":"max-video-preview:-1"},"canonical":"https:\/\/excelservices.biz\/es\/capabilities\/plumbing\/","og_locale":"es_MX","og_type":"article","og_title":"Plumbing - Excel Services","og_description":"PLUMBING plumbing: the most serious business We don&#8217;t always think about plumbing, especially when it&#8217;s working as it should, but it&#8217;s an integral part of everyday life. And plumbing errors can create a domino effect of issues; in the worst cases, issues that affect your other systems and business operations. In fact, improper plumbing can&hellip;","og_url":"https:\/\/excelservices.biz\/es\/capabilities\/plumbing\/","og_site_name":"Excel Services","article_publisher":"https:\/\/www.facebook.com\/excelservices.biz\/","article_modified_time":"2024-08-30T20:08:24+00:00","og_image":[{"url":"https:\/\/excelservices.biz\/wp-content\/uploads\/2024\/08\/ExcelPhotos-2-1-scaled.jpg","type":"","width":"","height":""}],"twitter_card":"summary_large_image","twitter_misc":{"Tiempo de lectura":"3 minutos"},"schema":{"@context":"https:\/\/schema.org","@graph":[{"@type":"WebPage","@id":"https:\/\/excelservices.biz\/capabilities\/plumbing\/","url":"https:\/\/excelservices.biz\/capabilities\/plumbing\/","name":"Plumbing - Excel Services","isPartOf":{"@id":"https:\/\/excelservices.biz\/#website"},"primaryImageOfPage":{"@id":"https:\/\/excelservices.biz\/capabilities\/plumbing\/#primaryimage"},"image":{"@id":"https:\/\/excelservices.biz\/capabilities\/plumbing\/#primaryimage"},"thumbnailUrl":"https:\/\/excelservices.biz\/wp-content\/uploads\/2024\/08\/ExcelPhotos-2-1-scaled.jpg","datePublished":"2022-04-28T15:14:24+00:00","dateModified":"2024-08-30T20:08:24+00:00","breadcrumb":{"@id":"https:\/\/excelservices.biz\/capabilities\/plumbing\/#breadcrumb"},"inLanguage":"es","potentialAction":[{"@type":"ReadAction","target":["https:\/\/excelservices.biz\/capabilities\/plumbing\/"]}]},{"@type":"ImageObject","inLanguage":"es","@id":"https:\/\/excelservices.biz\/capabilities\/plumbing\/#primaryimage","url":"https:\/\/excelservices.biz\/wp-content\/uploads\/2024\/08\/ExcelPhotos-2-1-scaled.jpg","contentUrl":"https:\/\/excelservices.biz\/wp-content\/uploads\/2024\/08\/ExcelPhotos-2-1-scaled.jpg"},{"@type":"BreadcrumbList","@id":"https:\/\/excelservices.biz\/capabilities\/plumbing\/#breadcrumb","itemListElement":[{"@type":"ListItem","position":1,"name":"Home","item":"https:\/\/excelservices.biz\/"},{"@type":"ListItem","position":2,"name":"Capabilities","item":"https:\/\/excelservices.biz\/capabilities\/"},{"@type":"ListItem","position":3,"name":"Plumbing"}]},{"@type":"WebSite","@id":"https:\/\/excelservices.biz\/#website","url":"https:\/\/excelservices.biz\/","name":"Servicios de Excel","description":"","publisher":{"@id":"https:\/\/excelservices.biz\/#organization"},"potentialAction":[{"@type":"SearchAction","target":{"@type":"EntryPoint","urlTemplate":"https:\/\/excelservices.biz\/?s={search_term_string}"},"query-input":{"@type":"PropertyValueSpecification","valueRequired":true,"valueName":"search_term_string"}}],"inLanguage":"es"},{"@type":"Organization","@id":"https:\/\/excelservices.biz\/#organization","name":"Servicios de Excel","url":"https:\/\/excelservices.biz\/","logo":{"@type":"ImageObject","inLanguage":"es","@id":"https:\/\/excelservices.biz\/#\/schema\/logo\/image\/","url":"https:\/\/excelservices.biz\/wp-content\/uploads\/2022\/05\/cover.png","contentUrl":"https:\/\/excelservices.biz\/wp-content\/uploads\/2022\/05\/cover.png","width":1920,"height":1080,"caption":"Excel Services"},"image":{"@id":"https:\/\/excelservices.biz\/#\/schema\/logo\/image\/"},"sameAs":["https:\/\/www.facebook.com\/excelservices.biz\/","https:\/\/www.linkedin.com\/company\/excel-services-inc-\/"]}]}},"_links":{"self":[{"href":"https:\/\/excelservices.biz\/es\/wp-json\/wp\/v2\/pages\/468","targetHints":{"allow":["GET"]}}],"collection":[{"href":"https:\/\/excelservices.biz\/es\/wp-json\/wp\/v2\/pages"}],"about":[{"href":"https:\/\/excelservices.biz\/es\/wp-json\/wp\/v2\/types\/page"}],"author":[{"embeddable":true,"href":"https:\/\/excelservices.biz\/es\/wp-json\/wp\/v2\/users\/7"}],"replies":[{"embeddable":true,"href":"https:\/\/excelservices.biz\/es\/wp-json\/wp\/v2\/comments?post=468"}],"version-history":[{"count":8,"href":"https:\/\/excelservices.biz\/es\/wp-json\/wp\/v2\/pages\/468\/revisions"}],"predecessor-version":[{"id":1224,"href":"https:\/\/excelservices.biz\/es\/wp-json\/wp\/v2\/pages\/468\/revisions\/1224"}],"up":[{"embeddable":true,"href":"https:\/\/excelservices.biz\/es\/wp-json\/wp\/v2\/pages\/125"}],"wp:attachment":[{"href":"https:\/\/excelservices.biz\/es\/wp-json\/wp\/v2\/media?parent=468"}],"curies":[{"name":"wp","href":"https:\/\/api.w.org\/{rel}","templated":true}]}}