{"id":470,"date":"2022-04-28T11:14:24","date_gmt":"2022-04-28T15:14:24","guid":{"rendered":"https:\/\/excelservices.mysites.io\/capabilities\/design-build\/"},"modified":"2022-05-19T08:42:44","modified_gmt":"2022-05-19T12:42:44","slug":"design-build","status":"publish","type":"page","link":"https:\/\/excelservices.biz\/es\/capabilities\/design-build\/","title":{"rendered":"Dise\u00f1o y construcci\u00f3n"},"content":{"rendered":"<h1>\n\t\t\tDISE\u00d1O Y CONSTRUCCI\u00d3N\n\t\t<\/h1>\n<h3>\n\t\tServicios de contratista de dise\u00f1o y construcci\u00f3n:\n\t<\/h3>\n<h2>\n\t\tDise\u00f1ado y construido para minimizar el riesgo y maximizar el retorno de la inversi\u00f3n\n\t<\/h2>\n\t<p>Todo en el proceso de dise\u00f1o y construcci\u00f3n de Excel est\u00e1 pensado para maximizar el rendimiento de la inversi\u00f3n en cada proyecto.<\/p>\n\t<p>Utilizamos dise\u00f1adores y profesionales de la construcci\u00f3n internos para ofrecer el servicio al cliente m\u00e1s eficiente.  Inigualable en la industria, este equipo experimentado y orientado a valores de profesionales del dise\u00f1o ve su proyecto de la manera que usted lo hace.<\/p>\n<h3>\n\t\tDise\u00f1o y construcci\u00f3n\n\t<\/h3>\n<h2>\n\t\tConstruido para ti\n\t<\/h2>\n\t<p>Gracias a nuestro equipo interno, Excel tambi\u00e9n puede ayudarle a equilibrar la funcionalidad y la rentabilidad en la selecci\u00f3n de materiales y m\u00e9todos de construcci\u00f3n. Mientras tanto, nuestros Gerentes de Proyecto ahorran tiempo y minimizan los riesgos del proyecto al coincidir las fases de dise\u00f1o y construcci\u00f3n del proyecto.<\/p>\n<p>Los proyectos de dise\u00f1o y construcci\u00f3n ofrecen un gran valor. \u00a1Deje que nuestro equipo ponga su experiencia a trabajar para usted!<\/p>\n\t\t\t\t<img loading=\"lazy\" decoding=\"async\" src=\"https:\/\/excelservices.biz\/wp-content\/uploads\/2022\/05\/Rabbit-Hole-Distillery-3.jpg\" alt=\"Rabbit Hole Distillery 3\" itemprop=\"image\" height=\"1050\" width=\"700\" title=\"Destiler\u00eda Rabbit Hole 3\" onerror=\"this.style.display='none'\"  \/>\n<h2>\n\t\tAcreditaci\u00f3n LEED\n\t<\/h2>\n\t<p>\u00bfQuiere mejorar la eficiencia operativa de sus instalaciones, reducir el consumo y los costes energ\u00e9ticos y aumentar y proteger el valor?<\/p>\n<p>Los expertos de Excel acreditados por LEED pueden ayudar.<\/p>\n\t<p>\"LEED\" significa \"Liderazgo en Energ\u00eda y Dise\u00f1o Ambiental\". Es la norma aceptada a nivel nacional por el U.S. Green Building Council para el dise\u00f1o, la construcci\u00f3n y el funcionamiento de edificios \"verdes\" de alto rendimiento. A trav\u00e9s del riguroso programa de acreditaci\u00f3n LEED, los profesionales no s\u00f3lo demuestran su dominio de los principios y pr\u00e1cticas de la construcci\u00f3n ecol\u00f3gica, sino tambi\u00e9n los criterios que debe cumplir una instalaci\u00f3n para obtener la certificaci\u00f3n LEED.<\/p>\n<p>Nuestros expertos acreditados en LEED pueden ayudarle a alcanzar sus objetivos de construcci\u00f3n verde m\u00e1s exigentes. Esto incluye:<\/p>\nOrientar y apoyar el dise\u00f1o ecol\u00f3gico<br \/>\nIntegrar sistemas y subsistemas a los est\u00e1ndares LEED.<br \/>\nAgilizar el proceso de solicitud y certificaci\u00f3n LEED.\n<h3>\n\t\tEL SERVICIO DE EXCEL\n\t<\/h3>\n<h2>\n\t\tEXPERIENCIA\n\t<\/h2>\n\t\t\t\t<img loading=\"lazy\" decoding=\"async\" src=\"https:\/\/excelservices.biz\/wp-content\/uploads\/2022\/03\/icon-1.png\" alt=\"icon-1\" itemprop=\"image\" height=\"200\" width=\"200\" title=\"icono-1\" onerror=\"this.style.display='none'\"  \/>\n<h3>\n\t\tCapacidades personalizadas\n\t<\/h3>\n\t<p>Personas, equipos y servicios, alineados para crear los ambientes adecuados para sus operaciones.<\/p>\n\t\t\t\t<img loading=\"lazy\" decoding=\"async\" src=\"https:\/\/excelservices.biz\/wp-content\/uploads\/2022\/03\/icon-2.png\" alt=\"icon-2\" itemprop=\"image\" height=\"200\" width=\"200\" title=\"icono-2\" onerror=\"this.style.display='none'\"  \/>\n<h3>\n\t\tServicio ininterrumpido\n\t<\/h3>\n\t<p>Cuente con el servicio y apoyo continuo de nuestro equipo de profesionales capacitados para asegurar que su equipo se mantenga y funcione como debe. <\/p>\n\t\t\t\t<img loading=\"lazy\" decoding=\"async\" src=\"https:\/\/excelservices.biz\/wp-content\/uploads\/2022\/03\/icon-3.png\" alt=\"icon-3\" itemprop=\"image\" height=\"200\" width=\"200\" title=\"icono-3\" onerror=\"this.style.display='none'\"  \/>\n<h3>\n\t\tAsociaci\u00f3n \u00e1gil\n\t<\/h3>\n\t<p>Las cosas cambian. Como expertos en MEP y Mantenimiento de Instalaciones de Dise\u00f1o y Construcci\u00f3n, estaremos all\u00ed cuando ocurra.<\/p>\n<h3>\n\t\tProyecto Destacado\n\t<\/h3>\n<h3>\n\t\tmuebles para el hogar\n\t<\/h3>\n<h2>\n\t\tdirectamente a usted\n\t<\/h2>\n\t<p>O.S.P. tiene una amplia presencia en l\u00ednea y entrega muebles para el hogar listos para ensamblar directamente a los clientes. Un proyecto de 8 meses con un alcance de trabajo que incluye, pero no se limita a:<\/p>\n<ul>\n<li>400.000 pies cuadrados de construcci\u00f3n y TI<\/li>\n<li>6.200 oficinas construidas<\/li>\n<li>Servicio de 3.000 amperios<\/li>\n<li>Y m\u00e1s...<\/li>\n<\/ul>\n\t\t\t<a href=\"https:\/\/excelservices.biz\/es\/projects\/osp\/\" target=\"_self\" role=\"button\" rel=\"noopener\">\n\t\t\t\t\t\t\tVer proyecto\n\t\t\t\t\t<\/a>\n\t\t\t<a href=\"https:\/\/excelservices.biz\/es\/projects\/\" target=\"_self\" role=\"button\" rel=\"noopener\">\n\t\t\t\t\t\t\tVer todos los proyectos\n\t\t\t\t\t<\/a>\n\t\t\t\t<img loading=\"lazy\" decoding=\"async\" src=\"https:\/\/excelservices.biz\/wp-content\/uploads\/2022\/03\/OSP-1.jpg\" alt=\"OSP 1\" itemprop=\"image\" height=\"705\" width=\"1105\" title=\"OSP 1\" onerror=\"this.style.display='none'\"  \/>\n<h3>\n\t\thablemos de su\n\t<\/h3>\n<h2>\n\t\tProyecto de dise\u00f1o y construcci\u00f3n\n\t<\/h2>\n\t<p>Nuestros expertos en dise\u00f1o y construcci\u00f3n combinan a\u00f1os de experiencia con conocimientos sobre los \u00faltimos avances y equipos. Podemos ayudarle a hacer realidad el sue\u00f1o de su edificio.<\/p>\n\t\t\t<a href=\"https:\/\/excelservices.biz\/es\/contact-us\/\" target=\"_self\" role=\"button\" rel=\"noopener\">\n\t\t\t\t\t\t\tContacto\n\t\t\t\t\t<\/a>","protected":false},"excerpt":{"rendered":"<p>DISE\u00d1O Y CONSTRUCCI\u00d3N Servicios de dise\u00f1o y construcci\u00f3n: Dise\u00f1ados y construidos para minimizar el riesgo y maximizar el retorno de la inversi\u00f3n Todo en el proceso de dise\u00f1o-construcci\u00f3n de Excel est\u00e1 pensado para maximizar el retorno de la inversi\u00f3n en cada proyecto. Utilizamos dise\u00f1adores y profesionales de la construcci\u00f3n internos para ofrecer el servicio al cliente m\u00e1s eficiente. Este equipo de profesionales del dise\u00f1o, con experiencia y orientado a los valores, no tiene parang\u00f3n en el sector y ve su proyecto...<\/p>","protected":false},"author":7,"featured_media":0,"parent":125,"menu_order":14,"comment_status":"closed","ping_status":"closed","template":"","meta":{"_acf_changed":false,"_monsterinsights_skip_tracking":false,"_monsterinsights_sitenote_active":false,"_monsterinsights_sitenote_note":"","_monsterinsights_sitenote_category":0,"footnotes":""},"class_list":["post-470","page","type-page","status-publish","hentry"],"acf":[],"yoast_head":"<!-- This site is optimized with the Yoast SEO plugin v27.4 - https:\/\/yoast.com\/product\/yoast-seo-wordpress\/ -->\n<title>Design Build - Excel Services<\/title>\n<meta name=\"robots\" content=\"index, follow, max-snippet:-1, max-image-preview:large, max-video-preview:-1\" \/>\n<link rel=\"canonical\" href=\"https:\/\/excelservices.biz\/es\/capabilities\/design-build\/\" \/>\n<meta property=\"og:locale\" content=\"es_MX\" \/>\n<meta property=\"og:type\" content=\"article\" \/>\n<meta property=\"og:title\" content=\"Design Build - Excel Services\" \/>\n<meta property=\"og:description\" content=\"DESIGN BUILD Design-Build contractor services: Designed and built to minimize risk and maximize ROI Everything about Excel&#8217;s design-build process is engineered to maximize investment return on every project. We utilize in-house designers and construction professionals for the most efficient customer service. Unmatched in the industry, this experienced, values-driven team of design professionals sees your project&hellip;\" \/>\n<meta property=\"og:url\" content=\"https:\/\/excelservices.biz\/es\/capabilities\/design-build\/\" \/>\n<meta property=\"og:site_name\" content=\"Excel Services\" \/>\n<meta property=\"article:publisher\" content=\"https:\/\/www.facebook.com\/excelservices.biz\/\" \/>\n<meta property=\"article:modified_time\" content=\"2022-05-19T12:42:44+00:00\" \/>\n<meta property=\"og:image\" content=\"https:\/\/excelservices.biz\/wp-content\/uploads\/2022\/05\/Rabbit-Hole-Distillery-3.jpg\" \/>\n<meta name=\"twitter:card\" content=\"summary_large_image\" \/>\n<meta name=\"twitter:label1\" content=\"Tiempo de lectura\" \/>\n\t<meta name=\"twitter:data1\" content=\"2 minutos\" \/>\n<script type=\"application\/ld+json\" class=\"yoast-schema-graph\">{\"@context\":\"https:\\\/\\\/schema.org\",\"@graph\":[{\"@type\":\"WebPage\",\"@id\":\"https:\\\/\\\/excelservices.biz\\\/capabilities\\\/design-build\\\/\",\"url\":\"https:\\\/\\\/excelservices.biz\\\/capabilities\\\/design-build\\\/\",\"name\":\"Design Build - Excel Services\",\"isPartOf\":{\"@id\":\"https:\\\/\\\/excelservices.biz\\\/#website\"},\"primaryImageOfPage\":{\"@id\":\"https:\\\/\\\/excelservices.biz\\\/capabilities\\\/design-build\\\/#primaryimage\"},\"image\":{\"@id\":\"https:\\\/\\\/excelservices.biz\\\/capabilities\\\/design-build\\\/#primaryimage\"},\"thumbnailUrl\":\"https:\\\/\\\/excelservices.biz\\\/wp-content\\\/uploads\\\/2022\\\/05\\\/Rabbit-Hole-Distillery-3.jpg\",\"datePublished\":\"2022-04-28T15:14:24+00:00\",\"dateModified\":\"2022-05-19T12:42:44+00:00\",\"breadcrumb\":{\"@id\":\"https:\\\/\\\/excelservices.biz\\\/capabilities\\\/design-build\\\/#breadcrumb\"},\"inLanguage\":\"es\",\"potentialAction\":[{\"@type\":\"ReadAction\",\"target\":[\"https:\\\/\\\/excelservices.biz\\\/capabilities\\\/design-build\\\/\"]}]},{\"@type\":\"ImageObject\",\"inLanguage\":\"es\",\"@id\":\"https:\\\/\\\/excelservices.biz\\\/capabilities\\\/design-build\\\/#primaryimage\",\"url\":\"https:\\\/\\\/excelservices.biz\\\/wp-content\\\/uploads\\\/2022\\\/05\\\/Rabbit-Hole-Distillery-3.jpg\",\"contentUrl\":\"https:\\\/\\\/excelservices.biz\\\/wp-content\\\/uploads\\\/2022\\\/05\\\/Rabbit-Hole-Distillery-3.jpg\"},{\"@type\":\"BreadcrumbList\",\"@id\":\"https:\\\/\\\/excelservices.biz\\\/capabilities\\\/design-build\\\/#breadcrumb\",\"itemListElement\":[{\"@type\":\"ListItem\",\"position\":1,\"name\":\"Home\",\"item\":\"https:\\\/\\\/excelservices.biz\\\/\"},{\"@type\":\"ListItem\",\"position\":2,\"name\":\"Capabilities\",\"item\":\"https:\\\/\\\/excelservices.biz\\\/capabilities\\\/\"},{\"@type\":\"ListItem\",\"position\":3,\"name\":\"Design Build\"}]},{\"@type\":\"WebSite\",\"@id\":\"https:\\\/\\\/excelservices.biz\\\/#website\",\"url\":\"https:\\\/\\\/excelservices.biz\\\/\",\"name\":\"Excel Services\",\"description\":\"\",\"publisher\":{\"@id\":\"https:\\\/\\\/excelservices.biz\\\/#organization\"},\"potentialAction\":[{\"@type\":\"SearchAction\",\"target\":{\"@type\":\"EntryPoint\",\"urlTemplate\":\"https:\\\/\\\/excelservices.biz\\\/?s={search_term_string}\"},\"query-input\":{\"@type\":\"PropertyValueSpecification\",\"valueRequired\":true,\"valueName\":\"search_term_string\"}}],\"inLanguage\":\"es\"},{\"@type\":\"Organization\",\"@id\":\"https:\\\/\\\/excelservices.biz\\\/#organization\",\"name\":\"Excel Services\",\"url\":\"https:\\\/\\\/excelservices.biz\\\/\",\"logo\":{\"@type\":\"ImageObject\",\"inLanguage\":\"es\",\"@id\":\"https:\\\/\\\/excelservices.biz\\\/#\\\/schema\\\/logo\\\/image\\\/\",\"url\":\"https:\\\/\\\/excelservices.biz\\\/wp-content\\\/uploads\\\/2022\\\/05\\\/cover.png\",\"contentUrl\":\"https:\\\/\\\/excelservices.biz\\\/wp-content\\\/uploads\\\/2022\\\/05\\\/cover.png\",\"width\":1920,\"height\":1080,\"caption\":\"Excel Services\"},\"image\":{\"@id\":\"https:\\\/\\\/excelservices.biz\\\/#\\\/schema\\\/logo\\\/image\\\/\"},\"sameAs\":[\"https:\\\/\\\/www.facebook.com\\\/excelservices.biz\\\/\",\"https:\\\/\\\/www.linkedin.com\\\/company\\\/excel-services-inc-\\\/\"]}]}<\/script>\n<!-- \/ Yoast SEO plugin. -->","yoast_head_json":{"title":"Design Build - Excel Services","robots":{"index":"index","follow":"follow","max-snippet":"max-snippet:-1","max-image-preview":"max-image-preview:large","max-video-preview":"max-video-preview:-1"},"canonical":"https:\/\/excelservices.biz\/es\/capabilities\/design-build\/","og_locale":"es_MX","og_type":"article","og_title":"Design Build - Excel Services","og_description":"DESIGN BUILD Design-Build contractor services: Designed and built to minimize risk and maximize ROI Everything about Excel&#8217;s design-build process is engineered to maximize investment return on every project. We utilize in-house designers and construction professionals for the most efficient customer service. Unmatched in the industry, this experienced, values-driven team of design professionals sees your project&hellip;","og_url":"https:\/\/excelservices.biz\/es\/capabilities\/design-build\/","og_site_name":"Excel Services","article_publisher":"https:\/\/www.facebook.com\/excelservices.biz\/","article_modified_time":"2022-05-19T12:42:44+00:00","og_image":[{"url":"https:\/\/excelservices.biz\/wp-content\/uploads\/2022\/05\/Rabbit-Hole-Distillery-3.jpg","type":"","width":"","height":""}],"twitter_card":"summary_large_image","twitter_misc":{"Tiempo de lectura":"2 minutos"},"schema":{"@context":"https:\/\/schema.org","@graph":[{"@type":"WebPage","@id":"https:\/\/excelservices.biz\/capabilities\/design-build\/","url":"https:\/\/excelservices.biz\/capabilities\/design-build\/","name":"Design Build - Excel Services","isPartOf":{"@id":"https:\/\/excelservices.biz\/#website"},"primaryImageOfPage":{"@id":"https:\/\/excelservices.biz\/capabilities\/design-build\/#primaryimage"},"image":{"@id":"https:\/\/excelservices.biz\/capabilities\/design-build\/#primaryimage"},"thumbnailUrl":"https:\/\/excelservices.biz\/wp-content\/uploads\/2022\/05\/Rabbit-Hole-Distillery-3.jpg","datePublished":"2022-04-28T15:14:24+00:00","dateModified":"2022-05-19T12:42:44+00:00","breadcrumb":{"@id":"https:\/\/excelservices.biz\/capabilities\/design-build\/#breadcrumb"},"inLanguage":"es","potentialAction":[{"@type":"ReadAction","target":["https:\/\/excelservices.biz\/capabilities\/design-build\/"]}]},{"@type":"ImageObject","inLanguage":"es","@id":"https:\/\/excelservices.biz\/capabilities\/design-build\/#primaryimage","url":"https:\/\/excelservices.biz\/wp-content\/uploads\/2022\/05\/Rabbit-Hole-Distillery-3.jpg","contentUrl":"https:\/\/excelservices.biz\/wp-content\/uploads\/2022\/05\/Rabbit-Hole-Distillery-3.jpg"},{"@type":"BreadcrumbList","@id":"https:\/\/excelservices.biz\/capabilities\/design-build\/#breadcrumb","itemListElement":[{"@type":"ListItem","position":1,"name":"Home","item":"https:\/\/excelservices.biz\/"},{"@type":"ListItem","position":2,"name":"Capabilities","item":"https:\/\/excelservices.biz\/capabilities\/"},{"@type":"ListItem","position":3,"name":"Design Build"}]},{"@type":"WebSite","@id":"https:\/\/excelservices.biz\/#website","url":"https:\/\/excelservices.biz\/","name":"Servicios de Excel","description":"","publisher":{"@id":"https:\/\/excelservices.biz\/#organization"},"potentialAction":[{"@type":"SearchAction","target":{"@type":"EntryPoint","urlTemplate":"https:\/\/excelservices.biz\/?s={search_term_string}"},"query-input":{"@type":"PropertyValueSpecification","valueRequired":true,"valueName":"search_term_string"}}],"inLanguage":"es"},{"@type":"Organization","@id":"https:\/\/excelservices.biz\/#organization","name":"Servicios de Excel","url":"https:\/\/excelservices.biz\/","logo":{"@type":"ImageObject","inLanguage":"es","@id":"https:\/\/excelservices.biz\/#\/schema\/logo\/image\/","url":"https:\/\/excelservices.biz\/wp-content\/uploads\/2022\/05\/cover.png","contentUrl":"https:\/\/excelservices.biz\/wp-content\/uploads\/2022\/05\/cover.png","width":1920,"height":1080,"caption":"Excel Services"},"image":{"@id":"https:\/\/excelservices.biz\/#\/schema\/logo\/image\/"},"sameAs":["https:\/\/www.facebook.com\/excelservices.biz\/","https:\/\/www.linkedin.com\/company\/excel-services-inc-\/"]}]}},"_links":{"self":[{"href":"https:\/\/excelservices.biz\/es\/wp-json\/wp\/v2\/pages\/470","targetHints":{"allow":["GET"]}}],"collection":[{"href":"https:\/\/excelservices.biz\/es\/wp-json\/wp\/v2\/pages"}],"about":[{"href":"https:\/\/excelservices.biz\/es\/wp-json\/wp\/v2\/types\/page"}],"author":[{"embeddable":true,"href":"https:\/\/excelservices.biz\/es\/wp-json\/wp\/v2\/users\/7"}],"replies":[{"embeddable":true,"href":"https:\/\/excelservices.biz\/es\/wp-json\/wp\/v2\/comments?post=470"}],"version-history":[{"count":5,"href":"https:\/\/excelservices.biz\/es\/wp-json\/wp\/v2\/pages\/470\/revisions"}],"predecessor-version":[{"id":831,"href":"https:\/\/excelservices.biz\/es\/wp-json\/wp\/v2\/pages\/470\/revisions\/831"}],"up":[{"embeddable":true,"href":"https:\/\/excelservices.biz\/es\/wp-json\/wp\/v2\/pages\/125"}],"wp:attachment":[{"href":"https:\/\/excelservices.biz\/es\/wp-json\/wp\/v2\/media?parent=470"}],"curies":[{"name":"wp","href":"https:\/\/api.w.org\/{rel}","templated":true}]}}