{"id":473,"date":"2022-04-28T11:14:24","date_gmt":"2022-04-28T15:14:24","guid":{"rendered":"https:\/\/excelservices.mysites.io\/capabilities\/plumbing-service\/"},"modified":"2022-05-19T08:46:37","modified_gmt":"2022-05-19T12:46:37","slug":"plumbing-service","status":"publish","type":"page","link":"https:\/\/excelservices.biz\/es\/capabilities\/plumbing-service\/","title":{"rendered":"Servicio de fontaner\u00eda"},"content":{"rendered":"<h1>\n\t\t\tfontaner\u00eda\n\t\t\t\t\t\t\t\t\t\t\tservicio\n\t\t<\/h1>\n<h3>\n\t\tServicios para mantener las operaciones funcionando de manera\n\t<\/h3>\n<h2>\n\t\tsin problemas y con seguridad\n\t<\/h2>\n\t<p>No importa el sector o la finalidad: si se trata de equipos, necesitan mantenimiento para preservar la seguridad y maximizar la eficiencia.<\/p>\n\t<p>Como l\u00edderes en el dise\u00f1o y construcci\u00f3n de sistemas y soluciones, Excel tambi\u00e9n est\u00e1 a la vanguardia en mantenerlos funcionando como el d\u00eda en que entraron en operaci\u00f3n.<\/p>\n<h3>\n\t\tServicio de fontaner\u00eda\n\t<\/h3>\n<h2>\n\t\tel\u00e9ctricos\n\t<\/h2>\n\t<p>Nuestros t\u00e9cnicos de mantenimiento de fontaner\u00eda est\u00e1n altamente cualificados y certificados en servicios de grifos, servicios de l\u00edneas de alcantarillado, servicios de calentadores de agua, servicios de bombas de sumidero, servicios de tuber\u00edas\/fugas y fontaner\u00eda de inodoros, as\u00ed como otras necesidades de fontaner\u00eda.<\/p>\n<p>Sea lo que sea que necesite, Excel cuenta con las personas, habilidades y planes de acci\u00f3n estrat\u00e9gicos que reducen costos, disminuyen la sobrecarga y la carga administrativa, permiten un personal flexible y aumentan la productividad.<\/p>\n\t\t\t\t<img loading=\"lazy\" decoding=\"async\" src=\"https:\/\/excelservices.biz\/wp-content\/uploads\/2022\/05\/shutterstock_667100452-1.jpg\" alt=\"shutterstock_667100452 (1)\" itemprop=\"image\" height=\"900\" width=\"1100\" title=\"shutterstock_667100452 (1)\" onerror=\"this.style.display='none'\"  \/>\n<h3>\n\t\tConocimientos y experiencia en\n\t<\/h3>\n<h2>\n\t\tservicio de fontaner\u00eda\n\t<\/h2>\n\t<p>Las capacidades incluyen:<\/p>\n\t<ul>\n<li>Fabricaci\u00f3n<\/li>\n<li>Desmantelamiento<\/li>\n<li>Recalibraci\u00f3n<\/li>\n<li>Reubicaci\u00f3n<\/li>\n<li>Renovaci\u00f3n<\/li>\n<li>Expansi\u00f3n<\/li>\n<li>Instalaci\u00f3n de nuevos equipos<\/li>\n<\/ul>\n<h3>\n\t\tEL SERVICIO DE EXCEL\n\t<\/h3>\n<h2>\n\t\tEXPERIENCIA\n\t<\/h2>\n\t\t\t\t<img loading=\"lazy\" decoding=\"async\" src=\"https:\/\/excelservices.biz\/wp-content\/uploads\/2022\/03\/icon-1.png\" alt=\"icon-1\" itemprop=\"image\" height=\"200\" width=\"200\" title=\"icono-1\" onerror=\"this.style.display='none'\"  \/>\n<h3>\n\t\tCapacidades personalizadas\n\t<\/h3>\n\t<p>Personas, equipos y servicios, alineados para crear los ambientes adecuados para sus operaciones.<\/p>\n\t\t\t\t<img loading=\"lazy\" decoding=\"async\" src=\"https:\/\/excelservices.biz\/wp-content\/uploads\/2022\/03\/icon-2.png\" alt=\"icon-2\" itemprop=\"image\" height=\"200\" width=\"200\" title=\"icono-2\" onerror=\"this.style.display='none'\"  \/>\n<h3>\n\t\tServicio ininterrumpido\n\t<\/h3>\n\t<p>Cuente con el servicio y apoyo continuo de nuestro equipo de profesionales capacitados para asegurar que su equipo se mantenga y funcione como debe. <\/p>\n\t\t\t\t<img loading=\"lazy\" decoding=\"async\" src=\"https:\/\/excelservices.biz\/wp-content\/uploads\/2022\/03\/icon-3.png\" alt=\"icon-3\" itemprop=\"image\" height=\"200\" width=\"200\" title=\"icono-3\" onerror=\"this.style.display='none'\"  \/>\n<h3>\n\t\tAsociaci\u00f3n \u00e1gil\n\t<\/h3>\n\t<p>Las cosas cambian. Como expertos en MEP y Mantenimiento de Instalaciones de Dise\u00f1o y Construcci\u00f3n, estaremos all\u00ed cuando ocurra.<\/p>\n<h3>\n\t\thablemos de su\n\t<\/h3>\n<h2>\n\t\tNecesidades de mantenimiento de fontaner\u00eda\n\t<\/h2>\n\t<p>Planes estrat\u00e9gicos que se adaptan a sus necesidades, instalaciones y reparaciones expertas, y un mantenimiento informado e inteligente para mantener sus operaciones en marcha: vea c\u00f3mo Excel Plumbing Maintenance es un equipo con el que puede contar.<\/p>\n\t\t\t<a href=\"https:\/\/excelservices.biz\/es\/contact-us\/\" target=\"_self\" role=\"button\" rel=\"noopener\">\n\t\t\t\t\t\t\tContacto\n\t\t\t\t\t<\/a>","protected":false},"excerpt":{"rendered":"<p>Servicio de fontaner\u00eda Servicios para mantener las operaciones funcionando sin problemas y con seguridad No importa la industria o el prop\u00f3sito: si el equipo est\u00e1 involucrado, necesita mantenimiento para preservar la seguridad y maximizar la eficiencia. Como l\u00edderes en el dise\u00f1o y construcci\u00f3n de sistemas y soluciones, Excel tambi\u00e9n est\u00e1 a la vanguardia para mantenerlos funcionando como el d\u00eda...<\/p>","protected":false},"author":7,"featured_media":0,"parent":125,"menu_order":17,"comment_status":"closed","ping_status":"closed","template":"","meta":{"_acf_changed":false,"_monsterinsights_skip_tracking":false,"_monsterinsights_sitenote_active":false,"_monsterinsights_sitenote_note":"","_monsterinsights_sitenote_category":0,"footnotes":""},"class_list":["post-473","page","type-page","status-publish","hentry"],"acf":[],"yoast_head":"<!-- This site is optimized with the Yoast SEO plugin v27.4 - https:\/\/yoast.com\/product\/yoast-seo-wordpress\/ -->\n<title>Plumbing Service - Excel Services<\/title>\n<meta name=\"robots\" content=\"index, follow, max-snippet:-1, max-image-preview:large, max-video-preview:-1\" \/>\n<link rel=\"canonical\" href=\"https:\/\/excelservices.biz\/es\/capabilities\/plumbing-service\/\" \/>\n<meta property=\"og:locale\" content=\"es_MX\" \/>\n<meta property=\"og:type\" content=\"article\" \/>\n<meta property=\"og:title\" content=\"Plumbing Service - Excel Services\" \/>\n<meta property=\"og:description\" content=\"plumbing service Services to keep operations running smoothly &#038; safely It doesn&#8217;t matter the industry or purpose: if equipment is involved, it needs maintenance to preserve safety and maximize efficiency. As leaders in designing and building systems and solutions, Excel is also on the leading edge of keeping them running as they did the day&hellip;\" \/>\n<meta property=\"og:url\" content=\"https:\/\/excelservices.biz\/es\/capabilities\/plumbing-service\/\" \/>\n<meta property=\"og:site_name\" content=\"Excel Services\" \/>\n<meta property=\"article:publisher\" content=\"https:\/\/www.facebook.com\/excelservices.biz\/\" \/>\n<meta property=\"article:modified_time\" content=\"2022-05-19T12:46:37+00:00\" \/>\n<meta property=\"og:image\" content=\"https:\/\/excelservices.biz\/wp-content\/uploads\/2022\/05\/shutterstock_667100452-1.jpg\" \/>\n<meta name=\"twitter:card\" content=\"summary_large_image\" \/>\n<meta name=\"twitter:label1\" content=\"Tiempo de lectura\" \/>\n\t<meta name=\"twitter:data1\" content=\"1 minuto\" \/>\n<script type=\"application\/ld+json\" class=\"yoast-schema-graph\">{\"@context\":\"https:\\\/\\\/schema.org\",\"@graph\":[{\"@type\":\"WebPage\",\"@id\":\"https:\\\/\\\/excelservices.biz\\\/capabilities\\\/plumbing-service\\\/\",\"url\":\"https:\\\/\\\/excelservices.biz\\\/capabilities\\\/plumbing-service\\\/\",\"name\":\"Plumbing Service - Excel Services\",\"isPartOf\":{\"@id\":\"https:\\\/\\\/excelservices.biz\\\/#website\"},\"primaryImageOfPage\":{\"@id\":\"https:\\\/\\\/excelservices.biz\\\/capabilities\\\/plumbing-service\\\/#primaryimage\"},\"image\":{\"@id\":\"https:\\\/\\\/excelservices.biz\\\/capabilities\\\/plumbing-service\\\/#primaryimage\"},\"thumbnailUrl\":\"https:\\\/\\\/excelservices.biz\\\/wp-content\\\/uploads\\\/2022\\\/05\\\/shutterstock_667100452-1.jpg\",\"datePublished\":\"2022-04-28T15:14:24+00:00\",\"dateModified\":\"2022-05-19T12:46:37+00:00\",\"breadcrumb\":{\"@id\":\"https:\\\/\\\/excelservices.biz\\\/capabilities\\\/plumbing-service\\\/#breadcrumb\"},\"inLanguage\":\"es\",\"potentialAction\":[{\"@type\":\"ReadAction\",\"target\":[\"https:\\\/\\\/excelservices.biz\\\/capabilities\\\/plumbing-service\\\/\"]}]},{\"@type\":\"ImageObject\",\"inLanguage\":\"es\",\"@id\":\"https:\\\/\\\/excelservices.biz\\\/capabilities\\\/plumbing-service\\\/#primaryimage\",\"url\":\"https:\\\/\\\/excelservices.biz\\\/wp-content\\\/uploads\\\/2022\\\/05\\\/shutterstock_667100452-1.jpg\",\"contentUrl\":\"https:\\\/\\\/excelservices.biz\\\/wp-content\\\/uploads\\\/2022\\\/05\\\/shutterstock_667100452-1.jpg\"},{\"@type\":\"BreadcrumbList\",\"@id\":\"https:\\\/\\\/excelservices.biz\\\/capabilities\\\/plumbing-service\\\/#breadcrumb\",\"itemListElement\":[{\"@type\":\"ListItem\",\"position\":1,\"name\":\"Home\",\"item\":\"https:\\\/\\\/excelservices.biz\\\/\"},{\"@type\":\"ListItem\",\"position\":2,\"name\":\"Capabilities\",\"item\":\"https:\\\/\\\/excelservices.biz\\\/capabilities\\\/\"},{\"@type\":\"ListItem\",\"position\":3,\"name\":\"Plumbing Service\"}]},{\"@type\":\"WebSite\",\"@id\":\"https:\\\/\\\/excelservices.biz\\\/#website\",\"url\":\"https:\\\/\\\/excelservices.biz\\\/\",\"name\":\"Excel Services\",\"description\":\"\",\"publisher\":{\"@id\":\"https:\\\/\\\/excelservices.biz\\\/#organization\"},\"potentialAction\":[{\"@type\":\"SearchAction\",\"target\":{\"@type\":\"EntryPoint\",\"urlTemplate\":\"https:\\\/\\\/excelservices.biz\\\/?s={search_term_string}\"},\"query-input\":{\"@type\":\"PropertyValueSpecification\",\"valueRequired\":true,\"valueName\":\"search_term_string\"}}],\"inLanguage\":\"es\"},{\"@type\":\"Organization\",\"@id\":\"https:\\\/\\\/excelservices.biz\\\/#organization\",\"name\":\"Excel Services\",\"url\":\"https:\\\/\\\/excelservices.biz\\\/\",\"logo\":{\"@type\":\"ImageObject\",\"inLanguage\":\"es\",\"@id\":\"https:\\\/\\\/excelservices.biz\\\/#\\\/schema\\\/logo\\\/image\\\/\",\"url\":\"https:\\\/\\\/excelservices.biz\\\/wp-content\\\/uploads\\\/2022\\\/05\\\/cover.png\",\"contentUrl\":\"https:\\\/\\\/excelservices.biz\\\/wp-content\\\/uploads\\\/2022\\\/05\\\/cover.png\",\"width\":1920,\"height\":1080,\"caption\":\"Excel Services\"},\"image\":{\"@id\":\"https:\\\/\\\/excelservices.biz\\\/#\\\/schema\\\/logo\\\/image\\\/\"},\"sameAs\":[\"https:\\\/\\\/www.facebook.com\\\/excelservices.biz\\\/\",\"https:\\\/\\\/www.linkedin.com\\\/company\\\/excel-services-inc-\\\/\"]}]}<\/script>\n<!-- \/ Yoast SEO plugin. -->","yoast_head_json":{"title":"Plumbing Service - Excel Services","robots":{"index":"index","follow":"follow","max-snippet":"max-snippet:-1","max-image-preview":"max-image-preview:large","max-video-preview":"max-video-preview:-1"},"canonical":"https:\/\/excelservices.biz\/es\/capabilities\/plumbing-service\/","og_locale":"es_MX","og_type":"article","og_title":"Plumbing Service - Excel Services","og_description":"plumbing service Services to keep operations running smoothly &#038; safely It doesn&#8217;t matter the industry or purpose: if equipment is involved, it needs maintenance to preserve safety and maximize efficiency. As leaders in designing and building systems and solutions, Excel is also on the leading edge of keeping them running as they did the day&hellip;","og_url":"https:\/\/excelservices.biz\/es\/capabilities\/plumbing-service\/","og_site_name":"Excel Services","article_publisher":"https:\/\/www.facebook.com\/excelservices.biz\/","article_modified_time":"2022-05-19T12:46:37+00:00","og_image":[{"url":"https:\/\/excelservices.biz\/wp-content\/uploads\/2022\/05\/shutterstock_667100452-1.jpg","type":"","width":"","height":""}],"twitter_card":"summary_large_image","twitter_misc":{"Tiempo de lectura":"1 minuto"},"schema":{"@context":"https:\/\/schema.org","@graph":[{"@type":"WebPage","@id":"https:\/\/excelservices.biz\/capabilities\/plumbing-service\/","url":"https:\/\/excelservices.biz\/capabilities\/plumbing-service\/","name":"Plumbing Service - Excel Services","isPartOf":{"@id":"https:\/\/excelservices.biz\/#website"},"primaryImageOfPage":{"@id":"https:\/\/excelservices.biz\/capabilities\/plumbing-service\/#primaryimage"},"image":{"@id":"https:\/\/excelservices.biz\/capabilities\/plumbing-service\/#primaryimage"},"thumbnailUrl":"https:\/\/excelservices.biz\/wp-content\/uploads\/2022\/05\/shutterstock_667100452-1.jpg","datePublished":"2022-04-28T15:14:24+00:00","dateModified":"2022-05-19T12:46:37+00:00","breadcrumb":{"@id":"https:\/\/excelservices.biz\/capabilities\/plumbing-service\/#breadcrumb"},"inLanguage":"es","potentialAction":[{"@type":"ReadAction","target":["https:\/\/excelservices.biz\/capabilities\/plumbing-service\/"]}]},{"@type":"ImageObject","inLanguage":"es","@id":"https:\/\/excelservices.biz\/capabilities\/plumbing-service\/#primaryimage","url":"https:\/\/excelservices.biz\/wp-content\/uploads\/2022\/05\/shutterstock_667100452-1.jpg","contentUrl":"https:\/\/excelservices.biz\/wp-content\/uploads\/2022\/05\/shutterstock_667100452-1.jpg"},{"@type":"BreadcrumbList","@id":"https:\/\/excelservices.biz\/capabilities\/plumbing-service\/#breadcrumb","itemListElement":[{"@type":"ListItem","position":1,"name":"Home","item":"https:\/\/excelservices.biz\/"},{"@type":"ListItem","position":2,"name":"Capabilities","item":"https:\/\/excelservices.biz\/capabilities\/"},{"@type":"ListItem","position":3,"name":"Plumbing Service"}]},{"@type":"WebSite","@id":"https:\/\/excelservices.biz\/#website","url":"https:\/\/excelservices.biz\/","name":"Servicios de Excel","description":"","publisher":{"@id":"https:\/\/excelservices.biz\/#organization"},"potentialAction":[{"@type":"SearchAction","target":{"@type":"EntryPoint","urlTemplate":"https:\/\/excelservices.biz\/?s={search_term_string}"},"query-input":{"@type":"PropertyValueSpecification","valueRequired":true,"valueName":"search_term_string"}}],"inLanguage":"es"},{"@type":"Organization","@id":"https:\/\/excelservices.biz\/#organization","name":"Servicios de Excel","url":"https:\/\/excelservices.biz\/","logo":{"@type":"ImageObject","inLanguage":"es","@id":"https:\/\/excelservices.biz\/#\/schema\/logo\/image\/","url":"https:\/\/excelservices.biz\/wp-content\/uploads\/2022\/05\/cover.png","contentUrl":"https:\/\/excelservices.biz\/wp-content\/uploads\/2022\/05\/cover.png","width":1920,"height":1080,"caption":"Excel Services"},"image":{"@id":"https:\/\/excelservices.biz\/#\/schema\/logo\/image\/"},"sameAs":["https:\/\/www.facebook.com\/excelservices.biz\/","https:\/\/www.linkedin.com\/company\/excel-services-inc-\/"]}]}},"_links":{"self":[{"href":"https:\/\/excelservices.biz\/es\/wp-json\/wp\/v2\/pages\/473","targetHints":{"allow":["GET"]}}],"collection":[{"href":"https:\/\/excelservices.biz\/es\/wp-json\/wp\/v2\/pages"}],"about":[{"href":"https:\/\/excelservices.biz\/es\/wp-json\/wp\/v2\/types\/page"}],"author":[{"embeddable":true,"href":"https:\/\/excelservices.biz\/es\/wp-json\/wp\/v2\/users\/7"}],"replies":[{"embeddable":true,"href":"https:\/\/excelservices.biz\/es\/wp-json\/wp\/v2\/comments?post=473"}],"version-history":[{"count":5,"href":"https:\/\/excelservices.biz\/es\/wp-json\/wp\/v2\/pages\/473\/revisions"}],"predecessor-version":[{"id":834,"href":"https:\/\/excelservices.biz\/es\/wp-json\/wp\/v2\/pages\/473\/revisions\/834"}],"up":[{"embeddable":true,"href":"https:\/\/excelservices.biz\/es\/wp-json\/wp\/v2\/pages\/125"}],"wp:attachment":[{"href":"https:\/\/excelservices.biz\/es\/wp-json\/wp\/v2\/media?parent=473"}],"curies":[{"name":"wp","href":"https:\/\/api.w.org\/{rel}","templated":true}]}}