{"id":474,"date":"2022-04-28T11:14:24","date_gmt":"2022-04-28T15:14:24","guid":{"rendered":"https:\/\/excelservices.mysites.io\/capabilities\/technology-service\/"},"modified":"2022-05-19T08:47:33","modified_gmt":"2022-05-19T12:47:33","slug":"technology-service","status":"publish","type":"page","link":"https:\/\/excelservices.biz\/es\/capabilities\/technology-service\/","title":{"rendered":"Servicio de Tecnolog\u00eda"},"content":{"rendered":"<h1>\n\t\t\tTecnolog\u00eda\n\t\t\t\t\t\t\t\t\t\t\tServicio\n\t\t<\/h1>\n<h3>\n\t\tPorque no puede permitirse un tiempo de inactividad,\n\t<\/h3>\n<h2>\n\t\tsiempre estamos arriba.\n\t<\/h2>\n\t<p>Las telecomunicaciones son el coraz\u00f3n de la comunicaci\u00f3n eficaz entre las empresas, sus clientes y sus empleados.<\/p>\n\t<p>Tanto si se trata de una llamada local como de una videoconferencia mundial, es esencial una transmisi\u00f3n de datos fiable y r\u00e1pida mediante palabras, voz, audio o v\u00eddeo.<\/p>\n<h3>\n\t\tservicio tecnol\u00f3gico\n\t<\/h3>\n<h2>\n\t\tel\u00e9ctricos\n\t<\/h2>\n\t<p>Como l\u00edderes en el dise\u00f1o y la creaci\u00f3n de sistemas y soluciones, Excel tambi\u00e9n est\u00e1 a la vanguardia para mantenerlos en funcionamiento como el d\u00eda en que se pusieron en marcha. Nuestros t\u00e9cnicos de mantenimiento tecnol\u00f3gico est\u00e1n altamente cualificados y certificados en la instalaci\u00f3n, el diagn\u00f3stico y la resoluci\u00f3n de problemas:<\/p>\n<ul>\n<li>POTS (l\u00edneas terrestres, utilizadas para las llamadas de voz en todo el mundo)<\/li>\n<li>L\u00edneas T1<\/li>\n<li>Ethernet metropolitana<\/li>\n<li>Redes al\u00e1mbricas e inal\u00e1mbricas<\/li>\n<li>Servicios de telecomunicaciones \u00f3pticas<\/li>\n<li>Sistemas Full Duplex<\/li>\n<li>Sistemas de radiocomunicaci\u00f3n<\/li>\n<li>Sistemas semid\u00faplex<\/li>\n<\/ul>\n<p>Nuestro equipo tambi\u00e9n es experto en las normas de seguridad actuales y en asegurarse de que su equipo se ajusta a ellas. Conf\u00ede en nosotros para mantener sus l\u00edneas de comunicaci\u00f3n tecnol\u00f3gica abiertas y funcionando correctamente. Sea lo que sea lo que necesite, Excel est\u00e1 equipado con el personal, las habilidades y los planes de acci\u00f3n estrat\u00e9gicos que reducen los costes, los gastos generales y la carga, permiten una dotaci\u00f3n de personal flexible y aumentan la productividad.<\/p>\n\t\t\t\t<img loading=\"lazy\" decoding=\"async\" src=\"https:\/\/excelservices.biz\/wp-content\/uploads\/2022\/05\/shutterstock_667100452-1.jpg\" alt=\"shutterstock_667100452 (1)\" itemprop=\"image\" height=\"900\" width=\"1100\" title=\"shutterstock_667100452 (1)\" onerror=\"this.style.display='none'\"  \/>\n<h3>\n\t\tCONOCIMIENTOS Y EXPERIENCIA EN\n\t<\/h3>\n<h2>\n\t\tservicio tecnol\u00f3gico\n\t<\/h2>\n\t<p>Las capacidades incluyen:<\/p>\n\t<ul>\n<li>Fabricaci\u00f3n<\/li>\n<li>Desmantelamiento<\/li>\n<li>Recalibraci\u00f3n<\/li>\n<li>Reubicaci\u00f3n<\/li>\n<li>Expansi\u00f3n<\/li>\n<li>Renovaci\u00f3n<\/li>\n<li>Instalaci\u00f3n de nuevos equipos<\/li>\n<li>Sistemas de automatizaci\u00f3n de edificios<\/li>\n<\/ul>\n<h3>\n\t\tEL SERVICIO DE EXCEL\n\t<\/h3>\n<h2>\n\t\tEXPERIENCIA\n\t<\/h2>\n\t\t\t\t<img loading=\"lazy\" decoding=\"async\" src=\"https:\/\/excelservices.biz\/wp-content\/uploads\/2022\/03\/icon-1.png\" alt=\"icon-1\" itemprop=\"image\" height=\"200\" width=\"200\" title=\"icono-1\" onerror=\"this.style.display='none'\"  \/>\n<h3>\n\t\tCapacidades personalizadas\n\t<\/h3>\n\t<p>Personas, equipos y servicios, alineados para crear los ambientes adecuados para sus operaciones.<\/p>\n\t\t\t\t<img loading=\"lazy\" decoding=\"async\" src=\"https:\/\/excelservices.biz\/wp-content\/uploads\/2022\/03\/icon-2.png\" alt=\"icon-2\" itemprop=\"image\" height=\"200\" width=\"200\" title=\"icono-2\" onerror=\"this.style.display='none'\"  \/>\n<h3>\n\t\tServicio ininterrumpido\n\t<\/h3>\n\t<p>Cuente con el servicio y apoyo continuo de nuestro equipo de profesionales capacitados para asegurar que su equipo se mantenga y funcione como debe. <\/p>\n\t\t\t\t<img loading=\"lazy\" decoding=\"async\" src=\"https:\/\/excelservices.biz\/wp-content\/uploads\/2022\/03\/icon-3.png\" alt=\"icon-3\" itemprop=\"image\" height=\"200\" width=\"200\" title=\"icono-3\" onerror=\"this.style.display='none'\"  \/>\n<h3>\n\t\tAsociaci\u00f3n \u00e1gil\n\t<\/h3>\n\t<p>Las cosas cambian. Como expertos en MEP y Mantenimiento de Instalaciones de Dise\u00f1o y Construcci\u00f3n, estaremos all\u00ed cuando ocurra.<\/p>\n<h3>\n\t\thablemos de su\n\t<\/h3>\n<h2>\n\t\tTecnolog\u00eda Necesidades de mantenimiento\n\t<\/h2>\n\t<p>Planes estrat\u00e9gicos que se adaptan a sus necesidades, instalaciones y reparaciones expertas, y un mantenimiento informado e inteligente para mantener sus operaciones en marcha: vea c\u00f3mo Excel Industrial Maintenance es un equipo con el que puede contar.<\/p>\n\t\t\t<a href=\"https:\/\/excelservices.biz\/es\/contact-us\/\" target=\"_self\" role=\"button\" rel=\"noopener\">\n\t\t\t\t\t\t\tContacto\n\t\t\t\t\t<\/a>","protected":false},"excerpt":{"rendered":"<p>Servicio de tecnolog\u00eda Porque no puede permitirse un tiempo de inactividad, siempre estamos activos. Las telecomunicaciones son el coraz\u00f3n de las comunicaciones eficaces entre las empresas, sus clientes y sus empleados. Tanto si se trata de una llamada local como de una videoconferencia global, es esencial una transmisi\u00f3n de datos fiable y r\u00e1pida mediante palabras, voz, audio o v\u00eddeo. expertos en servicios tecnol\u00f3gicos Como l\u00edderes en el dise\u00f1o y...<\/p>","protected":false},"author":7,"featured_media":0,"parent":125,"menu_order":18,"comment_status":"closed","ping_status":"closed","template":"","meta":{"_acf_changed":false,"_monsterinsights_skip_tracking":false,"_monsterinsights_sitenote_active":false,"_monsterinsights_sitenote_note":"","_monsterinsights_sitenote_category":0,"footnotes":""},"class_list":["post-474","page","type-page","status-publish","hentry"],"acf":[],"yoast_head":"<!-- This site is optimized with the Yoast SEO plugin v27.4 - https:\/\/yoast.com\/product\/yoast-seo-wordpress\/ -->\n<title>Technology Service - Excel Services<\/title>\n<meta name=\"robots\" content=\"index, follow, max-snippet:-1, max-image-preview:large, max-video-preview:-1\" \/>\n<link rel=\"canonical\" href=\"https:\/\/excelservices.biz\/es\/capabilities\/technology-service\/\" \/>\n<meta property=\"og:locale\" content=\"es_MX\" \/>\n<meta property=\"og:type\" content=\"article\" \/>\n<meta property=\"og:title\" content=\"Technology Service - Excel Services\" \/>\n<meta property=\"og:description\" content=\"Technology Service Because you can&#8217;t afford downtime, we&#8217;re always up. Telecommunications is the heart of effective communications between businesses, their customers, and their employees. Whether it&#8217;s a local call or a global video conference, reliable and fast data transmission via words, voice, audio, or video is essential. technology service experts As leaders in designing and&hellip;\" \/>\n<meta property=\"og:url\" content=\"https:\/\/excelservices.biz\/es\/capabilities\/technology-service\/\" \/>\n<meta property=\"og:site_name\" content=\"Excel Services\" \/>\n<meta property=\"article:publisher\" content=\"https:\/\/www.facebook.com\/excelservices.biz\/\" \/>\n<meta property=\"article:modified_time\" content=\"2022-05-19T12:47:33+00:00\" \/>\n<meta property=\"og:image\" content=\"https:\/\/excelservices.biz\/wp-content\/uploads\/2022\/05\/shutterstock_667100452-1.jpg\" \/>\n<meta name=\"twitter:card\" content=\"summary_large_image\" \/>\n<meta name=\"twitter:label1\" content=\"Tiempo de lectura\" \/>\n\t<meta name=\"twitter:data1\" content=\"2 minutos\" \/>\n<script type=\"application\/ld+json\" class=\"yoast-schema-graph\">{\"@context\":\"https:\\\/\\\/schema.org\",\"@graph\":[{\"@type\":\"WebPage\",\"@id\":\"https:\\\/\\\/excelservices.biz\\\/capabilities\\\/technology-service\\\/\",\"url\":\"https:\\\/\\\/excelservices.biz\\\/capabilities\\\/technology-service\\\/\",\"name\":\"Technology Service - Excel Services\",\"isPartOf\":{\"@id\":\"https:\\\/\\\/excelservices.biz\\\/#website\"},\"primaryImageOfPage\":{\"@id\":\"https:\\\/\\\/excelservices.biz\\\/capabilities\\\/technology-service\\\/#primaryimage\"},\"image\":{\"@id\":\"https:\\\/\\\/excelservices.biz\\\/capabilities\\\/technology-service\\\/#primaryimage\"},\"thumbnailUrl\":\"https:\\\/\\\/excelservices.biz\\\/wp-content\\\/uploads\\\/2022\\\/05\\\/shutterstock_667100452-1.jpg\",\"datePublished\":\"2022-04-28T15:14:24+00:00\",\"dateModified\":\"2022-05-19T12:47:33+00:00\",\"breadcrumb\":{\"@id\":\"https:\\\/\\\/excelservices.biz\\\/capabilities\\\/technology-service\\\/#breadcrumb\"},\"inLanguage\":\"es\",\"potentialAction\":[{\"@type\":\"ReadAction\",\"target\":[\"https:\\\/\\\/excelservices.biz\\\/capabilities\\\/technology-service\\\/\"]}]},{\"@type\":\"ImageObject\",\"inLanguage\":\"es\",\"@id\":\"https:\\\/\\\/excelservices.biz\\\/capabilities\\\/technology-service\\\/#primaryimage\",\"url\":\"https:\\\/\\\/excelservices.biz\\\/wp-content\\\/uploads\\\/2022\\\/05\\\/shutterstock_667100452-1.jpg\",\"contentUrl\":\"https:\\\/\\\/excelservices.biz\\\/wp-content\\\/uploads\\\/2022\\\/05\\\/shutterstock_667100452-1.jpg\"},{\"@type\":\"BreadcrumbList\",\"@id\":\"https:\\\/\\\/excelservices.biz\\\/capabilities\\\/technology-service\\\/#breadcrumb\",\"itemListElement\":[{\"@type\":\"ListItem\",\"position\":1,\"name\":\"Home\",\"item\":\"https:\\\/\\\/excelservices.biz\\\/\"},{\"@type\":\"ListItem\",\"position\":2,\"name\":\"Capabilities\",\"item\":\"https:\\\/\\\/excelservices.biz\\\/capabilities\\\/\"},{\"@type\":\"ListItem\",\"position\":3,\"name\":\"Technology Service\"}]},{\"@type\":\"WebSite\",\"@id\":\"https:\\\/\\\/excelservices.biz\\\/#website\",\"url\":\"https:\\\/\\\/excelservices.biz\\\/\",\"name\":\"Excel Services\",\"description\":\"\",\"publisher\":{\"@id\":\"https:\\\/\\\/excelservices.biz\\\/#organization\"},\"potentialAction\":[{\"@type\":\"SearchAction\",\"target\":{\"@type\":\"EntryPoint\",\"urlTemplate\":\"https:\\\/\\\/excelservices.biz\\\/?s={search_term_string}\"},\"query-input\":{\"@type\":\"PropertyValueSpecification\",\"valueRequired\":true,\"valueName\":\"search_term_string\"}}],\"inLanguage\":\"es\"},{\"@type\":\"Organization\",\"@id\":\"https:\\\/\\\/excelservices.biz\\\/#organization\",\"name\":\"Excel Services\",\"url\":\"https:\\\/\\\/excelservices.biz\\\/\",\"logo\":{\"@type\":\"ImageObject\",\"inLanguage\":\"es\",\"@id\":\"https:\\\/\\\/excelservices.biz\\\/#\\\/schema\\\/logo\\\/image\\\/\",\"url\":\"https:\\\/\\\/excelservices.biz\\\/wp-content\\\/uploads\\\/2022\\\/05\\\/cover.png\",\"contentUrl\":\"https:\\\/\\\/excelservices.biz\\\/wp-content\\\/uploads\\\/2022\\\/05\\\/cover.png\",\"width\":1920,\"height\":1080,\"caption\":\"Excel Services\"},\"image\":{\"@id\":\"https:\\\/\\\/excelservices.biz\\\/#\\\/schema\\\/logo\\\/image\\\/\"},\"sameAs\":[\"https:\\\/\\\/www.facebook.com\\\/excelservices.biz\\\/\",\"https:\\\/\\\/www.linkedin.com\\\/company\\\/excel-services-inc-\\\/\"]}]}<\/script>\n<!-- \/ Yoast SEO plugin. -->","yoast_head_json":{"title":"Technology Service - Excel Services","robots":{"index":"index","follow":"follow","max-snippet":"max-snippet:-1","max-image-preview":"max-image-preview:large","max-video-preview":"max-video-preview:-1"},"canonical":"https:\/\/excelservices.biz\/es\/capabilities\/technology-service\/","og_locale":"es_MX","og_type":"article","og_title":"Technology Service - Excel Services","og_description":"Technology Service Because you can&#8217;t afford downtime, we&#8217;re always up. Telecommunications is the heart of effective communications between businesses, their customers, and their employees. Whether it&#8217;s a local call or a global video conference, reliable and fast data transmission via words, voice, audio, or video is essential. technology service experts As leaders in designing and&hellip;","og_url":"https:\/\/excelservices.biz\/es\/capabilities\/technology-service\/","og_site_name":"Excel Services","article_publisher":"https:\/\/www.facebook.com\/excelservices.biz\/","article_modified_time":"2022-05-19T12:47:33+00:00","og_image":[{"url":"https:\/\/excelservices.biz\/wp-content\/uploads\/2022\/05\/shutterstock_667100452-1.jpg","type":"","width":"","height":""}],"twitter_card":"summary_large_image","twitter_misc":{"Tiempo de lectura":"2 minutos"},"schema":{"@context":"https:\/\/schema.org","@graph":[{"@type":"WebPage","@id":"https:\/\/excelservices.biz\/capabilities\/technology-service\/","url":"https:\/\/excelservices.biz\/capabilities\/technology-service\/","name":"Technology Service - Excel Services","isPartOf":{"@id":"https:\/\/excelservices.biz\/#website"},"primaryImageOfPage":{"@id":"https:\/\/excelservices.biz\/capabilities\/technology-service\/#primaryimage"},"image":{"@id":"https:\/\/excelservices.biz\/capabilities\/technology-service\/#primaryimage"},"thumbnailUrl":"https:\/\/excelservices.biz\/wp-content\/uploads\/2022\/05\/shutterstock_667100452-1.jpg","datePublished":"2022-04-28T15:14:24+00:00","dateModified":"2022-05-19T12:47:33+00:00","breadcrumb":{"@id":"https:\/\/excelservices.biz\/capabilities\/technology-service\/#breadcrumb"},"inLanguage":"es","potentialAction":[{"@type":"ReadAction","target":["https:\/\/excelservices.biz\/capabilities\/technology-service\/"]}]},{"@type":"ImageObject","inLanguage":"es","@id":"https:\/\/excelservices.biz\/capabilities\/technology-service\/#primaryimage","url":"https:\/\/excelservices.biz\/wp-content\/uploads\/2022\/05\/shutterstock_667100452-1.jpg","contentUrl":"https:\/\/excelservices.biz\/wp-content\/uploads\/2022\/05\/shutterstock_667100452-1.jpg"},{"@type":"BreadcrumbList","@id":"https:\/\/excelservices.biz\/capabilities\/technology-service\/#breadcrumb","itemListElement":[{"@type":"ListItem","position":1,"name":"Home","item":"https:\/\/excelservices.biz\/"},{"@type":"ListItem","position":2,"name":"Capabilities","item":"https:\/\/excelservices.biz\/capabilities\/"},{"@type":"ListItem","position":3,"name":"Technology Service"}]},{"@type":"WebSite","@id":"https:\/\/excelservices.biz\/#website","url":"https:\/\/excelservices.biz\/","name":"Servicios de Excel","description":"","publisher":{"@id":"https:\/\/excelservices.biz\/#organization"},"potentialAction":[{"@type":"SearchAction","target":{"@type":"EntryPoint","urlTemplate":"https:\/\/excelservices.biz\/?s={search_term_string}"},"query-input":{"@type":"PropertyValueSpecification","valueRequired":true,"valueName":"search_term_string"}}],"inLanguage":"es"},{"@type":"Organization","@id":"https:\/\/excelservices.biz\/#organization","name":"Servicios de Excel","url":"https:\/\/excelservices.biz\/","logo":{"@type":"ImageObject","inLanguage":"es","@id":"https:\/\/excelservices.biz\/#\/schema\/logo\/image\/","url":"https:\/\/excelservices.biz\/wp-content\/uploads\/2022\/05\/cover.png","contentUrl":"https:\/\/excelservices.biz\/wp-content\/uploads\/2022\/05\/cover.png","width":1920,"height":1080,"caption":"Excel Services"},"image":{"@id":"https:\/\/excelservices.biz\/#\/schema\/logo\/image\/"},"sameAs":["https:\/\/www.facebook.com\/excelservices.biz\/","https:\/\/www.linkedin.com\/company\/excel-services-inc-\/"]}]}},"_links":{"self":[{"href":"https:\/\/excelservices.biz\/es\/wp-json\/wp\/v2\/pages\/474","targetHints":{"allow":["GET"]}}],"collection":[{"href":"https:\/\/excelservices.biz\/es\/wp-json\/wp\/v2\/pages"}],"about":[{"href":"https:\/\/excelservices.biz\/es\/wp-json\/wp\/v2\/types\/page"}],"author":[{"embeddable":true,"href":"https:\/\/excelservices.biz\/es\/wp-json\/wp\/v2\/users\/7"}],"replies":[{"embeddable":true,"href":"https:\/\/excelservices.biz\/es\/wp-json\/wp\/v2\/comments?post=474"}],"version-history":[{"count":4,"href":"https:\/\/excelservices.biz\/es\/wp-json\/wp\/v2\/pages\/474\/revisions"}],"predecessor-version":[{"id":835,"href":"https:\/\/excelservices.biz\/es\/wp-json\/wp\/v2\/pages\/474\/revisions\/835"}],"up":[{"embeddable":true,"href":"https:\/\/excelservices.biz\/es\/wp-json\/wp\/v2\/pages\/125"}],"wp:attachment":[{"href":"https:\/\/excelservices.biz\/es\/wp-json\/wp\/v2\/media?parent=474"}],"curies":[{"name":"wp","href":"https:\/\/api.w.org\/{rel}","templated":true}]}}