{"id":475,"date":"2022-04-28T11:14:24","date_gmt":"2022-04-28T15:14:24","guid":{"rendered":"https:\/\/excelservices.mysites.io\/capabilities\/dock-and-door\/"},"modified":"2022-05-19T08:49:00","modified_gmt":"2022-05-19T12:49:00","slug":"dock-and-door","status":"publish","type":"page","link":"https:\/\/excelservices.biz\/es\/capabilities\/dock-and-door\/","title":{"rendered":"Muelle y puerta"},"content":{"rendered":"<h1>\n\t\t\tMUELLE Y PUERTA\n\t\t<\/h1>\n<h3>\n\t\tSu camino hacia un sistema m\u00e1s seguro, m\u00e1s fiable y\n\t<\/h3>\n<h2>\n\t\tlugar de trabajo productivo\n\t<\/h2>\n\t<p>Es f\u00e1cil pasar por alto la importancia de los muelles de carga para las operaciones comerciales. Pero las zonas de muelles que no son seguras, que est\u00e1n mal dise\u00f1adas o que dependen de equipos anticuados pueden convertirse r\u00e1pidamente en el tal\u00f3n de Aquiles de una empresa.<\/p>\n\t<p>Lesiones a los trabajadores. Da\u00f1os en los equipos o productos. Amenazas a la seguridad que debilitan las cadenas de suministro. P\u00e9rdidas por robos. P\u00e9rdida de productividad por ineficacia: cada d\u00eda en todo el mundo, los muelles son escenarios de delitos contra la seguridad y la rentabilidad.<\/p>\n<h3>\n\t\tExperiencia en la mejora de la seguridad y la productividad para todos sus\n\t<\/h3>\n<h2>\n\t\tnecesidades de muelles y puertas\n\t<\/h2>\n\t<p>La ubicaci\u00f3n de Excel en un importante centro de distribuci\u00f3n norteamericano nos ha dado a\u00f1os de experiencia en el dise\u00f1o, la construcci\u00f3n y la mejora de puertas y muelles comerciales.<\/p>\n<p>Tanto si se trata de cumplir las normas de seguridad y salud, como de reducir el riesgo de responsabilidad civil, mejorar la fiabilidad de los equipos, proteger la cadena de suministro, reducir los robos, mejorar la seguridad, agilizar el tr\u00e1fico en los muelles para aumentar la productividad o ayudarle a ser m\u00e1s ecol\u00f3gico ahorrando energ\u00eda, Excel puede ayudarle a proteger a las personas, los productos y los beneficios.<\/p>\n\t\t\t\t<img loading=\"lazy\" decoding=\"async\" src=\"https:\/\/excelservices.biz\/wp-content\/uploads\/2022\/05\/shutterstock_667100452-1.jpg\" alt=\"shutterstock_667100452 (1)\" itemprop=\"image\" height=\"900\" width=\"1100\" title=\"shutterstock_667100452 (1)\" onerror=\"this.style.display='none'\"  \/>\n<h3>\n\t\tEXPERIENCIA y experiencia en\n\t<\/h3>\n<h2>\n\t\tServicios de dise\u00f1o, instalaci\u00f3n, mantenimiento y reparaci\u00f3n de muelles y puertas\n\t<\/h2>\n\t<p>Las capacidades incluyen:<\/p>\n\t<ul>\n<li>Soluciones de seguridad<\/li>\n<li>Soluciones de productividad y eficiencia<\/li>\n<li>Soluciones de seguridad<\/li>\n<li>Soluciones de conservaci\u00f3n de la energ\u00eda<\/li>\n<li>Equipamiento y productos especiales, incluyendo puertas de muelles y garajes comerciales, cortinas y rejillas, abrigos y sellos para muelles de carga, niveladores de muelles de carga, sistemas de retenci\u00f3n de veh\u00edculos y otros accesorios para muelles de carga<\/li>\n<li>Equipo de seguridad<\/li>\n<li>Soluciones de almacenamiento<\/li>\n<li>Reparaci\u00f3n y ajustes<\/li>\n<li>Programa de mantenimiento preventivo<\/li>\n<\/ul>\n<h3>\n\t\tEL SERVICIO DE EXCEL\n\t<\/h3>\n<h2>\n\t\tEXPERIENCIA\n\t<\/h2>\n\t\t\t\t<img loading=\"lazy\" decoding=\"async\" src=\"https:\/\/excelservices.biz\/wp-content\/uploads\/2022\/03\/icon-1.png\" alt=\"icon-1\" itemprop=\"image\" height=\"200\" width=\"200\" title=\"icono-1\" onerror=\"this.style.display='none'\"  \/>\n<h3>\n\t\tCapacidades personalizadas\n\t<\/h3>\n\t<p>Personas, equipos y servicios, alineados para crear los ambientes adecuados para sus operaciones.<\/p>\n\t\t\t\t<img loading=\"lazy\" decoding=\"async\" src=\"https:\/\/excelservices.biz\/wp-content\/uploads\/2022\/03\/icon-2.png\" alt=\"icon-2\" itemprop=\"image\" height=\"200\" width=\"200\" title=\"icono-2\" onerror=\"this.style.display='none'\"  \/>\n<h3>\n\t\tServicio ininterrumpido\n\t<\/h3>\n\t<p>Cuente con el servicio y apoyo continuo de nuestro equipo de profesionales capacitados para asegurar que su equipo se mantenga y funcione como debe. <\/p>\n\t\t\t\t<img loading=\"lazy\" decoding=\"async\" src=\"https:\/\/excelservices.biz\/wp-content\/uploads\/2022\/03\/icon-3.png\" alt=\"icon-3\" itemprop=\"image\" height=\"200\" width=\"200\" title=\"icono-3\" onerror=\"this.style.display='none'\"  \/>\n<h3>\n\t\tAsociaci\u00f3n \u00e1gil\n\t<\/h3>\n\t<p>Las cosas cambian. Como expertos en MEP y Mantenimiento de Instalaciones de Dise\u00f1o y Construcci\u00f3n, estaremos all\u00ed cuando ocurra.<\/p>\n<h3>\n\t\thablemos de su\n\t<\/h3>\n<h2>\n\t\tNecesidades de muelles y puertas\n\t<\/h2>\n\t<p>Soluciones inteligentes, instalaci\u00f3n y reparaci\u00f3n por parte de expertos, y mantenimiento informado e inteligente para mantener sus operaciones en marcha: vea c\u00f3mo los servicios de Excel Dock &amp; Door pueden hacer que su negocio sea m\u00e1s eficiente.<\/p>\n\t\t\t<a href=\"https:\/\/excelservices.biz\/es\/contact-us\/\" target=\"_self\" role=\"button\" rel=\"noopener\">\n\t\t\t\t\t\t\tContacto\n\t\t\t\t\t<\/a>","protected":false},"excerpt":{"rendered":"<p>DOCK &amp; DOOR Su camino hacia un lugar de trabajo m\u00e1s seguro, fiable y productivo Es f\u00e1cil pasar por alto la importancia de los muelles de carga para las operaciones empresariales. Pero las zonas de muelles que son inseguras, est\u00e1n mal dise\u00f1adas o se basan en equipos anticuados pueden convertirse r\u00e1pidamente en el tal\u00f3n de Aquiles de una empresa. Lesiones a los trabajadores. Da\u00f1os en los equipos o productos....<\/p>","protected":false},"author":7,"featured_media":0,"parent":125,"menu_order":19,"comment_status":"closed","ping_status":"closed","template":"","meta":{"_acf_changed":false,"_monsterinsights_skip_tracking":false,"_monsterinsights_sitenote_active":false,"_monsterinsights_sitenote_note":"","_monsterinsights_sitenote_category":0,"footnotes":""},"class_list":["post-475","page","type-page","status-publish","hentry"],"acf":[],"yoast_head":"<!-- This site is optimized with the Yoast SEO plugin v27.4 - https:\/\/yoast.com\/product\/yoast-seo-wordpress\/ -->\n<title>Dock and Door - Excel Services<\/title>\n<meta name=\"robots\" content=\"index, follow, max-snippet:-1, max-image-preview:large, max-video-preview:-1\" \/>\n<link rel=\"canonical\" href=\"https:\/\/excelservices.biz\/es\/capabilities\/dock-and-door\/\" \/>\n<meta property=\"og:locale\" content=\"es_MX\" \/>\n<meta property=\"og:type\" content=\"article\" \/>\n<meta property=\"og:title\" content=\"Dock and Door - Excel Services\" \/>\n<meta property=\"og:description\" content=\"DOCK &#038; DOOR Your way to a safer, more secure, more reliable and productive workplace It&#8217;s easy to overlook the importance of loading docks to business operations. But dock areas that are unsafe, poorly designed, or rely on outdated equipment can quickly become a company&#8217;s Achilles heel. Injury to workers. Damage to equipment or products.&hellip;\" \/>\n<meta property=\"og:url\" content=\"https:\/\/excelservices.biz\/es\/capabilities\/dock-and-door\/\" \/>\n<meta property=\"og:site_name\" content=\"Excel Services\" \/>\n<meta property=\"article:publisher\" content=\"https:\/\/www.facebook.com\/excelservices.biz\/\" \/>\n<meta property=\"article:modified_time\" content=\"2022-05-19T12:49:00+00:00\" \/>\n<meta property=\"og:image\" content=\"https:\/\/excelservices.biz\/wp-content\/uploads\/2022\/05\/shutterstock_667100452-1.jpg\" \/>\n<meta name=\"twitter:card\" content=\"summary_large_image\" \/>\n<meta name=\"twitter:label1\" content=\"Tiempo de lectura\" \/>\n\t<meta name=\"twitter:data1\" content=\"2 minutos\" \/>\n<script type=\"application\/ld+json\" class=\"yoast-schema-graph\">{\"@context\":\"https:\\\/\\\/schema.org\",\"@graph\":[{\"@type\":\"WebPage\",\"@id\":\"https:\\\/\\\/excelservices.biz\\\/capabilities\\\/dock-and-door\\\/\",\"url\":\"https:\\\/\\\/excelservices.biz\\\/capabilities\\\/dock-and-door\\\/\",\"name\":\"Dock and Door - Excel Services\",\"isPartOf\":{\"@id\":\"https:\\\/\\\/excelservices.biz\\\/#website\"},\"primaryImageOfPage\":{\"@id\":\"https:\\\/\\\/excelservices.biz\\\/capabilities\\\/dock-and-door\\\/#primaryimage\"},\"image\":{\"@id\":\"https:\\\/\\\/excelservices.biz\\\/capabilities\\\/dock-and-door\\\/#primaryimage\"},\"thumbnailUrl\":\"https:\\\/\\\/excelservices.biz\\\/wp-content\\\/uploads\\\/2022\\\/05\\\/shutterstock_667100452-1.jpg\",\"datePublished\":\"2022-04-28T15:14:24+00:00\",\"dateModified\":\"2022-05-19T12:49:00+00:00\",\"breadcrumb\":{\"@id\":\"https:\\\/\\\/excelservices.biz\\\/capabilities\\\/dock-and-door\\\/#breadcrumb\"},\"inLanguage\":\"es\",\"potentialAction\":[{\"@type\":\"ReadAction\",\"target\":[\"https:\\\/\\\/excelservices.biz\\\/capabilities\\\/dock-and-door\\\/\"]}]},{\"@type\":\"ImageObject\",\"inLanguage\":\"es\",\"@id\":\"https:\\\/\\\/excelservices.biz\\\/capabilities\\\/dock-and-door\\\/#primaryimage\",\"url\":\"https:\\\/\\\/excelservices.biz\\\/wp-content\\\/uploads\\\/2022\\\/05\\\/shutterstock_667100452-1.jpg\",\"contentUrl\":\"https:\\\/\\\/excelservices.biz\\\/wp-content\\\/uploads\\\/2022\\\/05\\\/shutterstock_667100452-1.jpg\"},{\"@type\":\"BreadcrumbList\",\"@id\":\"https:\\\/\\\/excelservices.biz\\\/capabilities\\\/dock-and-door\\\/#breadcrumb\",\"itemListElement\":[{\"@type\":\"ListItem\",\"position\":1,\"name\":\"Home\",\"item\":\"https:\\\/\\\/excelservices.biz\\\/\"},{\"@type\":\"ListItem\",\"position\":2,\"name\":\"Capabilities\",\"item\":\"https:\\\/\\\/excelservices.biz\\\/capabilities\\\/\"},{\"@type\":\"ListItem\",\"position\":3,\"name\":\"Dock and Door\"}]},{\"@type\":\"WebSite\",\"@id\":\"https:\\\/\\\/excelservices.biz\\\/#website\",\"url\":\"https:\\\/\\\/excelservices.biz\\\/\",\"name\":\"Excel Services\",\"description\":\"\",\"publisher\":{\"@id\":\"https:\\\/\\\/excelservices.biz\\\/#organization\"},\"potentialAction\":[{\"@type\":\"SearchAction\",\"target\":{\"@type\":\"EntryPoint\",\"urlTemplate\":\"https:\\\/\\\/excelservices.biz\\\/?s={search_term_string}\"},\"query-input\":{\"@type\":\"PropertyValueSpecification\",\"valueRequired\":true,\"valueName\":\"search_term_string\"}}],\"inLanguage\":\"es\"},{\"@type\":\"Organization\",\"@id\":\"https:\\\/\\\/excelservices.biz\\\/#organization\",\"name\":\"Excel Services\",\"url\":\"https:\\\/\\\/excelservices.biz\\\/\",\"logo\":{\"@type\":\"ImageObject\",\"inLanguage\":\"es\",\"@id\":\"https:\\\/\\\/excelservices.biz\\\/#\\\/schema\\\/logo\\\/image\\\/\",\"url\":\"https:\\\/\\\/excelservices.biz\\\/wp-content\\\/uploads\\\/2022\\\/05\\\/cover.png\",\"contentUrl\":\"https:\\\/\\\/excelservices.biz\\\/wp-content\\\/uploads\\\/2022\\\/05\\\/cover.png\",\"width\":1920,\"height\":1080,\"caption\":\"Excel Services\"},\"image\":{\"@id\":\"https:\\\/\\\/excelservices.biz\\\/#\\\/schema\\\/logo\\\/image\\\/\"},\"sameAs\":[\"https:\\\/\\\/www.facebook.com\\\/excelservices.biz\\\/\",\"https:\\\/\\\/www.linkedin.com\\\/company\\\/excel-services-inc-\\\/\"]}]}<\/script>\n<!-- \/ Yoast SEO plugin. -->","yoast_head_json":{"title":"Dock and Door - Excel Services","robots":{"index":"index","follow":"follow","max-snippet":"max-snippet:-1","max-image-preview":"max-image-preview:large","max-video-preview":"max-video-preview:-1"},"canonical":"https:\/\/excelservices.biz\/es\/capabilities\/dock-and-door\/","og_locale":"es_MX","og_type":"article","og_title":"Dock and Door - Excel Services","og_description":"DOCK &#038; DOOR Your way to a safer, more secure, more reliable and productive workplace It&#8217;s easy to overlook the importance of loading docks to business operations. But dock areas that are unsafe, poorly designed, or rely on outdated equipment can quickly become a company&#8217;s Achilles heel. Injury to workers. Damage to equipment or products.&hellip;","og_url":"https:\/\/excelservices.biz\/es\/capabilities\/dock-and-door\/","og_site_name":"Excel Services","article_publisher":"https:\/\/www.facebook.com\/excelservices.biz\/","article_modified_time":"2022-05-19T12:49:00+00:00","og_image":[{"url":"https:\/\/excelservices.biz\/wp-content\/uploads\/2022\/05\/shutterstock_667100452-1.jpg","type":"","width":"","height":""}],"twitter_card":"summary_large_image","twitter_misc":{"Tiempo de lectura":"2 minutos"},"schema":{"@context":"https:\/\/schema.org","@graph":[{"@type":"WebPage","@id":"https:\/\/excelservices.biz\/capabilities\/dock-and-door\/","url":"https:\/\/excelservices.biz\/capabilities\/dock-and-door\/","name":"Dock and Door - Excel Services","isPartOf":{"@id":"https:\/\/excelservices.biz\/#website"},"primaryImageOfPage":{"@id":"https:\/\/excelservices.biz\/capabilities\/dock-and-door\/#primaryimage"},"image":{"@id":"https:\/\/excelservices.biz\/capabilities\/dock-and-door\/#primaryimage"},"thumbnailUrl":"https:\/\/excelservices.biz\/wp-content\/uploads\/2022\/05\/shutterstock_667100452-1.jpg","datePublished":"2022-04-28T15:14:24+00:00","dateModified":"2022-05-19T12:49:00+00:00","breadcrumb":{"@id":"https:\/\/excelservices.biz\/capabilities\/dock-and-door\/#breadcrumb"},"inLanguage":"es","potentialAction":[{"@type":"ReadAction","target":["https:\/\/excelservices.biz\/capabilities\/dock-and-door\/"]}]},{"@type":"ImageObject","inLanguage":"es","@id":"https:\/\/excelservices.biz\/capabilities\/dock-and-door\/#primaryimage","url":"https:\/\/excelservices.biz\/wp-content\/uploads\/2022\/05\/shutterstock_667100452-1.jpg","contentUrl":"https:\/\/excelservices.biz\/wp-content\/uploads\/2022\/05\/shutterstock_667100452-1.jpg"},{"@type":"BreadcrumbList","@id":"https:\/\/excelservices.biz\/capabilities\/dock-and-door\/#breadcrumb","itemListElement":[{"@type":"ListItem","position":1,"name":"Home","item":"https:\/\/excelservices.biz\/"},{"@type":"ListItem","position":2,"name":"Capabilities","item":"https:\/\/excelservices.biz\/capabilities\/"},{"@type":"ListItem","position":3,"name":"Dock and Door"}]},{"@type":"WebSite","@id":"https:\/\/excelservices.biz\/#website","url":"https:\/\/excelservices.biz\/","name":"Servicios de Excel","description":"","publisher":{"@id":"https:\/\/excelservices.biz\/#organization"},"potentialAction":[{"@type":"SearchAction","target":{"@type":"EntryPoint","urlTemplate":"https:\/\/excelservices.biz\/?s={search_term_string}"},"query-input":{"@type":"PropertyValueSpecification","valueRequired":true,"valueName":"search_term_string"}}],"inLanguage":"es"},{"@type":"Organization","@id":"https:\/\/excelservices.biz\/#organization","name":"Servicios de Excel","url":"https:\/\/excelservices.biz\/","logo":{"@type":"ImageObject","inLanguage":"es","@id":"https:\/\/excelservices.biz\/#\/schema\/logo\/image\/","url":"https:\/\/excelservices.biz\/wp-content\/uploads\/2022\/05\/cover.png","contentUrl":"https:\/\/excelservices.biz\/wp-content\/uploads\/2022\/05\/cover.png","width":1920,"height":1080,"caption":"Excel Services"},"image":{"@id":"https:\/\/excelservices.biz\/#\/schema\/logo\/image\/"},"sameAs":["https:\/\/www.facebook.com\/excelservices.biz\/","https:\/\/www.linkedin.com\/company\/excel-services-inc-\/"]}]}},"_links":{"self":[{"href":"https:\/\/excelservices.biz\/es\/wp-json\/wp\/v2\/pages\/475","targetHints":{"allow":["GET"]}}],"collection":[{"href":"https:\/\/excelservices.biz\/es\/wp-json\/wp\/v2\/pages"}],"about":[{"href":"https:\/\/excelservices.biz\/es\/wp-json\/wp\/v2\/types\/page"}],"author":[{"embeddable":true,"href":"https:\/\/excelservices.biz\/es\/wp-json\/wp\/v2\/users\/7"}],"replies":[{"embeddable":true,"href":"https:\/\/excelservices.biz\/es\/wp-json\/wp\/v2\/comments?post=475"}],"version-history":[{"count":4,"href":"https:\/\/excelservices.biz\/es\/wp-json\/wp\/v2\/pages\/475\/revisions"}],"predecessor-version":[{"id":836,"href":"https:\/\/excelservices.biz\/es\/wp-json\/wp\/v2\/pages\/475\/revisions\/836"}],"up":[{"embeddable":true,"href":"https:\/\/excelservices.biz\/es\/wp-json\/wp\/v2\/pages\/125"}],"wp:attachment":[{"href":"https:\/\/excelservices.biz\/es\/wp-json\/wp\/v2\/media?parent=475"}],"curies":[{"name":"wp","href":"https:\/\/api.w.org\/{rel}","templated":true}]}}