{"id":5,"date":"2017-05-24T17:12:39","date_gmt":"2017-05-24T17:12:39","guid":{"rendered":"http:\/\/ctframework.wpengine.com\/?page_id=5"},"modified":"2026-03-12T13:19:44","modified_gmt":"2026-03-12T17:19:44","slug":"home","status":"publish","type":"page","link":"https:\/\/excelservices.biz\/es\/","title":{"rendered":"Inicio"},"content":{"rendered":"<h1>\n\t\t\t\t<strong>L\u00edderes de MEP<\/strong> DESDE <strong>la FUNDACION<\/strong>\n\t\t\t<\/h1>\n\t<p>Trabajo en equipo, integridad e innovaci\u00f3n, con confianza y satisfacci\u00f3n integrada. Para edificios que funcionan mejor, elige al socio que rinde mejor. Elige Excel.<\/p>\n\t\t\t<a href=\"https:\/\/excelservices.biz\/es\/contact-us\/\"  target=\"_self\">\n\t\t\t\t\t\t\tSolicitar un presupuesto\n\t\t\t\t\t<\/a>\n\t\t\t\tDirector of Construction and Service Logistics\n\t\t\t\t\t\t\tDirector of Construction and Service Logistics\n\t\t\t\t\t\t\t\t\t\t\t\t<img width=\"150\" height=\"150\" src=\"https:\/\/excelservices.biz\/wp-content\/uploads\/2024\/08\/ExcelPhotos-21-1-150x150.jpg\" alt=\"\" decoding=\"async\" loading=\"lazy\" \/>\n\t\t\t\tConstrucci\u00f3n\n\t\t\t\t\t\t\t\t\t\t\t\t<img width=\"150\" height=\"150\" src=\"https:\/\/excelservices.biz\/wp-content\/uploads\/2024\/08\/ExcelPhotos-14-150x150.jpg\" alt=\"\" decoding=\"async\" loading=\"lazy\" \/>\n\t\t\t\tMantenimiento industrial\n\t\t\t\t\t\t\t\t\t\t\t\t\t\t\t\t<img width=\"150\" height=\"150\" src=\"https:\/\/excelservices.biz\/wp-content\/uploads\/2024\/08\/ExcelPhotos-21-1-150x150.jpg\" alt=\"\" decoding=\"async\" loading=\"lazy\" \/>\n\t\t\t\t\t\t\tConstrucci\u00f3n\n\t\t<h3>\n\t\tPodemos\n\t<\/h3>\n\t\t<h2>\n\t\tElevate That Design\n\t<\/h2>\n\t<p>El plan de Excel de experiencia, innovaci\u00f3n y servicios integrados est\u00e1 probado para construir el \u00e9xito.<\/p>\n\t\t\t <p><a href=\"https:\/\/excelservices.biz\/es\/electrical-construction\/\">ELECTRICIDAD<\/a><\/p>\t\t\n\t\t\t <p><a href=\"https:\/\/excelservices.biz\/es\/mechanical-construction\/\">MEC\u00c1NICA<\/a><\/p>\t\t\n\t\t\t <p><a href=\"https:\/\/excelservices.biz\/es\/plumbing\/\">FONTANER\u00cdA<\/a><\/p>\t\t\n\t\t\t <p><a href=\"https:\/\/excelservices.biz\/es\/technology\/\">TECNOLOG\u00cdA<\/a><\/p>\t\t\n\t\t\t <p><a href=\"https:\/\/excelservices.biz\/es\/design-build\/\">DISE\u00d1O Y CONSTRUCCI\u00d3N<\/a><\/p>\t\t\n\t\t\t\t\t\t\t\t\t\t\t\t\t\t\t\t<img width=\"150\" height=\"150\" src=\"https:\/\/excelservices.biz\/wp-content\/uploads\/2024\/08\/ExcelPhotos-14-150x150.jpg\" alt=\"\" decoding=\"async\" loading=\"lazy\" \/>\n\t\t\t\t\t\t\tMantenimiento industrial\n\t\t<h3>\n\t\tMant\u00e9ngalo en funcionamiento\n\t<\/h3>\n\t\t<h2>\n\t\tSmoothly &#038; Safely\n\t<\/h2>\n\t<p>Si se trata de un equipo, necesita mantenimiento para preservar la seguridad y maximizar la eficiencia. Excel lo mantendr\u00e1 en funcionamiento como el d\u00eda que se puso en marcha.<\/p>\n\t\t\t <p><a href=\"https:\/\/excelservices.biz\/es\/electrical-service\/\">SERVICIO EL\u00c9CTRICO<\/a><\/p>\n\t\t\t <p><a href=\"https:\/\/excelservices.biz\/es\/mechanical-service\/\">SERVICIO MEC\u00c1NICO<\/a><\/p>\t\t\n\t\t\t <p><a href=\"https:\/\/excelservices.biz\/es\/plumbing-service\/\">FONTANER\u00cdA<\/a><\/p>\t\t\n\t\t\t <p><a href=\"https:\/\/excelservices.biz\/es\/technology-service\/\">TECNOLOG\u00cdA<\/a><\/p>\t\t\n\t\t\t <p><a href=\"https:\/\/excelservices.biz\/es\/dock-and-door\/\">MUELLE Y PUERTA<\/a><\/p>\t\t\n<h2>\n\t\t\tNuevas construcciones y mantenimiento de instalaciones\t<\/h2>\n\t<p>Nombrada \"Una de las empresas de m\u00e1s r\u00e1pido crecimiento de Estados Unidos\" por INC. Magazine en 2020, la reputaci\u00f3n de Excel Services se basa en d\u00e9cadas de dedicaci\u00f3n a las mejores soluciones.<\/p>\n<p>No importa lo que necesite, nuestra gama de servicios cubre todas las partes de cualquier instalaci\u00f3n, y nuestro experimentado equipo trabaja conjuntamente para ayudarle a ganar.<\/p>\n<figure itemscope itemtype=\"https:\/\/schema.org\/ImageObject\">\n\t\t\t\t<img decoding=\"async\" src=\"https:\/\/excelservices.biz\/wp-content\/uploads\/2022\/03\/icon-1.png\" alt=\"icon-1\" height=\"200\" width=\"200\" title=\"icono-1\" onerror=\"this.style.display='none'\" loading=\"lazy\" \/>\n\t<\/figure>\n<h3>\n\t\t\tCapacidades personalizadas\t<\/h3>\n\t<p>Personas, equipos y servicios, alineados para crear los ambientes adecuados para sus operaciones.<\/p>\n<figure itemscope itemtype=\"https:\/\/schema.org\/ImageObject\">\n\t\t\t\t<img decoding=\"async\" src=\"https:\/\/excelservices.biz\/wp-content\/uploads\/2022\/03\/icon-2.png\" alt=\"icon-2\" height=\"200\" width=\"200\" title=\"icono-2\" onerror=\"this.style.display='none'\" loading=\"lazy\" \/>\n\t<\/figure>\n<h3>\n\t\t\tServicio ininterrumpido\t<\/h3>\n\t<p>Cuente con el servicio y apoyo continuo de nuestro equipo de profesionales capacitados para asegurar que su equipo se mantenga y funcione como debe. <\/p>\n<figure itemscope itemtype=\"https:\/\/schema.org\/ImageObject\">\n\t\t\t\t<img decoding=\"async\" src=\"https:\/\/excelservices.biz\/wp-content\/uploads\/2022\/03\/icon-3.png\" alt=\"icon-3\" height=\"200\" width=\"200\" title=\"icono-3\" onerror=\"this.style.display='none'\" loading=\"lazy\" \/>\n\t<\/figure>\n<h3>\n\t\t\tAsociaci\u00f3n \u00e1gil\t<\/h3>\n\t<p>Las cosas cambian. Como expertos en MEP y Mantenimiento de Instalaciones de Dise\u00f1o y Construcci\u00f3n, estaremos all\u00ed cuando ocurra. <\/p>\n<h3>\n\t\t\tDestacado\t<\/h3>\n<h2>\n\t\t\tCartera de proyectos\t<\/h2>\n\t\t\t<a href=\"https:\/\/excelservices.biz\/es\/projects\/\"  target=\"_self\">\n\t\t\t\t\t\t\tVer todos los proyectos\n\t\t\t\t\t<\/a>\n<h3>\n\t\t\tNuestras acreditaciones\t<\/h3>\n\t<p>Con licencia en Kentucky y el sur de Indiana<\/p>\n\t\t\t\t\t\t<img decoding=\"async\" src=\"https:\/\/excelservices.biz\/wp-content\/uploads\/2022\/03\/logo-iec.png\" alt=\"IEC\" data-no-lazy=\"1\" \/>\t\t\t\t\t\n                            <p>IEC<\/p>\n\t\t\t\t\t\t<img decoding=\"async\" src=\"https:\/\/excelservices.biz\/wp-content\/uploads\/2022\/03\/logo-builders-exchange.png\" alt=\"Builders Exchange\" data-no-lazy=\"1\" \/>\t\t\t\t\t\n                            <p>Bolsa de constructores<\/p>\n\t\t\t\t\t\t<img decoding=\"async\" src=\"https:\/\/excelservices.biz\/wp-content\/uploads\/2022\/03\/logo-echl.png\" alt=\"ECHL\" data-no-lazy=\"1\" \/>\t\t\t\t\t\n                            <p>ECHL<\/p>\n\t\t\t\t\t\t<img decoding=\"async\" src=\"https:\/\/excelservices.biz\/wp-content\/uploads\/2022\/03\/logo-abc.png\" alt=\"ABC\" data-no-lazy=\"1\" \/>\t\t\t\t\t\n                            <p>ABC<\/p>\n\t\t\t\t\t\t<img decoding=\"async\" src=\"https:\/\/excelservices.biz\/wp-content\/uploads\/2022\/03\/logo-bbb.png\" alt=\"BBB\" data-no-lazy=\"1\" \/>\t\t\t\t\t\n                            <p>BBB<\/p>\n\t\t\t\t\t\t<img decoding=\"async\" src=\"https:\/\/excelservices.biz\/wp-content\/uploads\/2022\/03\/logo-gli.png\" alt=\"GLI\" data-no-lazy=\"1\" \/>\t\t\t\t\t\n                            <p>GLI<\/p>\n<h2>\n\t\t\tConstruye una gran carrera con nosotros\t<\/h2>\n\t<p>Tecnolog\u00eda punta. Un equipo de colaboraci\u00f3n que valora sus contribuciones. Liderazgo en la contrataci\u00f3n de MEP. Para una carrera que sigue subiendo de nivel, elija Excel.<\/p>\n\t\t\t<a href=\"https:\/\/excelservices.biz\/es\/careers\/\"  target=\"_self\">\n\t\t\t\t\t\t\tVer puestos y beneficios\n\t\t\t\t\t<\/a>\n\t\t\t\t\t\t\t\t\t<img loading=\"lazy\" decoding=\"async\" src=\"https:\/\/excelservices.biz\/wp-content\/uploads\/2022\/05\/Construction-Collage-copy.png\" alt=\"Construction Collage copy\" itemprop=\"image\" height=\"705\" width=\"1105\" srcset=\"https:\/\/excelservices.biz\/wp-content\/uploads\/2022\/05\/Construction-Collage-copy.png 1105w, https:\/\/excelservices.biz\/wp-content\/uploads\/2022\/05\/Construction-Collage-copy-300x191.png 300w, https:\/\/excelservices.biz\/wp-content\/uploads\/2022\/05\/Construction-Collage-copy-1024x653.png 1024w, https:\/\/excelservices.biz\/wp-content\/uploads\/2022\/05\/Construction-Collage-copy-768x490.png 768w\" sizes=\"auto, (max-width: 1105px) 100vw, 1105px\" title=\"Copia del collage de construcci\u00f3n\" onerror=\"this.style.display='none'\"  \/>\n<h3>\n\t\t\thablemos de su\t<\/h3>\n<h2>\n\t\t\tProyecto\t<\/h2>\n\t<p>No importa cu\u00e1l sea su proyecto, o en qu\u00e9 punto del proceso se encuentre, el equipo de Excel est\u00e1 aqu\u00ed para ayudarle a hacerlo bien. <\/p>\n\t\t\t<a href=\"https:\/\/excelservices.biz\/es\/contact-us\/\"  target=\"_self\">\n\t\t\t\t\t\t\tContacto\n\t\t\t\t\t<\/a>","protected":false},"excerpt":{"rendered":"<p>Leading MEP from the ground up Teamwork, integrity, and innovation, with confidence and satisfaction built in. For buildings that perform better, choose the partner who performs better. Choose Excel. Request a Quote Director of Construction and Service Logistics Director of Construction and Service Logistics Construction Industrial Maintenance Construction We can Elevate That Design The Excel&hellip;<\/p>","protected":false},"author":7,"featured_media":0,"parent":0,"menu_order":0,"comment_status":"closed","ping_status":"closed","template":"","meta":{"_acf_changed":false,"_monsterinsights_skip_tracking":false,"_monsterinsights_sitenote_active":false,"_monsterinsights_sitenote_note":"","_monsterinsights_sitenote_category":0,"footnotes":""},"class_list":["post-5","page","type-page","status-publish","hentry"],"acf":[],"yoast_head":"<!-- This site is optimized with the Yoast SEO plugin v27.4 - https:\/\/yoast.com\/product\/yoast-seo-wordpress\/ -->\n<title>Excel Services, Inc. | Your Full-Service Electrical, Mechanical, and Low-Voltage Contractor in Louisville, KY<\/title>\n<meta name=\"description\" content=\"Excel Services, Inc. is a full-service electrical, mechanical, and low-voltage contractor committed to the highest standards of professional integrity, performance, and cost-effective services for the benefit of our clients.\" \/>\n<meta name=\"robots\" content=\"index, follow, max-snippet:-1, max-image-preview:large, max-video-preview:-1\" \/>\n<link rel=\"canonical\" href=\"https:\/\/excelservices.biz\/es\/\" \/>\n<meta property=\"og:locale\" content=\"es_MX\" \/>\n<meta property=\"og:type\" content=\"article\" \/>\n<meta property=\"og:title\" content=\"Excel Services, Inc. | Your Full-Service Electrical, Mechanical, and Low-Voltage Contractor in Louisville, KY\" \/>\n<meta property=\"og:description\" content=\"Excel Services, Inc. is a full-service electrical, mechanical, and low-voltage contractor committed to the highest standards of professional integrity, performance, and cost-effective services for the benefit of our clients.\" \/>\n<meta property=\"og:url\" content=\"https:\/\/excelservices.biz\/es\/\" \/>\n<meta property=\"og:site_name\" content=\"Excel Services\" \/>\n<meta property=\"article:publisher\" content=\"https:\/\/www.facebook.com\/excelservices.biz\/\" \/>\n<meta property=\"article:modified_time\" content=\"2026-03-12T17:19:44+00:00\" \/>\n<meta property=\"og:image\" content=\"https:\/\/excelservices.biz\/wp-content\/uploads\/2024\/08\/ExcelPhotos-21-1-150x150.jpg\" \/>\n<meta name=\"twitter:card\" content=\"summary_large_image\" \/>\n<meta name=\"twitter:label1\" content=\"Tiempo de lectura\" \/>\n\t<meta name=\"twitter:data1\" content=\"6 minutos\" \/>\n<script type=\"application\/ld+json\" class=\"yoast-schema-graph\">{\"@context\":\"https:\\\/\\\/schema.org\",\"@graph\":[{\"@type\":\"WebPage\",\"@id\":\"https:\\\/\\\/excelservices.biz\\\/\",\"url\":\"https:\\\/\\\/excelservices.biz\\\/\",\"name\":\"Excel Services, Inc. | Your Full-Service Electrical, Mechanical, and Low-Voltage Contractor in Louisville, KY\",\"isPartOf\":{\"@id\":\"https:\\\/\\\/excelservices.biz\\\/#website\"},\"primaryImageOfPage\":{\"@id\":\"https:\\\/\\\/excelservices.biz\\\/#primaryimage\"},\"image\":{\"@id\":\"https:\\\/\\\/excelservices.biz\\\/#primaryimage\"},\"thumbnailUrl\":\"https:\\\/\\\/excelservices.biz\\\/wp-content\\\/uploads\\\/2024\\\/08\\\/ExcelPhotos-21-1-150x150.jpg\",\"datePublished\":\"2017-05-24T17:12:39+00:00\",\"dateModified\":\"2026-03-12T17:19:44+00:00\",\"description\":\"Excel Services, Inc. is a full-service electrical, mechanical, and low-voltage contractor committed to the highest standards of professional integrity, performance, and cost-effective services for the benefit of our clients.\",\"breadcrumb\":{\"@id\":\"https:\\\/\\\/excelservices.biz\\\/#breadcrumb\"},\"inLanguage\":\"es\",\"potentialAction\":[{\"@type\":\"ReadAction\",\"target\":[\"https:\\\/\\\/excelservices.biz\\\/\"]}]},{\"@type\":\"ImageObject\",\"inLanguage\":\"es\",\"@id\":\"https:\\\/\\\/excelservices.biz\\\/#primaryimage\",\"url\":\"https:\\\/\\\/excelservices.biz\\\/wp-content\\\/uploads\\\/2024\\\/08\\\/ExcelPhotos-21-1-150x150.jpg\",\"contentUrl\":\"https:\\\/\\\/excelservices.biz\\\/wp-content\\\/uploads\\\/2024\\\/08\\\/ExcelPhotos-21-1-150x150.jpg\"},{\"@type\":\"BreadcrumbList\",\"@id\":\"https:\\\/\\\/excelservices.biz\\\/#breadcrumb\",\"itemListElement\":[{\"@type\":\"ListItem\",\"position\":1,\"name\":\"Home\",\"item\":\"https:\\\/\\\/excelservices.biz\\\/\"},{\"@type\":\"ListItem\",\"position\":2,\"name\":\"Home\"}]},{\"@type\":\"WebSite\",\"@id\":\"https:\\\/\\\/excelservices.biz\\\/#website\",\"url\":\"https:\\\/\\\/excelservices.biz\\\/\",\"name\":\"Excel Services\",\"description\":\"\",\"publisher\":{\"@id\":\"https:\\\/\\\/excelservices.biz\\\/#organization\"},\"potentialAction\":[{\"@type\":\"SearchAction\",\"target\":{\"@type\":\"EntryPoint\",\"urlTemplate\":\"https:\\\/\\\/excelservices.biz\\\/?s={search_term_string}\"},\"query-input\":{\"@type\":\"PropertyValueSpecification\",\"valueRequired\":true,\"valueName\":\"search_term_string\"}}],\"inLanguage\":\"es\"},{\"@type\":\"Organization\",\"@id\":\"https:\\\/\\\/excelservices.biz\\\/#organization\",\"name\":\"Excel Services\",\"url\":\"https:\\\/\\\/excelservices.biz\\\/\",\"logo\":{\"@type\":\"ImageObject\",\"inLanguage\":\"es\",\"@id\":\"https:\\\/\\\/excelservices.biz\\\/#\\\/schema\\\/logo\\\/image\\\/\",\"url\":\"https:\\\/\\\/excelservices.biz\\\/wp-content\\\/uploads\\\/2022\\\/05\\\/cover.png\",\"contentUrl\":\"https:\\\/\\\/excelservices.biz\\\/wp-content\\\/uploads\\\/2022\\\/05\\\/cover.png\",\"width\":1920,\"height\":1080,\"caption\":\"Excel Services\"},\"image\":{\"@id\":\"https:\\\/\\\/excelservices.biz\\\/#\\\/schema\\\/logo\\\/image\\\/\"},\"sameAs\":[\"https:\\\/\\\/www.facebook.com\\\/excelservices.biz\\\/\",\"https:\\\/\\\/www.linkedin.com\\\/company\\\/excel-services-inc-\\\/\"]}]}<\/script>\n<!-- \/ Yoast SEO plugin. -->","yoast_head_json":{"title":"Excel Services, Inc. | Your Full-Service Electrical, Mechanical, and Low-Voltage Contractor in Louisville, KY","description":"Excel Services, Inc. is a full-service electrical, mechanical, and low-voltage contractor committed to the highest standards of professional integrity, performance, and cost-effective services for the benefit of our clients.","robots":{"index":"index","follow":"follow","max-snippet":"max-snippet:-1","max-image-preview":"max-image-preview:large","max-video-preview":"max-video-preview:-1"},"canonical":"https:\/\/excelservices.biz\/es\/","og_locale":"es_MX","og_type":"article","og_title":"Excel Services, Inc. | Your Full-Service Electrical, Mechanical, and Low-Voltage Contractor in Louisville, KY","og_description":"Excel Services, Inc. is a full-service electrical, mechanical, and low-voltage contractor committed to the highest standards of professional integrity, performance, and cost-effective services for the benefit of our clients.","og_url":"https:\/\/excelservices.biz\/es\/","og_site_name":"Excel Services","article_publisher":"https:\/\/www.facebook.com\/excelservices.biz\/","article_modified_time":"2026-03-12T17:19:44+00:00","og_image":[{"url":"https:\/\/excelservices.biz\/wp-content\/uploads\/2024\/08\/ExcelPhotos-21-1-150x150.jpg","type":"","width":"","height":""}],"twitter_card":"summary_large_image","twitter_misc":{"Tiempo de lectura":"6 minutos"},"schema":{"@context":"https:\/\/schema.org","@graph":[{"@type":"WebPage","@id":"https:\/\/excelservices.biz\/","url":"https:\/\/excelservices.biz\/","name":"Excel Services, Inc. | Your Full-Service Electrical, Mechanical, and Low-Voltage Contractor in Louisville, KY","isPartOf":{"@id":"https:\/\/excelservices.biz\/#website"},"primaryImageOfPage":{"@id":"https:\/\/excelservices.biz\/#primaryimage"},"image":{"@id":"https:\/\/excelservices.biz\/#primaryimage"},"thumbnailUrl":"https:\/\/excelservices.biz\/wp-content\/uploads\/2024\/08\/ExcelPhotos-21-1-150x150.jpg","datePublished":"2017-05-24T17:12:39+00:00","dateModified":"2026-03-12T17:19:44+00:00","description":"Excel Services, Inc. is a full-service electrical, mechanical, and low-voltage contractor committed to the highest standards of professional integrity, performance, and cost-effective services for the benefit of our clients.","breadcrumb":{"@id":"https:\/\/excelservices.biz\/#breadcrumb"},"inLanguage":"es","potentialAction":[{"@type":"ReadAction","target":["https:\/\/excelservices.biz\/"]}]},{"@type":"ImageObject","inLanguage":"es","@id":"https:\/\/excelservices.biz\/#primaryimage","url":"https:\/\/excelservices.biz\/wp-content\/uploads\/2024\/08\/ExcelPhotos-21-1-150x150.jpg","contentUrl":"https:\/\/excelservices.biz\/wp-content\/uploads\/2024\/08\/ExcelPhotos-21-1-150x150.jpg"},{"@type":"BreadcrumbList","@id":"https:\/\/excelservices.biz\/#breadcrumb","itemListElement":[{"@type":"ListItem","position":1,"name":"Home","item":"https:\/\/excelservices.biz\/"},{"@type":"ListItem","position":2,"name":"Home"}]},{"@type":"WebSite","@id":"https:\/\/excelservices.biz\/#website","url":"https:\/\/excelservices.biz\/","name":"Servicios de Excel","description":"","publisher":{"@id":"https:\/\/excelservices.biz\/#organization"},"potentialAction":[{"@type":"SearchAction","target":{"@type":"EntryPoint","urlTemplate":"https:\/\/excelservices.biz\/?s={search_term_string}"},"query-input":{"@type":"PropertyValueSpecification","valueRequired":true,"valueName":"search_term_string"}}],"inLanguage":"es"},{"@type":"Organization","@id":"https:\/\/excelservices.biz\/#organization","name":"Servicios de Excel","url":"https:\/\/excelservices.biz\/","logo":{"@type":"ImageObject","inLanguage":"es","@id":"https:\/\/excelservices.biz\/#\/schema\/logo\/image\/","url":"https:\/\/excelservices.biz\/wp-content\/uploads\/2022\/05\/cover.png","contentUrl":"https:\/\/excelservices.biz\/wp-content\/uploads\/2022\/05\/cover.png","width":1920,"height":1080,"caption":"Excel Services"},"image":{"@id":"https:\/\/excelservices.biz\/#\/schema\/logo\/image\/"},"sameAs":["https:\/\/www.facebook.com\/excelservices.biz\/","https:\/\/www.linkedin.com\/company\/excel-services-inc-\/"]}]}},"_links":{"self":[{"href":"https:\/\/excelservices.biz\/es\/wp-json\/wp\/v2\/pages\/5","targetHints":{"allow":["GET"]}}],"collection":[{"href":"https:\/\/excelservices.biz\/es\/wp-json\/wp\/v2\/pages"}],"about":[{"href":"https:\/\/excelservices.biz\/es\/wp-json\/wp\/v2\/types\/page"}],"author":[{"embeddable":true,"href":"https:\/\/excelservices.biz\/es\/wp-json\/wp\/v2\/users\/7"}],"replies":[{"embeddable":true,"href":"https:\/\/excelservices.biz\/es\/wp-json\/wp\/v2\/comments?post=5"}],"version-history":[{"count":17,"href":"https:\/\/excelservices.biz\/es\/wp-json\/wp\/v2\/pages\/5\/revisions"}],"predecessor-version":[{"id":1510,"href":"https:\/\/excelservices.biz\/es\/wp-json\/wp\/v2\/pages\/5\/revisions\/1510"}],"wp:attachment":[{"href":"https:\/\/excelservices.biz\/es\/wp-json\/wp\/v2\/media?parent=5"}],"curies":[{"name":"wp","href":"https:\/\/api.w.org\/{rel}","templated":true}]}}